{"id":755456,"date":"2025-08-28T06:40:10","date_gmt":"2025-08-28T03:40:10","guid":{"rendered":"https:\/\/roveyayinevi.com.tr\/index.php\/urun\/filistin-sorunu-ve-israil-uzerine\/"},"modified":"2026-04-16T03:08:45","modified_gmt":"2026-04-16T00:08:45","slug":"filistin-sorunu-ve-israil-uzerine","status":"publish","type":"product","link":"https:\/\/roveyayinevi.com.tr\/index.php\/urun\/filistin-sorunu-ve-israil-uzerine\/","title":{"rendered":"Filistin Sorunu ve \u0130srail \u00dczerine"},"content":{"rendered":"<p>Siyonistler Yahudili\u011fi, s\u0131n\u0131fsall\u0131\u011f\u0131 i\u00e7inde ele alm\u0131yorlar, tam tersine Yahudili\u011fi, homojen bir b\u00fct\u00fcn olarak topraks\u0131z, s\u0131n\u0131rlar a\u015f\u0131r\u0131 bir d\u00fcnya ulusu olarak kavr\u0131yorlard\u0131: s\u0131n\u0131flara ayr\u0131\u015fmam\u0131\u015f homojen bir yap\u0131y\u0131 ifade eden d\u00fcnya ulusu! Bu anlay\u0131\u015f\u0131n mant\u0131ksal sonucu \u015fuydu: Yahudi, ya\u015fad\u0131\u011f\u0131 \u00fclkede s\u0131n\u0131f m\u00fccadelesine kat\u0131lmamal\u0131, gelece\u011fini orada aramamal\u0131d\u0131r. Yahudi, gelece\u011fini Filistin&#8217;de aramal\u0131d\u0131r. Siyonist ideoloji, Yahudi sorununu Filistin&#8217;e g\u00f6\u00e7 ve g\u00f6\u00e7 eden Yahudilerden olu\u015fan bir Yahudi toplumu olu\u015fturmak ile \u00e7\u00f6zmeyi ama\u00e7lam\u0131\u015ft\u0131r. Ama Siyonizm, b\u00fct\u00fcn Yahudiler taraf\u0131ndan kabul edilmemi\u015ftir, benimsenmemi\u015ftir; evet Siyonizm Yahudi insan\u0131n\u0131 iki kampa b\u00f6lm\u00fc\u015ft\u00fcr. Siyonizm&#8217;in en keskin kar\u015f\u0131tlar\u0131 Talmud-Yahudileriydi. Bunlar, Yahudili\u011fi din olarak g\u00f6r\u00fcyorlard\u0131. Hitler&#8217;in iktidara gelmesinden sonra da Avrupal\u0131 Yahudilerin \u00f6nemli bir k\u0131sm\u0131 Siyonizm&#8217;e kar\u015f\u0131yd\u0131. Siyonistlerin ilk kongreleri de (Basel) farkl\u0131 ak\u0131mlar\u0131n \u015fiddetli m\u00fccadelesine sahne olmu\u015ftu. Bu kongrede Bat\u0131 ve Do\u011fu Avrupa Yahudi&#8217;leri aras\u0131ndaki fark g\u00f6r\u00fclm\u00fc\u015ft\u00fc. Siyonizm \u015funu diyordu: N\u00fcfusunun ezici \u00e7o\u011funlu\u011fu Yahudi olmayan toplumlarda Yahudiler, yabanc\u0131 v\u00fccudu; yabanc\u0131l\u0131\u011f\u0131 ifade ediyorlar. Bundan dolay\u0131 kurtulu\u015fu, Filistin&#8217;de Yahudi devletinin kurulmas\u0131nda aramal\u0131d\u0131rlar. Ama Filistin&#8217;e g\u00f6\u00e7, \u00fclkenin i\u015fgali ve ba\u011f\u0131ms\u0131z bir Yahudi toplumunun kurulmas\u0131; bu anlamda Siyonizm iki olmazsa olmazla kar\u015f\u0131 kar\u015f\u0131yayd\u0131: Birincisi: Yerli Arap n\u00fcfusun \u00fclkeyi terk etmeye zorlanmas\u0131; Filistin&#8217;in Araps\u0131zla\u015ft\u0131r\u0131lmas\u0131. \u0130kincisi: Emperyalizmle devaml\u0131l\u0131\u011f\u0131 olan ittifak; Siyonist amaca ula\u015f\u0131lmas\u0131 i\u00e7in g\u00fc\u00e7l\u00fc bir d\u0131\u015f g\u00fcc\u00fcn\/emperyalizmin siyasi, askeri ve ekonomik deste\u011fi ka\u00e7\u0131n\u0131lmazd\u0131. <\/p>\n","protected":false},"excerpt":{"rendered":"<p>Siyonistler Yahudili\u011fi, s\u0131n\u0131fsall\u0131\u011f\u0131 i\u00e7inde ele alm\u0131yorlar, tam tersine Yahudili\u011fi, homojen bir b\u00fct\u00fcn olarak topraks\u0131z, s\u0131n\u0131rlar a\u015f\u0131r\u0131 bir d\u00fcnya ulusu olarak kavr\u0131yorlard\u0131: s\u0131n\u0131flara ayr\u0131\u015fmam\u0131\u015f homojen bir yap\u0131y\u0131<span class=\"excerpt-hellip\"> [\u2026]<\/span><\/p>\n","protected":false},"featured_media":0,"template":"","meta":{"_monsterinsights_skip_tracking":false,"_monsterinsights_sitenote_active":false,"_monsterinsights_sitenote_note":"","_monsterinsights_sitenote_category":0},"product_brand":[],"product_cat":[12388],"product_tag":[],"class_list":{"0":"post-755456","1":"product","2":"type-product","3":"status-publish","5":"product_cat-felsefe","6":"pa_cilt-ciltsiz","7":"pa_tur-kitap","8":"pa_yayinevi-toz-yayinlari","9":"pa_yazar-ibrahim-okcuoglu","11":"first","12":"instock","13":"sale","14":"shipping-taxable","15":"purchasable","16":"product-type-simple"},"_links":{"self":[{"href":"https:\/\/roveyayinevi.com.tr\/index.php\/wp-json\/wp\/v2\/product\/755456","targetHints":{"allow":["GET"]}}],"collection":[{"href":"https:\/\/roveyayinevi.com.tr\/index.php\/wp-json\/wp\/v2\/product"}],"about":[{"href":"https:\/\/roveyayinevi.com.tr\/index.php\/wp-json\/wp\/v2\/types\/product"}],"wp:attachment":[{"href":"https:\/\/roveyayinevi.com.tr\/index.php\/wp-json\/wp\/v2\/media?parent=755456"}],"wp:term":[{"taxonomy":"product_brand","embeddable":true,"href":"https:\/\/roveyayinevi.com.tr\/index.php\/wp-json\/wp\/v2\/product_brand?post=755456"},{"taxonomy":"product_cat","embeddable":true,"href":"https:\/\/roveyayinevi.com.tr\/index.php\/wp-json\/wp\/v2\/product_cat?post=755456"},{"taxonomy":"product_tag","embeddable":true,"href":"https:\/\/roveyayinevi.com.tr\/index.php\/wp-json\/wp\/v2\/product_tag?post=755456"}],"curies":[{"name":"wp","href":"https:\/\/api.w.org\/{rel}","templated":true}]}}