{"id":755452,"date":"2025-08-28T06:40:02","date_gmt":"2025-08-28T03:40:02","guid":{"rendered":"https:\/\/roveyayinevi.com.tr\/index.php\/urun\/alerte-5\/"},"modified":"2026-04-16T03:08:45","modified_gmt":"2026-04-16T00:08:45","slug":"alerte-5","status":"publish","type":"product","link":"https:\/\/roveyayinevi.com.tr\/index.php\/urun\/alerte-5\/","title":{"rendered":"Alerte 5"},"content":{"rendered":"<p>Ter\u00f6r tehdidi uzay ajanslar\u0131n\u0131 \u00fcst d\u00fczey alarm seviyesine ge\u00e7irmeye mahk\u00fbm b\u0131rakt\u0131\u011f\u0131nda, g\u00f6revdeki astronotlar zor bir durumla kar\u015f\u0131 kar\u015f\u0131ya kal\u0131r. T\u00fcm ileti\u015fimin kesildi\u011fi Mars ke\u015fif \u00fcss\u00fcndeyse gerilim artmakta, herkes siper almaktad\u0131r.   <\/p>\n","protected":false},"excerpt":{"rendered":"<p>Ter\u00f6r tehdidi uzay ajanslar\u0131n\u0131 \u00fcst d\u00fczey alarm seviyesine ge\u00e7irmeye mahk\u00fbm b\u0131rakt\u0131\u011f\u0131nda, g\u00f6revdeki astronotlar zor bir durumla kar\u015f\u0131 kar\u015f\u0131ya kal\u0131r. T\u00fcm ileti\u015fimin kesildi\u011fi Mars ke\u015fif \u00fcss\u00fcndeyse gerilim<span class=\"excerpt-hellip\"> [\u2026]<\/span><\/p>\n","protected":false},"featured_media":0,"template":"","meta":{"_monsterinsights_skip_tracking":false,"_monsterinsights_sitenote_active":false,"_monsterinsights_sitenote_note":"","_monsterinsights_sitenote_category":0},"product_brand":[],"product_cat":[12416,12291],"product_tag":[],"class_list":{"0":"post-755452","1":"product","2":"type-product","3":"status-publish","5":"product_cat-cizgi-roman","6":"product_cat-edebiyat","7":"pa_cilt-ciltsiz","8":"pa_tur-kitap","9":"pa_yayinevi-kara-karga-yayinlari","10":"pa_yazar-max-de-radigues","12":"first","13":"instock","14":"sale","15":"shipping-taxable","16":"purchasable","17":"product-type-simple"},"_links":{"self":[{"href":"https:\/\/roveyayinevi.com.tr\/index.php\/wp-json\/wp\/v2\/product\/755452","targetHints":{"allow":["GET"]}}],"collection":[{"href":"https:\/\/roveyayinevi.com.tr\/index.php\/wp-json\/wp\/v2\/product"}],"about":[{"href":"https:\/\/roveyayinevi.com.tr\/index.php\/wp-json\/wp\/v2\/types\/product"}],"wp:attachment":[{"href":"https:\/\/roveyayinevi.com.tr\/index.php\/wp-json\/wp\/v2\/media?parent=755452"}],"wp:term":[{"taxonomy":"product_brand","embeddable":true,"href":"https:\/\/roveyayinevi.com.tr\/index.php\/wp-json\/wp\/v2\/product_brand?post=755452"},{"taxonomy":"product_cat","embeddable":true,"href":"https:\/\/roveyayinevi.com.tr\/index.php\/wp-json\/wp\/v2\/product_cat?post=755452"},{"taxonomy":"product_tag","embeddable":true,"href":"https:\/\/roveyayinevi.com.tr\/index.php\/wp-json\/wp\/v2\/product_tag?post=755452"}],"curies":[{"name":"wp","href":"https:\/\/api.w.org\/{rel}","templated":true}]}}