{"id":755450,"date":"2025-08-28T06:40:00","date_gmt":"2025-08-28T03:40:00","guid":{"rendered":"https:\/\/roveyayinevi.com.tr\/index.php\/urun\/bizans-maden-sanatinda-anikonik-tasvirler\/"},"modified":"2026-04-16T03:08:45","modified_gmt":"2026-04-16T00:08:45","slug":"bizans-maden-sanatinda-anikonik-tasvirler","status":"publish","type":"product","link":"https:\/\/roveyayinevi.com.tr\/index.php\/urun\/bizans-maden-sanatinda-anikonik-tasvirler\/","title":{"rendered":"Bizans Maden Sanat\u0131nda Anikonik Tasvirler"},"content":{"rendered":"<p>Uzman Sanat Tarih\u00e7isi Ay\u015fe Nur Y\u00fcceta\u015f, b\u00fcy\u00fck bir titizlikle y\u00fcr\u00fctt\u00fc\u011f\u00fc bu \u00e7al\u0131\u015fmas\u0131nda, Bizans d\u00fcnyas\u0131 maden sanat\u0131ndaki anikonik tasvirleri incelemi\u015f ve bu \u00f6rnekler ile Amasya M\u00fczesindeki \u00f6rnekleri kar\u015f\u0131la\u015ft\u0131rm\u0131\u015ft\u0131r. Kitapta, Bizans d\u00fcnyas\u0131nda yayg\u0131n olarak kullan\u0131lan semboller, k\u00f6kenleri ve alt guruplar\u0131 ayr\u0131nt\u0131l\u0131 olarak de\u011ferlendirilmi\u015ftir. Kitap bol resim ve zengin bir kaynak\u00e7a ile konuya ilgi duyanlar i\u00e7in bir ba\u015fucu kaynak niteli\u011findendir.  <\/p>\n","protected":false},"excerpt":{"rendered":"<p>Uzman Sanat Tarih\u00e7isi Ay\u015fe Nur Y\u00fcceta\u015f, b\u00fcy\u00fck bir titizlikle y\u00fcr\u00fctt\u00fc\u011f\u00fc bu \u00e7al\u0131\u015fmas\u0131nda, Bizans d\u00fcnyas\u0131 maden sanat\u0131ndaki anikonik tasvirleri incelemi\u015f ve bu \u00f6rnekler ile Amasya M\u00fczesindeki \u00f6rnekleri<span class=\"excerpt-hellip\"> [\u2026]<\/span><\/p>\n","protected":false},"featured_media":0,"template":"","meta":{"_monsterinsights_skip_tracking":false,"_monsterinsights_sitenote_active":false,"_monsterinsights_sitenote_note":"","_monsterinsights_sitenote_category":0},"product_brand":[],"product_cat":[12408,14197],"product_tag":[],"class_list":{"0":"post-755450","1":"product","2":"type-product","3":"status-publish","5":"product_cat-sanat","6":"product_cat-sanat-tarihi","7":"pa_cilt-ciltsiz","8":"pa_tur-kitap","9":"pa_yayinevi-myrina-yayinlari","10":"pa_yazar-ayse-nur-yucetas","12":"first","13":"instock","14":"sale","15":"shipping-taxable","16":"purchasable","17":"product-type-simple"},"_links":{"self":[{"href":"https:\/\/roveyayinevi.com.tr\/index.php\/wp-json\/wp\/v2\/product\/755450","targetHints":{"allow":["GET"]}}],"collection":[{"href":"https:\/\/roveyayinevi.com.tr\/index.php\/wp-json\/wp\/v2\/product"}],"about":[{"href":"https:\/\/roveyayinevi.com.tr\/index.php\/wp-json\/wp\/v2\/types\/product"}],"wp:attachment":[{"href":"https:\/\/roveyayinevi.com.tr\/index.php\/wp-json\/wp\/v2\/media?parent=755450"}],"wp:term":[{"taxonomy":"product_brand","embeddable":true,"href":"https:\/\/roveyayinevi.com.tr\/index.php\/wp-json\/wp\/v2\/product_brand?post=755450"},{"taxonomy":"product_cat","embeddable":true,"href":"https:\/\/roveyayinevi.com.tr\/index.php\/wp-json\/wp\/v2\/product_cat?post=755450"},{"taxonomy":"product_tag","embeddable":true,"href":"https:\/\/roveyayinevi.com.tr\/index.php\/wp-json\/wp\/v2\/product_tag?post=755450"}],"curies":[{"name":"wp","href":"https:\/\/api.w.org\/{rel}","templated":true}]}}