{"id":755445,"date":"2025-08-28T06:39:52","date_gmt":"2025-08-28T03:39:52","guid":{"rendered":"https:\/\/roveyayinevi.com.tr\/index.php\/urun\/denge\/"},"modified":"2026-04-08T03:16:22","modified_gmt":"2026-04-08T00:16:22","slug":"denge","status":"publish","type":"product","link":"https:\/\/roveyayinevi.com.tr\/index.php\/urun\/denge\/","title":{"rendered":"Denge"},"content":{"rendered":"<p>Renkler yaralar\u0131m\u0131n motiflerini olu\u015fturuyordu sadece. Ayr\u0131k otu olarak kapad\u0131\u011f\u0131m bo\u015fluklar\u0131n de\u011fersizli\u011finin nak\u015f\u0131. Beni bazen ger\u00e7eklere y\u00f6neltmeyi deneseydin anlard\u0131n belki fakat sana b\u00fcy\u00fck bir ac\u0131dan ba\u015fkas\u0131n\u0131 vermezdi. \u015eikayet\u00e7i gibi mi g\u00f6r\u00fcn\u00fcyorum, belki \u00f6yleyimdir, tay\u0131m\u0131n yelesini, nal\u0131n\u0131, m\u0131h\u0131n\u0131 bir kez daha g\u00f6remesem bile zahir olmayan\u0131 anlatt\u0131m.  \u0130nand\u0131\u011f\u0131n yalanlar\u0131m saklad\u0131\u011f\u0131m do\u011frular\u0131md\u0131. Kendi kendine s\u0131rr\u0131n kolay bellenen ihti\u015fam\u0131n\u0131 duyurdum benli\u011fime, senin hi\u00e7bir \u015feyi zahiren hissedememen uyu\u015fmu\u015f baca\u011f\u0131ma akan kanlar\u0131m\u0131n resitaliyken. K\u0131vranma s\u0131ras\u0131n\u0131 de\u011fi\u015ftirdi\u011fimizde k\u00fckremen ke\u015f zihnimin ta\u015fla\u015fmas\u0131yd\u0131. Ka\u00e7 insan tan\u0131d\u0131n ba\u015f\u0131n\u0131n \u00fcst\u00fcnde ta\u015f\u0131d\u0131\u011f\u0131 tabancay\u0131 bedenine zul g\u00f6ren. F\u0131trat\u0131n\u0131 sorgulad\u0131\u011f\u0131n hangi ya\u015fant\u0131 s\u00f6n\u00fcp giderken h\u00fclyalar\u0131m\u0131zdan dikizlenme umuduna ret olup \u015farj\u00f6re mermi s\u00fcrd\u00fc. Ben bilmiyorum hi\u00e7bir \u015feyi, \u015fimdi sen kan\u0131ksat bana renklerin kuvvetle muhtemel de\u011ferlerini.  <\/p>\n","protected":false},"excerpt":{"rendered":"<p>Renkler yaralar\u0131m\u0131n motiflerini olu\u015fturuyordu sadece. Ayr\u0131k otu olarak kapad\u0131\u011f\u0131m bo\u015fluklar\u0131n de\u011fersizli\u011finin nak\u015f\u0131. Beni bazen ger\u00e7eklere y\u00f6neltmeyi deneseydin anlard\u0131n belki fakat sana b\u00fcy\u00fck bir ac\u0131dan ba\u015fkas\u0131n\u0131 vermezdi.<span class=\"excerpt-hellip\"> [\u2026]<\/span><\/p>\n","protected":false},"featured_media":0,"template":"","meta":{"_monsterinsights_skip_tracking":false,"_monsterinsights_sitenote_active":false,"_monsterinsights_sitenote_note":"","_monsterinsights_sitenote_category":0},"product_brand":[],"product_cat":[12291,12711],"product_tag":[],"class_list":{"0":"post-755445","1":"product","2":"type-product","3":"status-publish","5":"product_cat-edebiyat","6":"product_cat-roman-oyku","7":"pa_cilt-ciltsiz","8":"pa_tur-kitap","9":"pa_yayinevi-myrina-yayinlari","10":"pa_yazar-emre-agcakoyunlu","12":"first","13":"instock","14":"sale","15":"shipping-taxable","16":"purchasable","17":"product-type-simple"},"_links":{"self":[{"href":"https:\/\/roveyayinevi.com.tr\/index.php\/wp-json\/wp\/v2\/product\/755445","targetHints":{"allow":["GET"]}}],"collection":[{"href":"https:\/\/roveyayinevi.com.tr\/index.php\/wp-json\/wp\/v2\/product"}],"about":[{"href":"https:\/\/roveyayinevi.com.tr\/index.php\/wp-json\/wp\/v2\/types\/product"}],"wp:attachment":[{"href":"https:\/\/roveyayinevi.com.tr\/index.php\/wp-json\/wp\/v2\/media?parent=755445"}],"wp:term":[{"taxonomy":"product_brand","embeddable":true,"href":"https:\/\/roveyayinevi.com.tr\/index.php\/wp-json\/wp\/v2\/product_brand?post=755445"},{"taxonomy":"product_cat","embeddable":true,"href":"https:\/\/roveyayinevi.com.tr\/index.php\/wp-json\/wp\/v2\/product_cat?post=755445"},{"taxonomy":"product_tag","embeddable":true,"href":"https:\/\/roveyayinevi.com.tr\/index.php\/wp-json\/wp\/v2\/product_tag?post=755445"}],"curies":[{"name":"wp","href":"https:\/\/api.w.org\/{rel}","templated":true}]}}