{"id":755444,"date":"2025-08-28T06:39:50","date_gmt":"2025-08-28T03:39:50","guid":{"rendered":"https:\/\/roveyayinevi.com.tr\/index.php\/urun\/turklesmek-islamlasmak-muasirlasmak-4\/"},"modified":"2026-04-16T03:08:45","modified_gmt":"2026-04-16T00:08:45","slug":"turklesmek-islamlasmak-muasirlasmak-4","status":"publish","type":"product","link":"https:\/\/roveyayinevi.com.tr\/index.php\/urun\/turklesmek-islamlasmak-muasirlasmak-4\/","title":{"rendered":"T\u00fcrkle\u015fmek, \u0130slamla\u015fmak, Muas\u0131rla\u015fmak"},"content":{"rendered":"<p>T\u00fcrkle\u015fmek, \u0130slamla\u015fmak, Muas\u0131rla\u015fmak, Ziya G\u00f6kalp\u2019in Balkan Sava\u015flar\u0131\u2019ndan sonra \u00e7e\u015fitli mecralarda yay\u0131mlad\u0131\u011f\u0131 yaz\u0131lar\u0131n\u0131 i\u00e7eren 1918\u2019de yay\u0131mlanm\u0131\u015f bir kitap olmakla birlikte, yazar\u0131n 1913-1914 y\u0131llar\u0131nda T\u00fcrk Yurdu ve \u0130slam mecmualar\u0131nda \u201cT\u00fcrkle\u015fmek, \u0130slamla\u015fmak, Muas\u0131rla\u015fmak\u201d \u00fcst ba\u015fl\u0131\u011f\u0131 alt\u0131nda yay\u0131mlad\u0131\u011f\u0131 yaz\u0131lar\u0131 da i\u00e7ermektedir. Kitap 11 b\u00f6l\u00fcmden olu\u015fur; her bir b\u00f6l\u00fcm Ziya G\u00f6kalp\u2019in ilgili konulardaki g\u00f6r\u00fc\u015flerinin \u00f6zetlendi\u011fi birer makaleden olu\u015fmaktad\u0131r. Eser ilk olarak 1918 y\u0131l\u0131nda Evkaf-\u0131 \u0130slamiye Matbaas\u0131&#8217;nda kitap olarak yay\u0131mlanm\u0131\u015ft\u0131r. <\/p>\n","protected":false},"excerpt":{"rendered":"<p>T\u00fcrkle\u015fmek, \u0130slamla\u015fmak, Muas\u0131rla\u015fmak, Ziya G\u00f6kalp\u2019in Balkan Sava\u015flar\u0131\u2019ndan sonra \u00e7e\u015fitli mecralarda yay\u0131mlad\u0131\u011f\u0131 yaz\u0131lar\u0131n\u0131 i\u00e7eren 1918\u2019de yay\u0131mlanm\u0131\u015f bir kitap olmakla birlikte, yazar\u0131n 1913-1914 y\u0131llar\u0131nda T\u00fcrk Yurdu ve \u0130slam<span class=\"excerpt-hellip\"> [\u2026]<\/span><\/p>\n","protected":false},"featured_media":0,"template":"","meta":{"_monsterinsights_skip_tracking":false,"_monsterinsights_sitenote_active":false,"_monsterinsights_sitenote_note":"","_monsterinsights_sitenote_category":0},"product_brand":[],"product_cat":[12777,12291],"product_tag":[],"class_list":{"0":"post-755444","1":"product","2":"type-product","3":"status-publish","5":"product_cat-deneme","6":"product_cat-edebiyat","7":"pa_cilt-ciltsiz","8":"pa_tur-kitap","9":"pa_yayinevi-myrina-yayinlari","10":"pa_yazar-ziya-gokalp","12":"first","13":"instock","14":"sale","15":"shipping-taxable","16":"purchasable","17":"product-type-simple"},"_links":{"self":[{"href":"https:\/\/roveyayinevi.com.tr\/index.php\/wp-json\/wp\/v2\/product\/755444","targetHints":{"allow":["GET"]}}],"collection":[{"href":"https:\/\/roveyayinevi.com.tr\/index.php\/wp-json\/wp\/v2\/product"}],"about":[{"href":"https:\/\/roveyayinevi.com.tr\/index.php\/wp-json\/wp\/v2\/types\/product"}],"wp:attachment":[{"href":"https:\/\/roveyayinevi.com.tr\/index.php\/wp-json\/wp\/v2\/media?parent=755444"}],"wp:term":[{"taxonomy":"product_brand","embeddable":true,"href":"https:\/\/roveyayinevi.com.tr\/index.php\/wp-json\/wp\/v2\/product_brand?post=755444"},{"taxonomy":"product_cat","embeddable":true,"href":"https:\/\/roveyayinevi.com.tr\/index.php\/wp-json\/wp\/v2\/product_cat?post=755444"},{"taxonomy":"product_tag","embeddable":true,"href":"https:\/\/roveyayinevi.com.tr\/index.php\/wp-json\/wp\/v2\/product_tag?post=755444"}],"curies":[{"name":"wp","href":"https:\/\/api.w.org\/{rel}","templated":true}]}}