{"id":755443,"date":"2025-08-28T06:39:48","date_gmt":"2025-08-28T03:39:48","guid":{"rendered":"https:\/\/roveyayinevi.com.tr\/index.php\/urun\/yeni-hayat-6\/"},"modified":"2026-04-16T03:08:45","modified_gmt":"2026-04-16T00:08:45","slug":"yeni-hayat-6","status":"publish","type":"product","link":"https:\/\/roveyayinevi.com.tr\/index.php\/urun\/yeni-hayat-6\/","title":{"rendered":"Yeni Hayat"},"content":{"rendered":"<p>Yeni Hayat, kitab\u0131yla Ziya G\u00f6kalp, halk\u0131 edebiyata y\u00f6nlendirme amac\u0131 ta\u015f\u0131yan gen\u00e7 edebiyat\u00e7\u0131lara bu fikirlerinin arkas\u0131nda oldu\u011funu hissettirmi\u015f ve Yeni Hayat hareketini benimseyen bir kitle olu\u015fturmu\u015ftur. Yeni Hayat Hareketi, ad\u0131ndan da anla\u015f\u0131laca\u011f\u0131 \u00fczere yeni bir toplumsal hayat hedefidir. Bu anlay\u0131\u015f, ba\u015fka bir uygarl\u0131\u011f\u0131 taklit etme amac\u0131 g\u00fctmez; b\u00fct\u00fcn birikimiyle, tarihi ve k\u00fclt\u00fcr\u00fcyle halka odaklanmay\u0131 ama\u00e7 edinmi\u015f ve bu amaca y\u00f6nelik hizmet edecek ayd\u0131nlara \u00f6nc\u00fcl\u00fck etmi\u015ftir. Makalelerinde Yeni Hayat fikri hakk\u0131nda d\u00fc\u015f\u00fcnd\u00fcklerini yazan G\u00f6kalp, 1918 y\u0131l\u0131nda hareketiyle ayn\u0131 ismi ta\u015f\u0131yan bu \u015fiir kitab\u0131n\u0131 \u201cYeni Mecmua\u201d isimli dergide yay\u0131nlam\u0131\u015ft\u0131r. <\/p>\n","protected":false},"excerpt":{"rendered":"<p>Yeni Hayat, kitab\u0131yla Ziya G\u00f6kalp, halk\u0131 edebiyata y\u00f6nlendirme amac\u0131 ta\u015f\u0131yan gen\u00e7 edebiyat\u00e7\u0131lara bu fikirlerinin arkas\u0131nda oldu\u011funu hissettirmi\u015f ve Yeni Hayat hareketini benimseyen bir kitle olu\u015fturmu\u015ftur. Yeni<span class=\"excerpt-hellip\"> [\u2026]<\/span><\/p>\n","protected":false},"featured_media":0,"template":"","meta":{"_monsterinsights_skip_tracking":false,"_monsterinsights_sitenote_active":false,"_monsterinsights_sitenote_note":"","_monsterinsights_sitenote_category":0},"product_brand":[],"product_cat":[12291,12509],"product_tag":[],"class_list":{"0":"post-755443","1":"product","2":"type-product","3":"status-publish","5":"product_cat-edebiyat","6":"product_cat-siir","7":"pa_cilt-ciltsiz","8":"pa_tur-kitap","9":"pa_yayinevi-myrina-yayinlari","10":"pa_yazar-ziya-gokalp","12":"first","13":"instock","14":"sale","15":"shipping-taxable","16":"purchasable","17":"product-type-simple"},"_links":{"self":[{"href":"https:\/\/roveyayinevi.com.tr\/index.php\/wp-json\/wp\/v2\/product\/755443","targetHints":{"allow":["GET"]}}],"collection":[{"href":"https:\/\/roveyayinevi.com.tr\/index.php\/wp-json\/wp\/v2\/product"}],"about":[{"href":"https:\/\/roveyayinevi.com.tr\/index.php\/wp-json\/wp\/v2\/types\/product"}],"wp:attachment":[{"href":"https:\/\/roveyayinevi.com.tr\/index.php\/wp-json\/wp\/v2\/media?parent=755443"}],"wp:term":[{"taxonomy":"product_brand","embeddable":true,"href":"https:\/\/roveyayinevi.com.tr\/index.php\/wp-json\/wp\/v2\/product_brand?post=755443"},{"taxonomy":"product_cat","embeddable":true,"href":"https:\/\/roveyayinevi.com.tr\/index.php\/wp-json\/wp\/v2\/product_cat?post=755443"},{"taxonomy":"product_tag","embeddable":true,"href":"https:\/\/roveyayinevi.com.tr\/index.php\/wp-json\/wp\/v2\/product_tag?post=755443"}],"curies":[{"name":"wp","href":"https:\/\/api.w.org\/{rel}","templated":true}]}}