{"id":755441,"date":"2025-08-28T06:39:45","date_gmt":"2025-08-28T03:39:45","guid":{"rendered":"https:\/\/roveyayinevi.com.tr\/index.php\/urun\/hitlerin-sirri\/"},"modified":"2026-04-16T03:08:45","modified_gmt":"2026-04-16T00:08:45","slug":"hitlerin-sirri","status":"publish","type":"product","link":"https:\/\/roveyayinevi.com.tr\/index.php\/urun\/hitlerin-sirri\/","title":{"rendered":"Hitlerin S\u0131rr\u0131"},"content":{"rendered":"<p>\u0130kinci d\u00fcnya sava\u015f\u0131; 60 milyon insan\u0131n trajik bir \u015fekilde ya\u015fam\u0131n\u0131 yitirdi\u011fi, sebepleri ve sonu\u00e7lar\u0131 itibariyle 20. Y\u00fczy\u0131l\u0131n en b\u00fcy\u00fck travmas\u0131\u2026 Adolf Hitler; bu b\u00fcy\u00fck travmadan sorumlu ba\u015f akt\u00f6r\u2026 Sava\u015f\u0131n alt yap\u0131s\u0131n\u0131 olu\u015fturan, planlayan, ba\u015flatan, s\u00fcrd\u00fcren ve y\u00f6neten ki\u015fi\u2026 Peki hi\u00e7 d\u00fc\u015f\u00fcnd\u00fck m\u00fc, bu trajik sava\u015f\u0131n planlay\u0131c\u0131s\u0131 olan Hitler, kendi toplumunu nas\u0131l ikna etti de b\u00fcy\u00fck ve g\u00fc\u00e7l\u00fc bir halk deste\u011fini arkas\u0131na alarak b\u00f6yle bir sava\u015f\u0131 nas\u0131l ba\u015flatt\u0131? \u201cBir toplumu sava\u015fa inand\u0131rmak\u201d temas\u0131 \u00fczerine in\u015fa edilen \u00e7al\u0131\u015fmam\u0131z yukar\u0131daki soruya mistik ve ezoterik boyuttan uzak, bilimsel bir d\u00fczlemde cevaplar ar\u0131yor. Bu nedenle eserde, insan psikolojisinin sava\u015f olgusuna kar\u015f\u0131 travmatik bir vaka olarak geli\u015ftirdi\u011fi bak\u0131\u015f a\u00e7\u0131s\u0131n\u0131 nas\u0131l olup da kabul edilebilir hatta istekli hale getirildi\u011fiyle ilgili \u00f6nemli sorular\u0131n da cevaplar\u0131n\u0131 bulaca\u011f\u0131n\u0131 d\u00fc\u015f\u00fcnmekteyiz. \u00b7         Tamamen insana \u00f6zg\u00fc ve sosyal birlik ve bir arada ya\u015famaya dair bir kavram olan ileti\u015fim, bir sava\u015f\u0131n nedeni ya da sava\u015f\u0131n \u00f6zendiricisi h\u00e2line d\u00f6n\u00fc\u015febilir mi? \u00b7         Ya da ileti\u015fim, i\u00e7inde yalanlarla dolu bir retori\u011fe d\u00f6n\u00fc\u015f\u00fcnce toplumlar daha m\u0131 kolay ikna edilir? \u00b7         Rasyonel ak\u0131lla vicdan, korku ve sevgi gibi temel vas\u0131flara sahip olmas\u0131 gereken insan, nas\u0131l olur da kendi t\u00fcr\u00fcne kar\u015f\u0131 nefret ve \u00f6ld\u00fcrme hissi ile canavarla\u015fabilir? \u00b7         \u0130nsan\u0131 ve toplumu korumak, g\u00fcvende tutmak i\u00e7in yarat\u0131lan bir organizasyon olan \u201cDevlet\u201d neden bir toplumu top yek\u00fbn feda eder? \u00b7         Yunan Tragedya ve Komedyas\u0131 ile ba\u015flayan g\u00fcn\u00fcm\u00fcz kitle ileti\u015fim ara\u00e7lar\u0131 ne kadar masum? \u00b7         Sava\u015f kutsal bir rit\u00fcel mi? Lanetli bir kirletilmi\u015flik mi? \u00b7         Bir toplum nas\u0131l bir kitlesel nefretin oda\u011f\u0131na d\u00f6n\u00fc\u015f\u00fcr? <\/p>\n","protected":false},"excerpt":{"rendered":"<p>\u0130kinci d\u00fcnya sava\u015f\u0131; 60 milyon insan\u0131n trajik bir \u015fekilde ya\u015fam\u0131n\u0131 yitirdi\u011fi, sebepleri ve sonu\u00e7lar\u0131 itibariyle 20. Y\u00fczy\u0131l\u0131n en b\u00fcy\u00fck travmas\u0131\u2026 Adolf Hitler; bu b\u00fcy\u00fck travmadan sorumlu<span class=\"excerpt-hellip\"> [\u2026]<\/span><\/p>\n","protected":false},"featured_media":0,"template":"","meta":{"_monsterinsights_skip_tracking":false,"_monsterinsights_sitenote_active":false,"_monsterinsights_sitenote_note":"","_monsterinsights_sitenote_category":0},"product_brand":[],"product_cat":[12370,12304],"product_tag":[],"class_list":{"0":"post-755441","1":"product","2":"type-product","3":"status-publish","5":"product_cat-arastirma-inceleme","6":"product_cat-tarih","7":"pa_cilt-ciltsiz","8":"pa_tur-kitap","9":"pa_yayinevi-kripto-basim-yayin","10":"pa_yazar-bora-iyiat","12":"first","13":"instock","14":"sale","15":"shipping-taxable","16":"purchasable","17":"product-type-simple"},"_links":{"self":[{"href":"https:\/\/roveyayinevi.com.tr\/index.php\/wp-json\/wp\/v2\/product\/755441","targetHints":{"allow":["GET"]}}],"collection":[{"href":"https:\/\/roveyayinevi.com.tr\/index.php\/wp-json\/wp\/v2\/product"}],"about":[{"href":"https:\/\/roveyayinevi.com.tr\/index.php\/wp-json\/wp\/v2\/types\/product"}],"wp:attachment":[{"href":"https:\/\/roveyayinevi.com.tr\/index.php\/wp-json\/wp\/v2\/media?parent=755441"}],"wp:term":[{"taxonomy":"product_brand","embeddable":true,"href":"https:\/\/roveyayinevi.com.tr\/index.php\/wp-json\/wp\/v2\/product_brand?post=755441"},{"taxonomy":"product_cat","embeddable":true,"href":"https:\/\/roveyayinevi.com.tr\/index.php\/wp-json\/wp\/v2\/product_cat?post=755441"},{"taxonomy":"product_tag","embeddable":true,"href":"https:\/\/roveyayinevi.com.tr\/index.php\/wp-json\/wp\/v2\/product_tag?post=755441"}],"curies":[{"name":"wp","href":"https:\/\/api.w.org\/{rel}","templated":true}]}}