{"id":755440,"date":"2025-08-28T06:39:44","date_gmt":"2025-08-28T03:39:44","guid":{"rendered":"https:\/\/roveyayinevi.com.tr\/index.php\/urun\/turk-dunyasinin-ilk-siyeri-kitab-i-siretunn-nebi-ciltli\/"},"modified":"2026-04-16T03:08:45","modified_gmt":"2026-04-16T00:08:45","slug":"turk-dunyasinin-ilk-siyeri-kitab-i-siretunn-nebi-ciltli","status":"publish","type":"product","link":"https:\/\/roveyayinevi.com.tr\/index.php\/urun\/turk-dunyasinin-ilk-siyeri-kitab-i-siretunn-nebi-ciltli\/","title":{"rendered":"T\u00fcrk D\u00fcnyas\u0131\u2019n\u0131n \u0130lk Siyeri &#8211; Kitab-\u0131 Siret\u00fcn&#8217;n &#8211; Nebi (Ciltli)"},"content":{"rendered":"<p>13. y\u00fczy\u0131lda do\u011fup bu y\u00fczy\u0131l\u0131n sonlar\u0131nda da do\u011fdu\u011fu b\u00f6lgede vefat ederek \u0130sferayin\u2019de defnedilen ve Hasano\u011flu mahlas\u0131 ile \u015fiirler yazan \u0130zzeddin \u0130sfer\u00e2yin\u00ee \/Asfar\u00e2yin\u00ee B\u00f6lgede ya\u015fayan T\u00fcrkler buraya \u201c\u0130sferayin\u201d, Farslar ise \u201cEsferayin\u201d demektedir \u00e7a\u011f\u0131n\u0131n me\u015fhur \u015fairlerinden biri olmu\u015ftur. \u00c7al\u0131\u015fma konusu olan bu eserin yaz\u0131ld\u0131\u011f\u0131 tarihten takriben 500 y\u0131l sonra istinsah edilmesi, kendi d\u00f6neminde ve daha sonralar baz\u0131 \u015fiirlerine nazireler yaz\u0131lmas\u0131 Hasano\u011flu\u2019nun b\u00fcy\u00fck bir \u015fair oldu\u011funu onaylamaktad\u0131r. Hasano\u011flu\u2019nun \u201cKit\u00e2b-\u0131 S\u00eeret\u00fc\u2019n-Neb\u00ee\u201d adl\u0131 bu eseri ad\u0131ndan da anla\u015f\u0131laca\u011f\u0131 \u00fczere Hz. Muhammed\u2019e ithaf edilmi\u015ftir. Eser, \u00fczerinde d\u00f6rt y\u0131l\u0131 a\u015fk\u0131n zaman \u00e7al\u0131\u015f\u0131larak yay\u0131na haz\u0131r h\u00e2le getirilmi\u015ftir. Eserin dil \u00f6zelli\u011fi, \u00fcslubu, konusu, gramer yap\u0131s\u0131, burada kullan\u0131lan atas\u00f6zleri, deyimler, ayetler, hadisler, dile getirilen tarih\u00ee olaylar ve daha bir\u00e7ok konuyla ilgili olarak ara\u015ft\u0131rmalar yap\u0131lacakt\u0131r <\/p>\n","protected":false},"excerpt":{"rendered":"<p>13. y\u00fczy\u0131lda do\u011fup bu y\u00fczy\u0131l\u0131n sonlar\u0131nda da do\u011fdu\u011fu b\u00f6lgede vefat ederek \u0130sferayin\u2019de defnedilen ve Hasano\u011flu mahlas\u0131 ile \u015fiirler yazan \u0130zzeddin \u0130sfer\u00e2yin\u00ee \/Asfar\u00e2yin\u00ee B\u00f6lgede ya\u015fayan T\u00fcrkler buraya<span class=\"excerpt-hellip\"> [\u2026]<\/span><\/p>\n","protected":false},"featured_media":0,"template":"","meta":{"_monsterinsights_skip_tracking":false,"_monsterinsights_sitenote_active":false,"_monsterinsights_sitenote_note":"","_monsterinsights_sitenote_category":0},"product_brand":[],"product_cat":[12324],"product_tag":[],"class_list":{"0":"post-755440","1":"product","2":"type-product","3":"status-publish","5":"product_cat-sosyoloji","6":"pa_cilt-ciltli","7":"pa_tur-kitap","8":"pa_yayinevi-altinordu-yayinlari","9":"pa_yazar-izzeddin-hasanoglu","11":"first","12":"instock","13":"sale","14":"shipping-taxable","15":"purchasable","16":"product-type-simple"},"_links":{"self":[{"href":"https:\/\/roveyayinevi.com.tr\/index.php\/wp-json\/wp\/v2\/product\/755440","targetHints":{"allow":["GET"]}}],"collection":[{"href":"https:\/\/roveyayinevi.com.tr\/index.php\/wp-json\/wp\/v2\/product"}],"about":[{"href":"https:\/\/roveyayinevi.com.tr\/index.php\/wp-json\/wp\/v2\/types\/product"}],"wp:attachment":[{"href":"https:\/\/roveyayinevi.com.tr\/index.php\/wp-json\/wp\/v2\/media?parent=755440"}],"wp:term":[{"taxonomy":"product_brand","embeddable":true,"href":"https:\/\/roveyayinevi.com.tr\/index.php\/wp-json\/wp\/v2\/product_brand?post=755440"},{"taxonomy":"product_cat","embeddable":true,"href":"https:\/\/roveyayinevi.com.tr\/index.php\/wp-json\/wp\/v2\/product_cat?post=755440"},{"taxonomy":"product_tag","embeddable":true,"href":"https:\/\/roveyayinevi.com.tr\/index.php\/wp-json\/wp\/v2\/product_tag?post=755440"}],"curies":[{"name":"wp","href":"https:\/\/api.w.org\/{rel}","templated":true}]}}