{"id":755439,"date":"2025-08-28T06:39:42","date_gmt":"2025-08-28T03:39:42","guid":{"rendered":"https:\/\/roveyayinevi.com.tr\/index.php\/urun\/mahur-beste\/"},"modified":"2026-04-16T03:08:45","modified_gmt":"2026-04-16T00:08:45","slug":"mahur-beste","status":"publish","type":"product","link":"https:\/\/roveyayinevi.com.tr\/index.php\/urun\/mahur-beste\/","title":{"rendered":"Mahur Beste"},"content":{"rendered":"<p>Mahur Beste, kahraman\u0131 Beh\u00e7et Bey\u2019i bir yerde b\u0131rak\u0131p bamba\u015fka ili\u015fkilerin a\u011f\u0131na a\u00e7\u0131lan hik\u00e2yesiyle, Tanp\u0131nar\u2019\u0131n, tamamlanmam\u0131\u015fl\u0131k \u00fczerine kurdu\u011fu evreninin ilk roman\u0131d\u0131r. Osmanl\u0131 toplumunun \u00e7\u00f6z\u00fcl\u00fc\u015f y\u0131llar\u0131n\u0131n krizlerini, katmanl\u0131 arka planlarla birbirine ba\u011flayan \u00f6zelli\u011fiyle, Tanp\u0131nar\u2019\u0131n b\u00fct\u00fcn romanlar\u0131n\u0131n yap\u0131s\u0131na ili\u015fkin i\u015faretler verir. Babalar ve o\u011fullar mitosundan hi\u00e7 de uzak d\u00fc\u015fmeyen b\u00fcrokrasi \u00e7at\u0131\u015fmalar\u0131n\u0131n ortas\u0131nda, k\u0131r\u0131k bir a\u015fk\u0131n ard\u0131ndan bestelenen Mahur Beste vard\u0131r. Tanp\u0131nar, bu bestenin ard\u0131ndaki trajik hik\u00e2yenin talihini daha sonra Huzur ve Sahnenin D\u0131\u015f\u0131ndakiler romanlar\u0131n\u0131n kahramanlar\u0131 \u00fczerinde bir hayalet gibi dola\u015ft\u0131racakt\u0131r. B\u00f6ylelikle, ne kahramanlar\u0131n hik\u00e2yesi orada son bulacakt\u0131r ne de i\u00e7ine do\u011fduklar\u0131 medeniyetin nihayete ermeyen a\u00e7mazlar\u0131\u2026Mahur Beste, bitmi\u015ftir; bitmeyen b\u00fct\u00fcn hik\u00e2yeler gibi\u2026<\/p>\n","protected":false},"excerpt":{"rendered":"<p>Mahur Beste, kahraman\u0131 Beh\u00e7et Bey\u2019i bir yerde b\u0131rak\u0131p bamba\u015fka ili\u015fkilerin a\u011f\u0131na a\u00e7\u0131lan hik\u00e2yesiyle, Tanp\u0131nar\u2019\u0131n, tamamlanmam\u0131\u015fl\u0131k \u00fczerine kurdu\u011fu evreninin ilk roman\u0131d\u0131r. Osmanl\u0131 toplumunun \u00e7\u00f6z\u00fcl\u00fc\u015f y\u0131llar\u0131n\u0131n krizlerini, katmanl\u0131<span class=\"excerpt-hellip\"> [\u2026]<\/span><\/p>\n","protected":false},"featured_media":0,"template":"","meta":{"_monsterinsights_skip_tracking":false,"_monsterinsights_sitenote_active":false,"_monsterinsights_sitenote_note":"","_monsterinsights_sitenote_category":0},"product_brand":[],"product_cat":[12291,12711],"product_tag":[],"class_list":{"0":"post-755439","1":"product","2":"type-product","3":"status-publish","5":"product_cat-edebiyat","6":"product_cat-roman-oyku","7":"pa_cilt-ciltsiz","8":"pa_tur-kitap","9":"pa_yayinevi-dergah-yayinlari","10":"pa_yazar-ahmet-hamdi-tanpinar","12":"first","13":"instock","14":"sale","15":"shipping-taxable","16":"purchasable","17":"product-type-simple"},"_links":{"self":[{"href":"https:\/\/roveyayinevi.com.tr\/index.php\/wp-json\/wp\/v2\/product\/755439","targetHints":{"allow":["GET"]}}],"collection":[{"href":"https:\/\/roveyayinevi.com.tr\/index.php\/wp-json\/wp\/v2\/product"}],"about":[{"href":"https:\/\/roveyayinevi.com.tr\/index.php\/wp-json\/wp\/v2\/types\/product"}],"wp:attachment":[{"href":"https:\/\/roveyayinevi.com.tr\/index.php\/wp-json\/wp\/v2\/media?parent=755439"}],"wp:term":[{"taxonomy":"product_brand","embeddable":true,"href":"https:\/\/roveyayinevi.com.tr\/index.php\/wp-json\/wp\/v2\/product_brand?post=755439"},{"taxonomy":"product_cat","embeddable":true,"href":"https:\/\/roveyayinevi.com.tr\/index.php\/wp-json\/wp\/v2\/product_cat?post=755439"},{"taxonomy":"product_tag","embeddable":true,"href":"https:\/\/roveyayinevi.com.tr\/index.php\/wp-json\/wp\/v2\/product_tag?post=755439"}],"curies":[{"name":"wp","href":"https:\/\/api.w.org\/{rel}","templated":true}]}}