{"id":755438,"date":"2025-08-28T06:39:41","date_gmt":"2025-08-28T03:39:41","guid":{"rendered":"https:\/\/roveyayinevi.com.tr\/index.php\/urun\/2024-astrosifa-ajandasi\/"},"modified":"2026-04-16T03:08:45","modified_gmt":"2026-04-16T00:08:45","slug":"2024-astrosifa-ajandasi","status":"publish","type":"product","link":"https:\/\/roveyayinevi.com.tr\/index.php\/urun\/2024-astrosifa-ajandasi\/","title":{"rendered":"2024 Astro\u015fifa Ajandas\u0131"},"content":{"rendered":"<p>Hayat\u0131n bazen ne kadar da karma\u015f\u0131k oldu\u011funu biliyoruz. Ancak, baz\u0131 \u015feyleri de\u011fi\u015ftiremeyece\u011fimizi kabul etmek ve enerjimizi onlara harcamak yerine, daha mutlu bir gelecek i\u00e7in ad\u0131m atmak daha mant\u0131kl\u0131 de\u011fil mi? \u00d6ncelikle, karanl\u0131kta kaybolup gitmek yerine \u0131\u015f\u0131\u011fa sar\u0131lman\u0131n \u00f6nemini bu ajanda ile anlatmak istiyorum. I\u015f\u0131\u011f\u0131n sonsuza kadar s\u00fcrmeyece\u011fini biliyoruz, ancak bu demek de\u011fil ki ondan zevk almayal\u0131m! Kendimize ve \u00e7evremizdeki g\u00fczelliklere odaklanarak hayat\u0131n tad\u0131n\u0131 \u00e7\u0131karabiliriz. 2024 senesi Kader D\u00fc\u011f\u00fcmleri Ko\u00e7 ve Terazi burcunda olacak. Bu y\u0131l bize farkl\u0131 mesajlar verecek. Mesela en \u00f6nemlisi G\u00fcney Ay D\u00fc\u011f\u00fcm\u00fc\u2019n\u00fcn Terazi burcunda ilerleyecek olmas\u0131 sana, \u201cSeni yoran ve mutsuz eden insanlar\u0131n davran\u0131\u015flar\u0131na s\u00fcrekli bir k\u0131l\u0131f arama \u00e7abas\u0131n\u0131 bir kenara b\u0131rakmal\u0131s\u0131n,\u201d derken, Kuzey Ay D\u00fc\u011f\u00fcm\u00fc\u2019n\u00fcn Ko\u00e7 burcunda olmas\u0131 sana \u201cKurban rol\u00fcn\u00fc se\u00e7mek yerine kontrol\u00fc elinde tutmak i\u00e7in cesur ad\u0131mlar atmal\u0131s\u0131n,\u201d mesaj\u0131n\u0131 veriyor. 2024 senesi ili\u015fkilerimizi yeniden g\u00f6zden ge\u00e7irdi\u011fimiz ve art\u0131k kiminle yola devam edece\u011fimizi \u00e7ok net g\u00f6rece\u011fimiz bir sene olacak. Kendine de\u011fer veren insanlar\u0131n etraf\u0131nda olmay\u0131 tercih et ve hayat\u0131n\u0131 daha pozitif bir \u015fekilde \u015fekillendir. Hayatta zorluklar olabilir, ancak onlar\u0131 a\u015fabilecek g\u00fcc\u00fcn de senin i\u00e7inde oldu\u011funu unutma. I\u015f\u0131\u011f\u0131n\u0131 s\u00f6nd\u00fcrmeye \u00e7al\u0131\u015fan karanl\u0131klara kar\u015f\u0131 dur ve kendi \u0131\u015f\u0131\u011f\u0131n\u0131 parlat! Ajandan\u0131 asla yan\u0131ndan ay\u0131rma! Bil ki en zor ve en mutlu an\u0131nda mesajlar\u0131n\u0131 ondan alacaks\u0131n. <\/p>\n","protected":false},"excerpt":{"rendered":"<p>Hayat\u0131n bazen ne kadar da karma\u015f\u0131k oldu\u011funu biliyoruz. Ancak, baz\u0131 \u015feyleri de\u011fi\u015ftiremeyece\u011fimizi kabul etmek ve enerjimizi onlara harcamak yerine, daha mutlu bir gelecek i\u00e7in ad\u0131m atmak<span class=\"excerpt-hellip\"> [\u2026]<\/span><\/p>\n","protected":false},"featured_media":0,"template":"","meta":{"_monsterinsights_skip_tracking":false,"_monsterinsights_sitenote_active":false,"_monsterinsights_sitenote_note":"","_monsterinsights_sitenote_category":0},"product_brand":[],"product_cat":[18082,15563],"product_tag":[],"class_list":{"0":"post-755438","1":"product","2":"type-product","3":"status-publish","5":"product_cat-astroloji-fal-ruya","6":"product_cat-hobi","7":"pa_cilt-ciltsiz","8":"pa_tur-kitap","9":"pa_yayinevi-inkilap-kitabevi","10":"pa_yazar-aygul-aydin","12":"first","13":"instock","14":"sale","15":"shipping-taxable","16":"purchasable","17":"product-type-simple"},"_links":{"self":[{"href":"https:\/\/roveyayinevi.com.tr\/index.php\/wp-json\/wp\/v2\/product\/755438","targetHints":{"allow":["GET"]}}],"collection":[{"href":"https:\/\/roveyayinevi.com.tr\/index.php\/wp-json\/wp\/v2\/product"}],"about":[{"href":"https:\/\/roveyayinevi.com.tr\/index.php\/wp-json\/wp\/v2\/types\/product"}],"wp:attachment":[{"href":"https:\/\/roveyayinevi.com.tr\/index.php\/wp-json\/wp\/v2\/media?parent=755438"}],"wp:term":[{"taxonomy":"product_brand","embeddable":true,"href":"https:\/\/roveyayinevi.com.tr\/index.php\/wp-json\/wp\/v2\/product_brand?post=755438"},{"taxonomy":"product_cat","embeddable":true,"href":"https:\/\/roveyayinevi.com.tr\/index.php\/wp-json\/wp\/v2\/product_cat?post=755438"},{"taxonomy":"product_tag","embeddable":true,"href":"https:\/\/roveyayinevi.com.tr\/index.php\/wp-json\/wp\/v2\/product_tag?post=755438"}],"curies":[{"name":"wp","href":"https:\/\/api.w.org\/{rel}","templated":true}]}}