{"id":755437,"date":"2025-08-28T06:39:40","date_gmt":"2025-08-28T03:39:40","guid":{"rendered":"https:\/\/roveyayinevi.com.tr\/index.php\/urun\/kisa-yunan-mitolojisi-renkli-baski\/"},"modified":"2026-04-16T03:08:45","modified_gmt":"2026-04-16T00:08:45","slug":"kisa-yunan-mitolojisi-renkli-baski","status":"publish","type":"product","link":"https:\/\/roveyayinevi.com.tr\/index.php\/urun\/kisa-yunan-mitolojisi-renkli-baski\/","title":{"rendered":"K\u0131sa Yunan Mitolojisi (Renkli Bask\u0131)"},"content":{"rendered":"<p>Hestia, Dionysos ve Poseidon. Herakles, Perseus ve \u0130ason. Scylla, Sphinx ve Medusa. Bu isimler hep kar\u015f\u0131n\u0131za \u00e7\u0131k\u0131yor ama karakterlerin \u00f6zelliklerini, ba\u015flar\u0131ndan hangi olaylar\u0131n ge\u00e7ti\u011fini, kimlerin birbiriyle iyi ge\u00e7indi\u011fini, kimlerin birbiriyle kavgal\u0131 oldu\u011funu, kimin hangi sembol\u00fc ta\u015f\u0131d\u0131\u011f\u0131n\u0131 hat\u0131rlayam\u0131yorsunuz. K\u0131sa Yunan Mitolojisi Yunan mitlerinde ad\u0131 ge\u00e7en tanr\u0131lar, tanr\u0131\u00e7alar, kahramanlar ve canavarlar hakk\u0131nda size kolayca akl\u0131n\u0131zda tutabilece\u011finiz bilgiler veriyor. Kitab\u0131 s\u00fcsleyen renkli resimler de her karakterin ba\u015frol\u00fc oynad\u0131\u011f\u0131 en \u00f6nemli Yunan mitlerini okurken olaylar\u0131 zihninizde canland\u0131rman\u0131za yard\u0131mc\u0131 oluyor. Yunan mitolojisinde kim kimdir, art\u0131k bu konuya tam olarak v\u00e2k\u0131f olacaks\u0131n\u0131z! <\/p>\n","protected":false},"excerpt":{"rendered":"<p>Hestia, Dionysos ve Poseidon. Herakles, Perseus ve \u0130ason. Scylla, Sphinx ve Medusa. Bu isimler hep kar\u015f\u0131n\u0131za \u00e7\u0131k\u0131yor ama karakterlerin \u00f6zelliklerini, ba\u015flar\u0131ndan hangi olaylar\u0131n ge\u00e7ti\u011fini, kimlerin birbiriyle<span class=\"excerpt-hellip\"> [\u2026]<\/span><\/p>\n","protected":false},"featured_media":0,"template":"","meta":{"_monsterinsights_skip_tracking":false,"_monsterinsights_sitenote_active":false,"_monsterinsights_sitenote_note":"","_monsterinsights_sitenote_category":0},"product_brand":[],"product_cat":[12718,12858],"product_tag":[],"class_list":{"0":"post-755437","1":"product","2":"type-product","3":"status-publish","5":"product_cat-din","6":"product_cat-mitolojiler","7":"pa_cilt-ciltsiz","8":"pa_tur-kitap","9":"pa_yayinevi-say-yayinlari","10":"pa_yazar-liv-albert","12":"first","13":"instock","14":"sale","15":"shipping-taxable","16":"purchasable","17":"product-type-simple"},"_links":{"self":[{"href":"https:\/\/roveyayinevi.com.tr\/index.php\/wp-json\/wp\/v2\/product\/755437","targetHints":{"allow":["GET"]}}],"collection":[{"href":"https:\/\/roveyayinevi.com.tr\/index.php\/wp-json\/wp\/v2\/product"}],"about":[{"href":"https:\/\/roveyayinevi.com.tr\/index.php\/wp-json\/wp\/v2\/types\/product"}],"wp:attachment":[{"href":"https:\/\/roveyayinevi.com.tr\/index.php\/wp-json\/wp\/v2\/media?parent=755437"}],"wp:term":[{"taxonomy":"product_brand","embeddable":true,"href":"https:\/\/roveyayinevi.com.tr\/index.php\/wp-json\/wp\/v2\/product_brand?post=755437"},{"taxonomy":"product_cat","embeddable":true,"href":"https:\/\/roveyayinevi.com.tr\/index.php\/wp-json\/wp\/v2\/product_cat?post=755437"},{"taxonomy":"product_tag","embeddable":true,"href":"https:\/\/roveyayinevi.com.tr\/index.php\/wp-json\/wp\/v2\/product_tag?post=755437"}],"curies":[{"name":"wp","href":"https:\/\/api.w.org\/{rel}","templated":true}]}}