{"id":755435,"date":"2025-08-28T06:39:36","date_gmt":"2025-08-28T03:39:36","guid":{"rendered":"https:\/\/roveyayinevi.com.tr\/index.php\/urun\/baslangictan-bugune-sanatin-oykusu-renkli-baski\/"},"modified":"2026-04-16T03:08:44","modified_gmt":"2026-04-16T00:08:44","slug":"baslangictan-bugune-sanatin-oykusu-renkli-baski","status":"publish","type":"product","link":"https:\/\/roveyayinevi.com.tr\/index.php\/urun\/baslangictan-bugune-sanatin-oykusu-renkli-baski\/","title":{"rendered":"Ba\u015flang\u0131\u00e7tan Bugu\u0308ne Sanat\u0131n \u00d6yku\u0308su\u0308 (Renkli bask\u0131)"},"content":{"rendered":"<p>\u0130nsanlar neden sanat eserleri yarat\u0131r? 40.000 y\u0131l \u00f6nce ya\u015fam\u0131\u015f insanlar\u0131n ma\u011fara duvarlar\u0131na resim yapmas\u0131n\u0131 sa\u011flayan i\u00e7g\u00fcd\u00fcy\u00fc nas\u0131l a\u00e7\u0131klayabiliriz? Peki g\u00fcn\u00fcm\u00fczdeki \u00e7a\u011fda\u015f sanat galerilerinde sergilenen eserlerde ayn\u0131 ilham\u0131n etkisi oldu\u011funu s\u00f6yleyebilir miyiz? D\u00fcnyadaki t\u00fcm co\u011frafyalarda, tarihin her an\u0131nda imge yaratman\u0131n ard\u0131nda m\u00fcthi\u015f bir kaynak vard\u0131r, o da insan\u0131n do\u011fayla kar\u015f\u0131la\u015fmas\u0131d\u0131r. \u0130\u015fte Ba\u015flang\u0131\u00e7tan Bug\u00fcne Sanat\u0131n \u00d6yk\u00fcs\u00fc, nas\u0131l d\u00fc\u015f\u00fcnd\u00fc\u011f\u00fcm\u00fcz\u00fc ve do\u011fayla nas\u0131l bir ili\u015fki kurdu\u011fumuzu g\u00f6steren sanat eserlerinden yola \u00e7\u0131karak d\u00fcnya sanat\u0131na kapsaml\u0131 bir yakla\u015f\u0131m getiriyor. Sanat ele\u015ftirmeni, tarih\u00e7i ve k\u00fcrat\u00f6r John-Paul Stonard\u2019\u0131n titiz bir ara\u015ft\u0131rmas\u0131n\u0131n \u00fcr\u00fcn\u00fc olan bu kitap, Paleolitik \u00c7a\u011f\u2019\u0131n en eski kaya resimlerinden g\u00fcn\u00fcm\u00fcz\u00fcn kavramsal sanat\u0131na kadar \u00f6nemli sanat eserlerini ve onlar\u0131n \u00f6yk\u00fcs\u00fcn\u00fc yeni bir yolda ke\u015ffetmeye \u00e7a\u011f\u0131ran heyecan verici bir \u00e7al\u0131\u015fma.   \u201cErnst Gombrich\u2019in efsanevi eseri Sanat\u0131n \u00d6yk\u00fcs\u00fc\u2019n\u00fcn yerini alacak k\u0131ymetli bir kitap.\u201d \u2014Sunday Times<\/p>\n","protected":false},"excerpt":{"rendered":"<p>\u0130nsanlar neden sanat eserleri yarat\u0131r? 40.000 y\u0131l \u00f6nce ya\u015fam\u0131\u015f insanlar\u0131n ma\u011fara duvarlar\u0131na resim yapmas\u0131n\u0131 sa\u011flayan i\u00e7g\u00fcd\u00fcy\u00fc nas\u0131l a\u00e7\u0131klayabiliriz? Peki g\u00fcn\u00fcm\u00fczdeki \u00e7a\u011fda\u015f sanat galerilerinde sergilenen eserlerde ayn\u0131<span class=\"excerpt-hellip\"> [\u2026]<\/span><\/p>\n","protected":false},"featured_media":0,"template":"","meta":{"_monsterinsights_skip_tracking":false,"_monsterinsights_sitenote_active":false,"_monsterinsights_sitenote_note":"","_monsterinsights_sitenote_category":0},"product_brand":[],"product_cat":[12408,14197],"product_tag":[],"class_list":{"0":"post-755435","1":"product","2":"type-product","3":"status-publish","5":"product_cat-sanat","6":"product_cat-sanat-tarihi","7":"pa_cilt-ciltsiz","8":"pa_tur-kitap","9":"pa_yayinevi-say-yayinlari","10":"pa_yazar-john-paul-stonard","12":"first","13":"instock","14":"sale","15":"shipping-taxable","16":"purchasable","17":"product-type-simple"},"_links":{"self":[{"href":"https:\/\/roveyayinevi.com.tr\/index.php\/wp-json\/wp\/v2\/product\/755435","targetHints":{"allow":["GET"]}}],"collection":[{"href":"https:\/\/roveyayinevi.com.tr\/index.php\/wp-json\/wp\/v2\/product"}],"about":[{"href":"https:\/\/roveyayinevi.com.tr\/index.php\/wp-json\/wp\/v2\/types\/product"}],"wp:attachment":[{"href":"https:\/\/roveyayinevi.com.tr\/index.php\/wp-json\/wp\/v2\/media?parent=755435"}],"wp:term":[{"taxonomy":"product_brand","embeddable":true,"href":"https:\/\/roveyayinevi.com.tr\/index.php\/wp-json\/wp\/v2\/product_brand?post=755435"},{"taxonomy":"product_cat","embeddable":true,"href":"https:\/\/roveyayinevi.com.tr\/index.php\/wp-json\/wp\/v2\/product_cat?post=755435"},{"taxonomy":"product_tag","embeddable":true,"href":"https:\/\/roveyayinevi.com.tr\/index.php\/wp-json\/wp\/v2\/product_tag?post=755435"}],"curies":[{"name":"wp","href":"https:\/\/api.w.org\/{rel}","templated":true}]}}