{"id":755434,"date":"2025-08-28T06:39:35","date_gmt":"2025-08-28T03:39:35","guid":{"rendered":"https:\/\/roveyayinevi.com.tr\/index.php\/urun\/kadinlar-saltanati\/"},"modified":"2026-04-16T03:08:44","modified_gmt":"2026-04-16T00:08:44","slug":"kadinlar-saltanati","status":"publish","type":"product","link":"https:\/\/roveyayinevi.com.tr\/index.php\/urun\/kadinlar-saltanati\/","title":{"rendered":"Kad\u0131nlar Saltanat\u0131"},"content":{"rendered":"<p>Osmanl\u0131 Devleti her y\u00f6nden renkli ve ilgin\u00e7 olaylara sahne olmu\u015ftu. \u00d6zellikle duraklama ve gerileme d\u00f6nemlerinde kad\u0131nlar, belirleyici birer akt\u00f6r olarak \u00f6ne \u00e7\u0131kt\u0131lar. Padi\u015fahlar ba\u015fta olmak \u00fczere, b\u00fcrokrasiyi ve g\u00fcnl\u00fck hayat\u0131 etkilediler.  Valide sultanlar; vezirleri, \u015feyh\u00fclislamlar\u0131, veziriazamlar\u0131, kazaskerleri, defterdarlar\u0131 g\u00f6reve getirdiler. Yapt\u0131klar\u0131 hay\u0131r i\u015fleri yan\u0131nda ekonomik hayat\u0131n canlanmas\u0131na da katk\u0131da bulundular. Entrikalar entrikalar\u0131 izledi. Peki kimdi bu kad\u0131nlar? Nas\u0131l bir d\u00fcnyalar\u0131 vard\u0131? Etkilerinin ne t\u00fcr sosyal ve k\u00fclt\u00fcrel sonu\u00e7lar\u0131 oldu? Onlar\u0131 tan\u0131mak, Osmanl\u0131\u2019n\u0131n bir evren geni\u015fli\u011findeki ihti\u015fam\u0131n\u0131 da anlamaya imk\u00e2n verecektir. Ahmet Refik, bilgisi kadar kurgulama yetene\u011fi, daha da \u00f6nemlisi son derece s\u00fcr\u00fckleyici \u00fcslubuyla unutulmaz sahneler koyuyor \u00f6n\u00fcm\u00fcze. <\/p>\n","protected":false},"excerpt":{"rendered":"<p>Osmanl\u0131 Devleti her y\u00f6nden renkli ve ilgin\u00e7 olaylara sahne olmu\u015ftu. \u00d6zellikle duraklama ve gerileme d\u00f6nemlerinde kad\u0131nlar, belirleyici birer akt\u00f6r olarak \u00f6ne \u00e7\u0131kt\u0131lar. Padi\u015fahlar ba\u015fta olmak \u00fczere,<span class=\"excerpt-hellip\"> [\u2026]<\/span><\/p>\n","protected":false},"featured_media":0,"template":"","meta":{"_monsterinsights_skip_tracking":false,"_monsterinsights_sitenote_active":false,"_monsterinsights_sitenote_note":"","_monsterinsights_sitenote_category":0},"product_brand":[],"product_cat":[12304],"product_tag":[],"class_list":{"0":"post-755434","1":"product","2":"type-product","3":"status-publish","5":"product_cat-tarih","6":"pa_cilt-ciltsiz","7":"pa_tur-kitap","8":"pa_yayinevi-kapi-yayinlari","9":"pa_yazar-ahmed-refik","11":"first","12":"instock","13":"sale","14":"shipping-taxable","15":"purchasable","16":"product-type-simple"},"_links":{"self":[{"href":"https:\/\/roveyayinevi.com.tr\/index.php\/wp-json\/wp\/v2\/product\/755434","targetHints":{"allow":["GET"]}}],"collection":[{"href":"https:\/\/roveyayinevi.com.tr\/index.php\/wp-json\/wp\/v2\/product"}],"about":[{"href":"https:\/\/roveyayinevi.com.tr\/index.php\/wp-json\/wp\/v2\/types\/product"}],"wp:attachment":[{"href":"https:\/\/roveyayinevi.com.tr\/index.php\/wp-json\/wp\/v2\/media?parent=755434"}],"wp:term":[{"taxonomy":"product_brand","embeddable":true,"href":"https:\/\/roveyayinevi.com.tr\/index.php\/wp-json\/wp\/v2\/product_brand?post=755434"},{"taxonomy":"product_cat","embeddable":true,"href":"https:\/\/roveyayinevi.com.tr\/index.php\/wp-json\/wp\/v2\/product_cat?post=755434"},{"taxonomy":"product_tag","embeddable":true,"href":"https:\/\/roveyayinevi.com.tr\/index.php\/wp-json\/wp\/v2\/product_tag?post=755434"}],"curies":[{"name":"wp","href":"https:\/\/api.w.org\/{rel}","templated":true}]}}