{"id":755433,"date":"2025-08-28T06:39:34","date_gmt":"2025-08-28T03:39:34","guid":{"rendered":"https:\/\/roveyayinevi.com.tr\/index.php\/urun\/muzik-alfabesi-piyano-1-bolum\/"},"modified":"2026-04-16T03:08:44","modified_gmt":"2026-04-16T00:08:44","slug":"muzik-alfabesi-piyano-1-bolum","status":"publish","type":"product","link":"https:\/\/roveyayinevi.com.tr\/index.php\/urun\/muzik-alfabesi-piyano-1-bolum\/","title":{"rendered":"M\u00fczik Alfabesi Piyano &#8211; 1. B\u00f6l\u00fcm"},"content":{"rendered":"<p>\u0130\u00e7indekiler b\u00f6l\u00fcm\u00fcnde ilk defa tan\u0131t\u0131lan konular listelenmi\u015ftir. Baz\u0131 s\u00f6zl\u00fc \u00e7al\u0131\u015fmalar dahil deilmi\u015ftir. \u00d6\u011frenci ba\u015far\u0131l\u0131 bir \u015fekilde bu sorulara cevap verdi\u011finde tik atarak i\u015faretleyin \u00e7al\u0131\u015fma sayfalar\u0131 eklenmi\u015ftir. Yeni konular\u0131n tan\u0131t\u0131m\u0131 yap\u0131l\u0131r , \u00f6\u011frencinin geli\u015fimi kontrol edilir., \u00f6\u011fretilen konular \u00f6zetlenir . 37. Ve 56. Sayfalarda \u00f6\u011frenci \u015fark\u0131y\u0131 dil bariyerinden dolay\u0131 adland\u0131ramazsa par\u00e7an\u0131n bulundu\u011fu sayfaya y\u00f6nlendirme yapmas\u0131 yeterli olacakt\u0131r. \u00c7al\u0131\u015fman\u0131n amac\u0131 bir \u015fekilde resim tan\u0131ma aktivitesi sa\u011flamakt\u0131r. <\/p>\n","protected":false},"excerpt":{"rendered":"<p>\u0130\u00e7indekiler b\u00f6l\u00fcm\u00fcnde ilk defa tan\u0131t\u0131lan konular listelenmi\u015ftir. Baz\u0131 s\u00f6zl\u00fc \u00e7al\u0131\u015fmalar dahil deilmi\u015ftir. \u00d6\u011frenci ba\u015far\u0131l\u0131 bir \u015fekilde bu sorulara cevap verdi\u011finde tik atarak i\u015faretleyin \u00e7al\u0131\u015fma sayfalar\u0131 eklenmi\u015ftir.<span class=\"excerpt-hellip\"> [\u2026]<\/span><\/p>\n","protected":false},"featured_media":0,"template":"","meta":{"_monsterinsights_skip_tracking":false,"_monsterinsights_sitenote_active":false,"_monsterinsights_sitenote_note":"","_monsterinsights_sitenote_category":0},"product_brand":[],"product_cat":[14556],"product_tag":[],"class_list":{"0":"post-755433","1":"product","2":"type-product","3":"status-publish","5":"product_cat-muzik","6":"pa_cilt-ciltsiz","7":"pa_tur-kitap","8":"pa_yayinevi-porte-muzik-egitim-merkezi","9":"pa_yazar-lina-ng","11":"first","12":"instock","13":"sale","14":"shipping-taxable","15":"purchasable","16":"product-type-simple"},"_links":{"self":[{"href":"https:\/\/roveyayinevi.com.tr\/index.php\/wp-json\/wp\/v2\/product\/755433","targetHints":{"allow":["GET"]}}],"collection":[{"href":"https:\/\/roveyayinevi.com.tr\/index.php\/wp-json\/wp\/v2\/product"}],"about":[{"href":"https:\/\/roveyayinevi.com.tr\/index.php\/wp-json\/wp\/v2\/types\/product"}],"wp:attachment":[{"href":"https:\/\/roveyayinevi.com.tr\/index.php\/wp-json\/wp\/v2\/media?parent=755433"}],"wp:term":[{"taxonomy":"product_brand","embeddable":true,"href":"https:\/\/roveyayinevi.com.tr\/index.php\/wp-json\/wp\/v2\/product_brand?post=755433"},{"taxonomy":"product_cat","embeddable":true,"href":"https:\/\/roveyayinevi.com.tr\/index.php\/wp-json\/wp\/v2\/product_cat?post=755433"},{"taxonomy":"product_tag","embeddable":true,"href":"https:\/\/roveyayinevi.com.tr\/index.php\/wp-json\/wp\/v2\/product_tag?post=755433"}],"curies":[{"name":"wp","href":"https:\/\/api.w.org\/{rel}","templated":true}]}}