{"id":755432,"date":"2025-08-28T06:39:32","date_gmt":"2025-08-28T03:39:32","guid":{"rendered":"https:\/\/roveyayinevi.com.tr\/index.php\/urun\/yaratilis-oykuleriyle-dunya-mitolojisi\/"},"modified":"2026-04-13T03:14:55","modified_gmt":"2026-04-13T00:14:55","slug":"yaratilis-oykuleriyle-dunya-mitolojisi","status":"publish","type":"product","link":"https:\/\/roveyayinevi.com.tr\/index.php\/urun\/yaratilis-oykuleriyle-dunya-mitolojisi\/","title":{"rendered":"Yarat\u0131l\u0131\u015f \u00d6yku\u0308leriyle Du\u0308nya Mitolojisi"},"content":{"rendered":"<p>Babil, Yunan, \u0130nuit, Maya, Hindu, Navajo, Polinezya, Afrika ve daha \u00e7ok say\u0131da farkl\u0131 yarat\u0131l\u0131\u015f mitini konu alan bu kitap evreni a\u00e7\u0131klama giri\u015fimlerimizdeki benzerlikleri ve farkl\u0131l\u0131klar\u0131 ortaya koyuyor. Antropoloji ve astronomi profes\u00f6r\u00fc, \u00f6d\u00fcll\u00fc yazar Anthony Aveni d\u00fcnyadaki \u00e7e\u015fitli k\u00fclt\u00fcrlerin k\u00f6kenlerimizi nas\u0131l a\u00e7\u0131klad\u0131\u011f\u0131n\u0131 incelerken ayn\u0131 zamanda do\u011fal \u00e7evrenin bu anlat\u0131lar\u0131 \u015fekillendirmede oynad\u0131\u011f\u0131 rol\u00fc de g\u00f6zler \u00f6n\u00fcne seriyor. \u201cYarat\u0131l\u0131\u015f \u00d6yk\u00fcleriyle D\u00fcnya Mitolojisi \u2026 insanl\u0131\u011f\u0131n do\u011fal d\u00fcnyan\u0131n ritmine duydu\u011fu evrensel ve daim\u00ee hayranl\u0131\u011f\u0131 ortaya koyarken, ge\u00e7mi\u015ften g\u00fcn\u00fcm\u00fcze \u00e7e\u015fitli k\u00fclt\u00fcrlere ait yarat\u0131l\u0131\u015f anlat\u0131lar\u0131n\u0131 merkeze alarak, mit ile bilimin bulu\u015ftu\u011fu zemini inceliyor. G\u00f6rece\u011fimiz gibi, \u00e7a\u011fda\u015f bilimin hik\u00e2yesi di\u011ferlerinden farkl\u0131 g\u00f6r\u00fclebilir ama kendine has tarihiyle \u015fekillenen Bat\u0131 medeniyeti de di\u011fer yarat\u0131l\u0131\u015f hik\u00e2yeleriyle benzer motifler ta\u015f\u0131r. Birbiriyle \u00f6rt\u00fc\u015fen bu fikirler bize, hepimizi birle\u015ftiren ortak bir payda oldu\u011funu, \u00e7evremizdeki d\u00fcnyada bir d\u00fczen, bir \u00f6r\u00fcnt\u00fc bulmay\u0131 arzulad\u0131\u011f\u0131m\u0131z\u0131 an\u0131msat\u0131r.\u201d <\/p>\n","protected":false},"excerpt":{"rendered":"<p>Babil, Yunan, \u0130nuit, Maya, Hindu, Navajo, Polinezya, Afrika ve daha \u00e7ok say\u0131da farkl\u0131 yarat\u0131l\u0131\u015f mitini konu alan bu kitap evreni a\u00e7\u0131klama giri\u015fimlerimizdeki benzerlikleri ve farkl\u0131l\u0131klar\u0131 ortaya<span class=\"excerpt-hellip\"> [\u2026]<\/span><\/p>\n","protected":false},"featured_media":0,"template":"","meta":{"_monsterinsights_skip_tracking":false,"_monsterinsights_sitenote_active":false,"_monsterinsights_sitenote_note":"","_monsterinsights_sitenote_category":0},"product_brand":[],"product_cat":[12718,12858],"product_tag":[],"class_list":{"0":"post-755432","1":"product","2":"type-product","3":"status-publish","5":"product_cat-din","6":"product_cat-mitolojiler","7":"pa_cilt-ciltsiz","8":"pa_tur-kitap","9":"pa_yayinevi-say-yayinlari","10":"pa_yazar-anthony-aveni","12":"first","13":"instock","14":"sale","15":"shipping-taxable","16":"purchasable","17":"product-type-simple"},"_links":{"self":[{"href":"https:\/\/roveyayinevi.com.tr\/index.php\/wp-json\/wp\/v2\/product\/755432","targetHints":{"allow":["GET"]}}],"collection":[{"href":"https:\/\/roveyayinevi.com.tr\/index.php\/wp-json\/wp\/v2\/product"}],"about":[{"href":"https:\/\/roveyayinevi.com.tr\/index.php\/wp-json\/wp\/v2\/types\/product"}],"wp:attachment":[{"href":"https:\/\/roveyayinevi.com.tr\/index.php\/wp-json\/wp\/v2\/media?parent=755432"}],"wp:term":[{"taxonomy":"product_brand","embeddable":true,"href":"https:\/\/roveyayinevi.com.tr\/index.php\/wp-json\/wp\/v2\/product_brand?post=755432"},{"taxonomy":"product_cat","embeddable":true,"href":"https:\/\/roveyayinevi.com.tr\/index.php\/wp-json\/wp\/v2\/product_cat?post=755432"},{"taxonomy":"product_tag","embeddable":true,"href":"https:\/\/roveyayinevi.com.tr\/index.php\/wp-json\/wp\/v2\/product_tag?post=755432"}],"curies":[{"name":"wp","href":"https:\/\/api.w.org\/{rel}","templated":true}]}}