{"id":755429,"date":"2025-08-28T06:39:20","date_gmt":"2025-08-28T03:39:20","guid":{"rendered":"https:\/\/roveyayinevi.com.tr\/index.php\/urun\/evcil-hayvanlar-tatilde\/"},"modified":"2026-04-16T03:08:44","modified_gmt":"2026-04-16T00:08:44","slug":"evcil-hayvanlar-tatilde","status":"publish","type":"product","link":"https:\/\/roveyayinevi.com.tr\/index.php\/urun\/evcil-hayvanlar-tatilde\/","title":{"rendered":"Evcil Hayvanlar Tatilde"},"content":{"rendered":"<p>Evi hayvan oteline \u00e7evirme fikri, \u00e7\u0131k akl\u0131mdan!Sabine Stehr&#8217;in yaz\u0131p Stefanie Reich&#8217;in resimledi\u011fi Evcil Hayvanlar Tatilde, beklenmedik t\u0131k\u0131rt\u0131lar, \u00f6nlenemez \u00e7\u0131t\u0131rt\u0131lar ve ortal\u0131\u011f\u0131 birbirine katan \u00f6t\u00fc\u015flerle hareketlenen \u015famatas\u0131 bol bir macera! Birka\u00e7 g\u00fcr\u00fclt\u00fcc\u00fc misafiri \u201cgizlice\u201d evinde konuk eden cin fikirli bir ufakl\u0131\u011f\u0131n ba\u015f\u0131ndan ge\u00e7en e\u011flenceli olaylar\u0131 konu alan kitap, hayvan sevgisi a\u015f\u0131laman\u0131n yan\u0131 s\u0131ra kom\u015fuluk, arkada\u015fl\u0131k, fedak\u00e2rl\u0131k, \u00f6zveri gibi de\u011ferlerin \u00f6nemini de vurguluyor.\u0130ster bir tav\u015fan isterse bir kertenkele olsun, bir hayvan\u0131n bak\u0131m\u0131n\u0131 \u00fcstlenmenin gerektirdi\u011fi sorumluluk bilinci \u00fcst\u00fcne renkli bir anlat\u0131 sunan bu sevimli \u00f6yk\u00fc, zamane \u00e7ocuklar\u0131n\u0131n kar\u015f\u0131la\u015ft\u0131klar\u0131 sorunlara kar\u015f\u0131 geli\u015ftirdikleri \u00e7\u00f6z\u00fcm \u00f6nerileriyle \u015fa\u015f\u0131rt\u0131yor.   Kerem&#8217;in arkada\u015flar\u0131 birer birer tatile \u00e7\u0131kt\u0131k\u00e7a, Keremlerin evi kalabal\u0131kla\u015f\u0131yor. Hipi, Geko, Fuji derken evdeki curcuna al\u0131p ba\u015f\u0131n\u0131 gidiyor.Sabah kahvalt\u0131s\u0131 servisi, bak\u0131m saati yetmezmi\u015f gibi her yer her yerde olunca ortal\u0131k adeta bir lunaparka d\u00f6n\u00fc\u015f\u00fcyor. Haberi alan kap\u0131da beliriyor. Yoksa mahallelilerin f\u0131s\u0131lt\u0131 gazetesiyle yayd\u0131klar\u0131 haber do\u011fru mu? Kerem evinde hayvanlara tatil mi yapt\u0131r\u0131yor? Bu arada, ev sahipleri \u0130smail Bey evde hayvan bak\u0131lmas\u0131n\u0131 kesinlikle istemiyor. Aman\u0131n, Kerem&#8217;in hi\u00e7 a\u00e7\u0131k vermemesi gerek! Yoksa?..\u00d6n\u00fcn\u00fc ard\u0131n\u0131 hi\u00e7 d\u00fc\u015f\u00fcnmeden bir karar alman\u0131n her zaman h\u00fcsranla sonu\u00e7lanmayaca\u011f\u0131n\u0131 g\u00f6steren bu s\u00fcrprizli \u00f6yk\u00fc hayvanlar\u0131n bak\u0131m\u0131yla ilgili k\u00fc\u00e7\u00fck ipu\u00e7lar\u0131 da payla\u015f\u0131yor.  \u201cK\u00fc\u00e7\u00fck Y\u0131ld\u0131zlar\u201d koleksiyonu kapsam\u0131nda \u201cOkuma Seviyesi 1\u201d olarak s\u0131n\u0131fland\u0131r\u0131lan Evcil Hayvanlar Tatilde, i\u00e7erdi\u011fi bulmaca ve oyunlarla, \u00f6\u011frencilerin kelime da\u011farc\u0131\u011f\u0131n\u0131 zenginle\u015ftiriyor, okuduklar\u0131n\u0131 daha iyi anlamalar\u0131n\u0131 ve peki\u015ftirmelerini olanakl\u0131 k\u0131l\u0131yor.<\/p>\n","protected":false},"excerpt":{"rendered":"<p>Evi hayvan oteline \u00e7evirme fikri, \u00e7\u0131k akl\u0131mdan!Sabine Stehr&#8217;in yaz\u0131p Stefanie Reich&#8217;in resimledi\u011fi Evcil Hayvanlar Tatilde, beklenmedik t\u0131k\u0131rt\u0131lar, \u00f6nlenemez \u00e7\u0131t\u0131rt\u0131lar ve ortal\u0131\u011f\u0131 birbirine katan \u00f6t\u00fc\u015flerle hareketlenen \u015famatas\u0131<span class=\"excerpt-hellip\"> [\u2026]<\/span><\/p>\n","protected":false},"featured_media":0,"template":"","meta":{"_monsterinsights_skip_tracking":false,"_monsterinsights_sitenote_active":false,"_monsterinsights_sitenote_note":"","_monsterinsights_sitenote_category":0},"product_brand":[],"product_cat":[12274,12284],"product_tag":[],"class_list":{"0":"post-755429","1":"product","2":"type-product","3":"status-publish","5":"product_cat-cocuk-ve-genclik-kitaplari","6":"product_cat-hikayeler","7":"pa_cilt-ciltsiz","8":"pa_tur-kitap","9":"pa_yayinevi-tudem-yayinlari","10":"pa_yazar-sabine-stehr","12":"first","13":"instock","14":"sale","15":"shipping-taxable","16":"purchasable","17":"product-type-simple"},"_links":{"self":[{"href":"https:\/\/roveyayinevi.com.tr\/index.php\/wp-json\/wp\/v2\/product\/755429","targetHints":{"allow":["GET"]}}],"collection":[{"href":"https:\/\/roveyayinevi.com.tr\/index.php\/wp-json\/wp\/v2\/product"}],"about":[{"href":"https:\/\/roveyayinevi.com.tr\/index.php\/wp-json\/wp\/v2\/types\/product"}],"wp:attachment":[{"href":"https:\/\/roveyayinevi.com.tr\/index.php\/wp-json\/wp\/v2\/media?parent=755429"}],"wp:term":[{"taxonomy":"product_brand","embeddable":true,"href":"https:\/\/roveyayinevi.com.tr\/index.php\/wp-json\/wp\/v2\/product_brand?post=755429"},{"taxonomy":"product_cat","embeddable":true,"href":"https:\/\/roveyayinevi.com.tr\/index.php\/wp-json\/wp\/v2\/product_cat?post=755429"},{"taxonomy":"product_tag","embeddable":true,"href":"https:\/\/roveyayinevi.com.tr\/index.php\/wp-json\/wp\/v2\/product_tag?post=755429"}],"curies":[{"name":"wp","href":"https:\/\/api.w.org\/{rel}","templated":true}]}}