{"id":755427,"date":"2025-08-28T06:39:17","date_gmt":"2025-08-28T03:39:17","guid":{"rendered":"https:\/\/roveyayinevi.com.tr\/index.php\/urun\/harfler-ve-kelebekler\/"},"modified":"2026-04-16T03:08:44","modified_gmt":"2026-04-16T00:08:44","slug":"harfler-ve-kelebekler","status":"publish","type":"product","link":"https:\/\/roveyayinevi.com.tr\/index.php\/urun\/harfler-ve-kelebekler\/","title":{"rendered":"Harfler ve Kelebekler"},"content":{"rendered":"<p>Yaz\u0131lar\u0131 u\u00e7u\u015fan kelebeklere benzetilen Kazasker Mustafa \u0130zzet Efendi, h\u00e2len g\u00f6renleri hayran b\u0131rakan, Ayasofya\u2019daki b\u00fcy\u00fck levhalar, Bursa Ulu Cami ve ba\u015fka bir\u00e7ok camide kitabeler ve levhalar\u0131 bulunan \u00f6nemli bir hattatt\u0131r. Ayr\u0131ca g\u00fcn\u00fcm\u00fczde h\u00e2l\u00e2 sevilerek okunan besteleri olan b\u00fcy\u00fck bir bestek\u00e2r, usta bir neyzendir. 19. Y\u00fczy\u0131l\u2019da ya\u015fam\u0131\u015f olan Mustafa \u0130zzet Efendi i\u00e7in s\u00f6ylenen, \u201cHattatlar aras\u0131nda Kazasker ayar\u0131nda bir musiki\u015finas olmad\u0131\u011f\u0131 gibi, musiki\u015finaslar aras\u0131nda onun ayar\u0131nda bir hattat yoktur.\u201d s\u00f6z\u00fc, sanatk\u00e2rl\u0131\u011f\u0131n\u0131 veciz bir \u015fekilde ifade eder. Sanatk\u00e2rl\u0131\u011f\u0131n\u0131n yan\u0131nda \u00fcst d\u00fczey devlet g\u00f6revlerinde bulunmu\u015f bir y\u00f6netici olan, Tosya do\u011fumlu Kazasker Mustafa \u0130zzet Efendi hakk\u0131nda yaz\u0131lm\u0131\u015f yaz\u0131lar olduk\u00e7a fazla olmakla birlikte, derli toplu bir biyografi eseri daha \u00f6nce yay\u0131nlanmam\u0131\u015ft\u0131r. Yay\u0131nevimizce alan\u0131nda \u00f6nemli bir bo\u015flu\u011fu dolduraca\u011f\u0131 d\u00fc\u015f\u00fcn\u00fclen bu kitapta, bir \u00e2lim ve sanatk\u00e2r\u0131n yeti\u015fme \u015fartlar\u0131, d\u00f6neme ili\u015fkin bilgilerle birlikte verilerek, hayat\u0131 ve eserleri tan\u0131t\u0131lm\u0131\u015f ve Kazasker Mustafa \u0130zzet Efendi\u2019nin biyografisinin sonraki ku\u015faklara ula\u015ft\u0131r\u0131larak, ge\u00e7mi\u015fle gelecek aras\u0131nda kurulmas\u0131 zorunlu k\u00f6pr\u00fcler i\u00e7in k\u00fc\u00e7\u00fck de olsa bir ad\u0131m at\u0131lmas\u0131  ama\u00e7lanm\u0131\u015ft\u0131r. <\/p>\n","protected":false},"excerpt":{"rendered":"<p>Yaz\u0131lar\u0131 u\u00e7u\u015fan kelebeklere benzetilen Kazasker Mustafa \u0130zzet Efendi, h\u00e2len g\u00f6renleri hayran b\u0131rakan, Ayasofya\u2019daki b\u00fcy\u00fck levhalar, Bursa Ulu Cami ve ba\u015fka bir\u00e7ok camide kitabeler ve levhalar\u0131 bulunan<span class=\"excerpt-hellip\"> [\u2026]<\/span><\/p>\n","protected":false},"featured_media":0,"template":"","meta":{"_monsterinsights_skip_tracking":false,"_monsterinsights_sitenote_active":false,"_monsterinsights_sitenote_note":"","_monsterinsights_sitenote_category":0},"product_brand":[],"product_cat":[14009,12291],"product_tag":[],"class_list":{"0":"post-755427","1":"product","2":"type-product","3":"status-publish","5":"product_cat-biyografi-otobiyografi-edebiyat","6":"product_cat-edebiyat","7":"pa_cilt-ciltsiz","8":"pa_tur-kitap","9":"pa_yayinevi-kilavuz-kaptan-yayinlari","10":"pa_yazar-fazilet-sitare","12":"first","13":"instock","14":"sale","15":"shipping-taxable","16":"purchasable","17":"product-type-simple"},"_links":{"self":[{"href":"https:\/\/roveyayinevi.com.tr\/index.php\/wp-json\/wp\/v2\/product\/755427","targetHints":{"allow":["GET"]}}],"collection":[{"href":"https:\/\/roveyayinevi.com.tr\/index.php\/wp-json\/wp\/v2\/product"}],"about":[{"href":"https:\/\/roveyayinevi.com.tr\/index.php\/wp-json\/wp\/v2\/types\/product"}],"wp:attachment":[{"href":"https:\/\/roveyayinevi.com.tr\/index.php\/wp-json\/wp\/v2\/media?parent=755427"}],"wp:term":[{"taxonomy":"product_brand","embeddable":true,"href":"https:\/\/roveyayinevi.com.tr\/index.php\/wp-json\/wp\/v2\/product_brand?post=755427"},{"taxonomy":"product_cat","embeddable":true,"href":"https:\/\/roveyayinevi.com.tr\/index.php\/wp-json\/wp\/v2\/product_cat?post=755427"},{"taxonomy":"product_tag","embeddable":true,"href":"https:\/\/roveyayinevi.com.tr\/index.php\/wp-json\/wp\/v2\/product_tag?post=755427"}],"curies":[{"name":"wp","href":"https:\/\/api.w.org\/{rel}","templated":true}]}}