{"id":755422,"date":"2025-08-28T06:39:09","date_gmt":"2025-08-28T03:39:09","guid":{"rendered":"https:\/\/roveyayinevi.com.tr\/index.php\/urun\/eeen-guzel-sey\/"},"modified":"2026-04-16T03:08:44","modified_gmt":"2026-04-16T00:08:44","slug":"eeen-guzel-sey","status":"publish","type":"product","link":"https:\/\/roveyayinevi.com.tr\/index.php\/urun\/eeen-guzel-sey\/","title":{"rendered":"Eeen G\u00fczel \u015eey"},"content":{"rendered":"<p>Gizli itiraflar\u0131n dili demek T\u00fcrk\u00e7es\u00f6ylendikten sonra da s\u00f6ylenmemi\u015f say\u0131lacak \u015feylerin,Bakire Meryem\u2019in do\u011furma an\u0131ndama\u011faraya hapsolmu\u015f yank\u0131n\u0131nve r\u00fcyalarda u\u011fuldayan sessizli\u011finve b\u0131\u00e7ak \u00e7eken a\u0302\u015f\u0131\u011f\u2019n\u0131 terkedemeyen kad\u0131n\u0131n&#8230;Benim de bir dilim var b\u00f6yle, hayatta konu\u015famad\u0131\u011f\u0131m\u03b1\u03bb\u03bb\u03b1\u0301 \u03bc\u03b9\u03bb\u03b1\u0301\u03b5\u03b9 \u03b7 \u03ba\u03b1\u03c1\u03b4\u03b9\u03b1\u0301 \u03bc\u03bf\u03c5.<\/p>\n","protected":false},"excerpt":{"rendered":"<p>Gizli itiraflar\u0131n dili demek T\u00fcrk\u00e7es\u00f6ylendikten sonra da s\u00f6ylenmemi\u015f say\u0131lacak \u015feylerin,Bakire Meryem\u2019in do\u011furma an\u0131ndama\u011faraya hapsolmu\u015f yank\u0131n\u0131nve r\u00fcyalarda u\u011fuldayan sessizli\u011finve b\u0131\u00e7ak \u00e7eken a\u0302\u015f\u0131\u011f\u2019n\u0131 terkedemeyen kad\u0131n\u0131n&#8230;Benim de bir dilim<span class=\"excerpt-hellip\"> [\u2026]<\/span><\/p>\n","protected":false},"featured_media":0,"template":"","meta":{"_monsterinsights_skip_tracking":false,"_monsterinsights_sitenote_active":false,"_monsterinsights_sitenote_note":"","_monsterinsights_sitenote_category":0},"product_brand":[],"product_cat":[12291,12509],"product_tag":[],"class_list":{"0":"post-755422","1":"product","2":"type-product","3":"status-publish","5":"product_cat-edebiyat","6":"product_cat-siir","7":"pa_cilt-ciltsiz","8":"pa_tur-kitap","9":"pa_yayinevi-ithaki-yayinlari","10":"pa_yazar-mehmet-yasin","12":"first","13":"instock","14":"sale","15":"shipping-taxable","16":"purchasable","17":"product-type-simple"},"_links":{"self":[{"href":"https:\/\/roveyayinevi.com.tr\/index.php\/wp-json\/wp\/v2\/product\/755422","targetHints":{"allow":["GET"]}}],"collection":[{"href":"https:\/\/roveyayinevi.com.tr\/index.php\/wp-json\/wp\/v2\/product"}],"about":[{"href":"https:\/\/roveyayinevi.com.tr\/index.php\/wp-json\/wp\/v2\/types\/product"}],"wp:attachment":[{"href":"https:\/\/roveyayinevi.com.tr\/index.php\/wp-json\/wp\/v2\/media?parent=755422"}],"wp:term":[{"taxonomy":"product_brand","embeddable":true,"href":"https:\/\/roveyayinevi.com.tr\/index.php\/wp-json\/wp\/v2\/product_brand?post=755422"},{"taxonomy":"product_cat","embeddable":true,"href":"https:\/\/roveyayinevi.com.tr\/index.php\/wp-json\/wp\/v2\/product_cat?post=755422"},{"taxonomy":"product_tag","embeddable":true,"href":"https:\/\/roveyayinevi.com.tr\/index.php\/wp-json\/wp\/v2\/product_tag?post=755422"}],"curies":[{"name":"wp","href":"https:\/\/api.w.org\/{rel}","templated":true}]}}