{"id":755419,"date":"2025-08-28T06:39:04","date_gmt":"2025-08-28T03:39:04","guid":{"rendered":"https:\/\/roveyayinevi.com.tr\/index.php\/urun\/gercege-aykiri-beyanlar\/"},"modified":"2026-04-16T03:08:44","modified_gmt":"2026-04-16T00:08:44","slug":"gercege-aykiri-beyanlar","status":"publish","type":"product","link":"https:\/\/roveyayinevi.com.tr\/index.php\/urun\/gercege-aykiri-beyanlar\/","title":{"rendered":"Ger\u00e7e\u011fe Ayk\u0131r\u0131 Beyanlar"},"content":{"rendered":"<p>Sosyal medyaya bomba gibi d\u00fc\u015fen haberin ilk kayna\u011f\u0131, hale sebze ta\u015f\u0131yan bir kamyon \u015fof\u00f6r\u00fcyd\u00fc. Adamca\u011f\u0131z kasabaya sabaha kar\u015f\u0131 girdi\u011fini, meydandaki kavun heykelinin dibinde bir karalt\u0131 fark edince durdu\u011funu, uykusuzluktan hayal g\u00f6rd\u00fc\u011f\u00fcn\u00fc sand\u0131\u011f\u0131n\u0131, kamyondan inip karalt\u0131n\u0131n yan\u0131na gidince \u00f6d\u00fcn\u00fcn patlad\u0131\u011f\u0131n\u0131 ve derhal karakolu arad\u0131\u011f\u0131n\u0131 anlat\u0131yordu hararetle. G\u00f6r\u00fcnt\u00fcs\u00fc sosyal medyada yay\u0131ld\u0131ktan az sonra polis telsizinden tuhaf bir anons y\u00fckseldi.\u201cBurada yatan kuyruklu bir \u015fey var!\u201dHi\u00e7bir \u015fey g\u00f6r\u00fcnd\u00fc\u011f\u00fc gibi de\u011fil ya da her \u015fey tam da olmas\u0131 gerekti\u011fi gibi&#8230; Asl\u0131han Kocabal\u2019\u0131n \u00f6yk\u00fclerini okurken, hangisinin akla daha yatk\u0131n oldu\u011funu kestirmek g\u00fc\u00e7. Hatta \u00f6ncelikle, akla yatk\u0131nl\u0131k meselesini bir \u00e7\u00f6z\u00fcme kavu\u015fturmak gerekiyor. \u00dczerinde durdu\u011fumuz zemin stabil de\u011fil!Ger\u00e7e\u011fe Ayk\u0131r\u0131 Beyanlar\u2019daki \u00f6yk\u00fcler, T\u00fcrkiye\u2019de \u00f6rne\u011fine s\u0131k rastlamad\u0131\u011f\u0131m\u0131z \u015fekilde grotesk unsurlar da bar\u0131nd\u0131ran dikenli bir demet!<\/p>\n","protected":false},"excerpt":{"rendered":"<p>Sosyal medyaya bomba gibi d\u00fc\u015fen haberin ilk kayna\u011f\u0131, hale sebze ta\u015f\u0131yan bir kamyon \u015fof\u00f6r\u00fcyd\u00fc. Adamca\u011f\u0131z kasabaya sabaha kar\u015f\u0131 girdi\u011fini, meydandaki kavun heykelinin dibinde bir karalt\u0131 fark<span class=\"excerpt-hellip\"> [\u2026]<\/span><\/p>\n","protected":false},"featured_media":0,"template":"","meta":{"_monsterinsights_skip_tracking":false,"_monsterinsights_sitenote_active":false,"_monsterinsights_sitenote_note":"","_monsterinsights_sitenote_category":0},"product_brand":[],"product_cat":[12291,17033],"product_tag":[],"class_list":{"0":"post-755419","1":"product","2":"type-product","3":"status-publish","5":"product_cat-edebiyat","6":"product_cat-korku-gerilim","7":"pa_cilt-ciltsiz","8":"pa_tur-kitap","9":"pa_yayinevi-ithaki-yayinlari","10":"pa_yazar-aslihan-kocabal","12":"first","13":"instock","14":"sale","15":"shipping-taxable","16":"purchasable","17":"product-type-simple"},"_links":{"self":[{"href":"https:\/\/roveyayinevi.com.tr\/index.php\/wp-json\/wp\/v2\/product\/755419","targetHints":{"allow":["GET"]}}],"collection":[{"href":"https:\/\/roveyayinevi.com.tr\/index.php\/wp-json\/wp\/v2\/product"}],"about":[{"href":"https:\/\/roveyayinevi.com.tr\/index.php\/wp-json\/wp\/v2\/types\/product"}],"wp:attachment":[{"href":"https:\/\/roveyayinevi.com.tr\/index.php\/wp-json\/wp\/v2\/media?parent=755419"}],"wp:term":[{"taxonomy":"product_brand","embeddable":true,"href":"https:\/\/roveyayinevi.com.tr\/index.php\/wp-json\/wp\/v2\/product_brand?post=755419"},{"taxonomy":"product_cat","embeddable":true,"href":"https:\/\/roveyayinevi.com.tr\/index.php\/wp-json\/wp\/v2\/product_cat?post=755419"},{"taxonomy":"product_tag","embeddable":true,"href":"https:\/\/roveyayinevi.com.tr\/index.php\/wp-json\/wp\/v2\/product_tag?post=755419"}],"curies":[{"name":"wp","href":"https:\/\/api.w.org\/{rel}","templated":true}]}}