{"id":755418,"date":"2025-08-28T06:39:02","date_gmt":"2025-08-28T03:39:02","guid":{"rendered":"https:\/\/roveyayinevi.com.tr\/index.php\/urun\/yol-isaretleri\/"},"modified":"2026-04-16T03:08:44","modified_gmt":"2026-04-16T00:08:44","slug":"yol-isaretleri","status":"publish","type":"product","link":"https:\/\/roveyayinevi.com.tr\/index.php\/urun\/yol-isaretleri\/","title":{"rendered":"Yol \u0130\u015faretleri"},"content":{"rendered":"<p>\u201cBu kitab\u0131n konsepti m\u00fckemmel. T\u00fcm tarih boyunca ve hatta alternatif zaman \u00e7izgilerine uzanan, s\u00fcrekli b\u00fcy\u00fcyen, s\u00fcrekli de\u011fi\u015fen, nas\u0131l bulaca\u011f\u0131n\u0131z\u0131 bilirseniz sizi her yere g\u00f6t\u00fcrecek bir yol.\u201d \u2013George R. R. Martin\u201cYOL, ZAMAN BOYUNCA \u0130LERL\u0130YOR. GE\u00c7M\u0130\u015e ZAMAN. GELECEK ZAMAN. GE\u00c7M\u0130\u015eTE YA\u015eANMI\u015e OLAB\u0130LECEK ZAMAN.\u201dRoger Zelazny, farkl\u0131 mitolojileri bilimkurgu romanlar\u0131na uyarlamas\u0131yla pek \u00e7ok yazar\u0131n yaln\u0131zca hayal edebildi\u011fi bir \u015feyi al\u0131\u015fkanl\u0131k h\u00e2line getirmi\u015f e\u015fsiz bir yazar. Yol \u0130\u015faretleri ise k\u0131smen fantastik \u00f6\u011feler i\u00e7eren deneysel bir bilimkurgu roman\u0131.Red Dorakeen, kendisinin de bir ba\u015fkas\u0131n\u0131n da hat\u0131rlayamayaca\u011f\u0131 kadar uzun zamand\u0131r Yol\u2019dayd\u0131. \u00c7ok uzun zaman \u00f6nce ya\u015fl\u0131 bir adam olarak Yol\u2019da y\u00fcr\u00fcm\u00fc\u015ft\u00fc. \u015eimdi ise \u00e7ok daha gen\u00e7ti. Mavi renkli hurda Dodge pikab\u0131yla antik d\u00f6nem Maraton\u2019unda istilac\u0131 Perslerle sava\u015fan Yunanlara silah ta\u015f\u0131yor, yolda Hitler\u2019le ve de Sade\u2019la tart\u0131\u015fmalara giriyor, zamanda bir ileri bir geri durmaks\u0131z\u0131n yolculuk ediyordu.\u015eimdiyse biri Red\u2019i \u00f6ld\u00fcrmek i\u00e7in on giri\u015fimin d\u00fczenlenece\u011fine dair Yol\u2019u y\u00f6neten yasalara g\u00f6re resmi bir beyanda bulunmu\u015ftu. Gizli d\u00fc\u015fman\u0131, (\u00e7ok tehlikeli bir ke\u015fi\u015ften bir Tiranozor\u2019a kadar uzanan \u00e7e\u015fitlilikte, insan veya di\u011fer t\u00fcrlerde) suikast\u00e7\u0131lar tutmak i\u00e7in ge\u00e7mi\u015fi ve gelece\u011fi tar\u0131yordu. Red\u2019in pe\u015fini b\u0131rakmayacaklard\u0131, Yol onu nereye g\u00f6t\u00fcr\u00fcrse g\u00f6t\u00fcrs\u00fcn.Yol \u0130\u015faretleri, zamanlar aras\u0131 bir kendini ke\u015fif yolculu\u011fu.<\/p>\n","protected":false},"excerpt":{"rendered":"<p>\u201cBu kitab\u0131n konsepti m\u00fckemmel. T\u00fcm tarih boyunca ve hatta alternatif zaman \u00e7izgilerine uzanan, s\u00fcrekli b\u00fcy\u00fcyen, s\u00fcrekli de\u011fi\u015fen, nas\u0131l bulaca\u011f\u0131n\u0131z\u0131 bilirseniz sizi her yere g\u00f6t\u00fcrecek bir yol.\u201d<span class=\"excerpt-hellip\"> [\u2026]<\/span><\/p>\n","protected":false},"featured_media":0,"template":"","meta":{"_monsterinsights_skip_tracking":false,"_monsterinsights_sitenote_active":false,"_monsterinsights_sitenote_note":"","_monsterinsights_sitenote_category":0},"product_brand":[],"product_cat":[12540,12291],"product_tag":[],"class_list":{"0":"post-755418","1":"product","2":"type-product","3":"status-publish","5":"product_cat-bilim-kurgu","6":"product_cat-edebiyat","7":"pa_cilt-ciltsiz","8":"pa_tur-kitap","9":"pa_yayinevi-ithaki-yayinlari","10":"pa_yazar-roger-zelazny","12":"first","13":"instock","14":"sale","15":"shipping-taxable","16":"purchasable","17":"product-type-simple"},"_links":{"self":[{"href":"https:\/\/roveyayinevi.com.tr\/index.php\/wp-json\/wp\/v2\/product\/755418","targetHints":{"allow":["GET"]}}],"collection":[{"href":"https:\/\/roveyayinevi.com.tr\/index.php\/wp-json\/wp\/v2\/product"}],"about":[{"href":"https:\/\/roveyayinevi.com.tr\/index.php\/wp-json\/wp\/v2\/types\/product"}],"wp:attachment":[{"href":"https:\/\/roveyayinevi.com.tr\/index.php\/wp-json\/wp\/v2\/media?parent=755418"}],"wp:term":[{"taxonomy":"product_brand","embeddable":true,"href":"https:\/\/roveyayinevi.com.tr\/index.php\/wp-json\/wp\/v2\/product_brand?post=755418"},{"taxonomy":"product_cat","embeddable":true,"href":"https:\/\/roveyayinevi.com.tr\/index.php\/wp-json\/wp\/v2\/product_cat?post=755418"},{"taxonomy":"product_tag","embeddable":true,"href":"https:\/\/roveyayinevi.com.tr\/index.php\/wp-json\/wp\/v2\/product_tag?post=755418"}],"curies":[{"name":"wp","href":"https:\/\/api.w.org\/{rel}","templated":true}]}}