{"id":755417,"date":"2025-08-28T06:39:00","date_gmt":"2025-08-28T03:39:00","guid":{"rendered":"https:\/\/roveyayinevi.com.tr\/index.php\/urun\/prenses-gelin\/"},"modified":"2026-04-16T03:08:44","modified_gmt":"2026-04-16T00:08:44","slug":"prenses-gelin","status":"publish","type":"product","link":"https:\/\/roveyayinevi.com.tr\/index.php\/urun\/prenses-gelin\/","title":{"rendered":"Prenses Gelin"},"content":{"rendered":"<p>G\u00fczelli\u011fiyle \u00e7evresindeki t\u00fcm erkeklerin ba\u015f\u0131n\u0131 d\u00f6nd\u00fcrenButtercup, hayattaki tek ger\u00e7ek a\u015fk\u0131 oldu\u011funa inand\u0131\u011f\u0131 Westley&#8217;iAmerika yolculu\u011fu s\u0131ras\u0131nda kaybeder. Bundan sonra bir dahahi\u00e7 kimseyi sevemeyece\u011fine inanan Buttercup, s\u0131rf kendisineileride tahta ge\u00e7ecek bir o\u011flan \u00e7ocu\u011fu versin diye e\u015f arayan PrensHumperdinck&#8217;in evlenme teklifini kabul eder. Ancak bir s\u00fcresonra, dev Fezzik, kambur Vizzini ve \u0130spanyol Inigo&#8217;dan olu\u015fanaz\u0131l\u0131 bir \u00e7ete taraf\u0131ndan ka\u00e7\u0131r\u0131l\u0131r. Yollar\u0131 gizemli ve tehlikeli birkorsanla kesi\u015fti\u011findeyse her \u015fey de\u011fi\u015fir&#8230; Y\u0131llara meydan okuyan bir a\u015fk, bitmez bilmez maceralar,korsanlar, prensesler, devler, mucizeler, korku, heyecan&#8230; Fantastik kurguda bir klasik h\u00e2line gelenPrenses Gelin, masal tad\u0131nda, s\u00fcr\u00fckleyici bir gen\u00e7lik roman\u0131.<\/p>\n","protected":false},"excerpt":{"rendered":"<p>G\u00fczelli\u011fiyle \u00e7evresindeki t\u00fcm erkeklerin ba\u015f\u0131n\u0131 d\u00f6nd\u00fcrenButtercup, hayattaki tek ger\u00e7ek a\u015fk\u0131 oldu\u011funa inand\u0131\u011f\u0131 Westley&#8217;iAmerika yolculu\u011fu s\u0131ras\u0131nda kaybeder. Bundan sonra bir dahahi\u00e7 kimseyi sevemeyece\u011fine inanan Buttercup, s\u0131rf kendisineileride<span class=\"excerpt-hellip\"> [\u2026]<\/span><\/p>\n","protected":false},"featured_media":0,"template":"","meta":{"_monsterinsights_skip_tracking":false,"_monsterinsights_sitenote_active":false,"_monsterinsights_sitenote_note":"","_monsterinsights_sitenote_category":0},"product_brand":[],"product_cat":[12291,14777],"product_tag":[],"class_list":{"0":"post-755417","1":"product","2":"type-product","3":"status-publish","5":"product_cat-edebiyat","6":"product_cat-fantastik","7":"pa_cilt-ciltsiz","8":"pa_tur-kitap","9":"pa_yayinevi-epsilon-yayinlari","10":"pa_yazar-william-goldman","12":"first","13":"instock","14":"sale","15":"shipping-taxable","16":"purchasable","17":"product-type-simple"},"_links":{"self":[{"href":"https:\/\/roveyayinevi.com.tr\/index.php\/wp-json\/wp\/v2\/product\/755417","targetHints":{"allow":["GET"]}}],"collection":[{"href":"https:\/\/roveyayinevi.com.tr\/index.php\/wp-json\/wp\/v2\/product"}],"about":[{"href":"https:\/\/roveyayinevi.com.tr\/index.php\/wp-json\/wp\/v2\/types\/product"}],"wp:attachment":[{"href":"https:\/\/roveyayinevi.com.tr\/index.php\/wp-json\/wp\/v2\/media?parent=755417"}],"wp:term":[{"taxonomy":"product_brand","embeddable":true,"href":"https:\/\/roveyayinevi.com.tr\/index.php\/wp-json\/wp\/v2\/product_brand?post=755417"},{"taxonomy":"product_cat","embeddable":true,"href":"https:\/\/roveyayinevi.com.tr\/index.php\/wp-json\/wp\/v2\/product_cat?post=755417"},{"taxonomy":"product_tag","embeddable":true,"href":"https:\/\/roveyayinevi.com.tr\/index.php\/wp-json\/wp\/v2\/product_tag?post=755417"}],"curies":[{"name":"wp","href":"https:\/\/api.w.org\/{rel}","templated":true}]}}