{"id":755414,"date":"2025-08-28T06:38:55","date_gmt":"2025-08-28T03:38:55","guid":{"rendered":"https:\/\/roveyayinevi.com.tr\/index.php\/urun\/cocuk-kahramanlar-dizisi-5-kitap\/"},"modified":"2026-04-16T03:08:44","modified_gmt":"2026-04-16T00:08:44","slug":"cocuk-kahramanlar-dizisi-5-kitap","status":"publish","type":"product","link":"https:\/\/roveyayinevi.com.tr\/index.php\/urun\/cocuk-kahramanlar-dizisi-5-kitap\/","title":{"rendered":"\u00c7ocuk Kahramanlar Dizisi (5 Kitap)"},"content":{"rendered":"<p>Pinokyo \u2013 Carlo CollodiD\u00fcnyan\u0131n en \u00fcnl\u00fc \u00e7ocu\u011fu kim?  Tabii ki Pinokyo.Hani \u00f6nceleri bir kukla-\u00e7ocuk olarak ya\u015fayan&#8230;Yalan s\u00f6yleyince burnu uzayan&#8230;Ger\u00e7ek bir \u00e7ocuk olana dek ba\u015f\u0131na gelmedik kalmayan&#8230;Onunla \u00e7ok iyi arkada\u015f olacaks\u0131n\u0131z.Robin Hood \u2013 Howard PyleAkl\u0131, becerisi ve haks\u0131zl\u0131\u011fa kar\u015f\u0131 duru\u015fuyla t\u00fcm \u00e7aresizlerin s\u0131\u011f\u0131na\u011f\u0131 olan Robin Hood ile \u00fcnl\u00fc \u00e7etesi \u201cNe\u015feli Adamlar\u201d, Sherwood Ormanlar\u0131nda sizi bekliyor.Tom Sawyer \u2013 Mark TwainTom Sawyer, Amerikal\u0131 yazar Mark Twain&#8217;\u0131n unutulmaz ba\u015fyap\u0131t\u0131d\u0131r. 1876 y\u0131l\u0131nda yaz\u0131lan ve o y\u0131ldan beri pek \u00e7ok dile \u00e7evrilen Tom Sawyer, b\u00fct\u00fcn d\u00fcnya \u00e7ocuklar\u0131 i\u00e7in vazge\u00e7ilmez bir kitap olmu\u015ftur. Mark Twain, Mississippi \u0131rma\u011f\u0131 k\u0131y\u0131s\u0131nda yer alan bir kasabada ya\u015fayan Tom Sawyer ve arkada\u015f\u0131 Huckleberry Finn&#8217;in ba\u015f\u0131ndan ge\u00e7enleri alabildi\u011fine e\u011flenceli ve ak\u0131c\u0131 bir dille anlat\u0131yor. Sa\u011fduyulu, ak\u0131ll\u0131, cesur ama ba\u015f\u0131 da bir t\u00fcrl\u00fc dertten kurtulmayan Tom Sawyer&#8217;\u0131n maceralar\u0131nda, her \u00e7ocuk biraz kendini buluyor. San\u0131r\u0131z bu nedenle uzun y\u0131llard\u0131r keyifle okunuyor.Peter Pan &#8211; James Matthew BarrieD\u00fcnyada en \u00e7ok satan klasiklerden\u2026 Peter Pan ve sinir bozucu peri arkada\u015f\u0131 Tinker Bell, Darlinglerin \u00e7ocuk odas\u0131n\u0131n penceresinden i\u00e7eri girdikten sonra bir daha hi\u00e7bir \u015fey eskisi gibi olamayacakt\u0131r. Darlinglerin \u00fc\u00e7 \u00e7ocu\u011fu, Wendy, John ve Michael, Peter Pan&#8217;\u0131n pe\u015fine tak\u0131l\u0131p D\u00fc\u015fler \u00dclkesinin yolunu tutarlar. Burada Kay\u0131p \u00c7ocuklarla tan\u0131\u015f\u0131r, masmavi denizde oyun oynayan utanga\u00e7 denizk\u0131zlar\u0131n\u0131 izler, Kaptan Kanca&#8217;n\u0131n ac\u0131mas\u0131z korsan \u00e7etesiyle ve sonradan dost olacaklar\u0131 K\u0131z\u0131lderililerle kar\u015f\u0131la\u015f\u0131rlar.Heidi \u2013 Johanna SpyriY\u00fczy\u0131l\u0131 a\u015fk\u0131n zamand\u0131r d\u00fcnyan\u0131n bir\u00e7ok \u00fclkesinde \u00e7ocuklar\u0131n severek okudu\u011fu ve \u00e7izgi filme de uyarlanan Heidi&#8217;yi, Almanca orijinalinden Leyla Uslu \u00e7evirisi ve Maria L. Kirk&#8217;in \u00f6zg\u00fcn \u00e7izimleriyle \u00e7ocuklar\u0131m\u0131za sunuyoruz.Roman \u0130svi\u00e7re&#8217;nin sevimli bir da\u011f k\u00f6y\u00fcnde ba\u015flar. Teyzesi Heidi&#8217;yi Alp Dede&#8217;ye g\u00f6t\u00fcr\u00fcp b\u0131rak\u0131r. Bir s\u00fcre sonra Heidi huysuz olan dedesiyle, do\u011fayla ve arkada\u015f\u0131 Peter&#8217;le kayna\u015f\u0131r. 8 ya\u015f\u0131na geldi\u011finde okula gitmesi gereken Heidi&#8217;yi dedesi g\u00f6ndermek istemez. Bir g\u00fcn teyzesi \u00e7\u0131kagelir. Heidi&#8217;yi Frankfurt&#8217;a g\u00f6t\u00fcr\u00fcr. Heidi da\u011flar\u0131 \u00e7ok \u00f6zleyecek, ayaklar\u0131 tutmayan Clara ile dostluk kuracak, \u00e7evresine sevgi ve umut da\u011f\u0131tarak g\u00fczellikler yaratacakt\u0131r.<\/p>\n","protected":false},"excerpt":{"rendered":"<p>Pinokyo \u2013 Carlo CollodiD\u00fcnyan\u0131n en \u00fcnl\u00fc \u00e7ocu\u011fu kim? Tabii ki Pinokyo.Hani \u00f6nceleri bir kukla-\u00e7ocuk olarak ya\u015fayan&#8230;Yalan s\u00f6yleyince burnu uzayan&#8230;Ger\u00e7ek bir \u00e7ocuk olana dek ba\u015f\u0131na gelmedik kalmayan&#8230;Onunla<span class=\"excerpt-hellip\"> [\u2026]<\/span><\/p>\n","protected":false},"featured_media":0,"template":"","meta":{"_monsterinsights_skip_tracking":false,"_monsterinsights_sitenote_active":false,"_monsterinsights_sitenote_note":"","_monsterinsights_sitenote_category":0},"product_brand":[],"product_cat":[12274,12284],"product_tag":[],"class_list":{"0":"post-755414","1":"product","2":"type-product","3":"status-publish","5":"product_cat-cocuk-ve-genclik-kitaplari","6":"product_cat-hikayeler","7":"pa_cilt-set","8":"pa_tur-kitap","9":"pa_yayinevi-bilgi-yayinevi","10":"pa_yazar-kolektif","12":"first","13":"instock","14":"sale","15":"shipping-taxable","16":"purchasable","17":"product-type-simple"},"_links":{"self":[{"href":"https:\/\/roveyayinevi.com.tr\/index.php\/wp-json\/wp\/v2\/product\/755414","targetHints":{"allow":["GET"]}}],"collection":[{"href":"https:\/\/roveyayinevi.com.tr\/index.php\/wp-json\/wp\/v2\/product"}],"about":[{"href":"https:\/\/roveyayinevi.com.tr\/index.php\/wp-json\/wp\/v2\/types\/product"}],"wp:attachment":[{"href":"https:\/\/roveyayinevi.com.tr\/index.php\/wp-json\/wp\/v2\/media?parent=755414"}],"wp:term":[{"taxonomy":"product_brand","embeddable":true,"href":"https:\/\/roveyayinevi.com.tr\/index.php\/wp-json\/wp\/v2\/product_brand?post=755414"},{"taxonomy":"product_cat","embeddable":true,"href":"https:\/\/roveyayinevi.com.tr\/index.php\/wp-json\/wp\/v2\/product_cat?post=755414"},{"taxonomy":"product_tag","embeddable":true,"href":"https:\/\/roveyayinevi.com.tr\/index.php\/wp-json\/wp\/v2\/product_tag?post=755414"}],"curies":[{"name":"wp","href":"https:\/\/api.w.org\/{rel}","templated":true}]}}