{"id":755410,"date":"2025-08-28T06:38:48","date_gmt":"2025-08-28T03:38:48","guid":{"rendered":"https:\/\/roveyayinevi.com.tr\/index.php\/urun\/gufi\/"},"modified":"2026-04-16T03:08:29","modified_gmt":"2026-04-16T00:08:29","slug":"gufi","status":"publish","type":"product","link":"https:\/\/roveyayinevi.com.tr\/index.php\/urun\/gufi\/","title":{"rendered":"Gufi"},"content":{"rendered":"<p>Nehir Yarar, y\u0131llar\u0131n deneyimine dayanan, masals\u0131 bir anlat\u0131mla, \u015fiir tad\u0131nda \u00f6yk\u00fclerle bu kez k\u00fc\u00e7\u00fck okurlar\u0131m\u0131zla bulu\u015fuyor<\/p>\n","protected":false},"excerpt":{"rendered":"<p>Nehir Yarar, y\u0131llar\u0131n deneyimine dayanan, masals\u0131 bir anlat\u0131mla, \u015fiir tad\u0131nda \u00f6yk\u00fclerle bu kez k\u00fc\u00e7\u00fck okurlar\u0131m\u0131zla bulu\u015fuyor<\/p>\n","protected":false},"featured_media":0,"template":"","meta":{"_monsterinsights_skip_tracking":false,"_monsterinsights_sitenote_active":false,"_monsterinsights_sitenote_note":"","_monsterinsights_sitenote_category":0},"product_brand":[],"product_cat":[12274,12284],"product_tag":[],"class_list":{"0":"post-755410","1":"product","2":"type-product","3":"status-publish","5":"product_cat-cocuk-ve-genclik-kitaplari","6":"product_cat-hikayeler","7":"pa_cilt-ciltsiz","8":"pa_tur-kitap","9":"pa_yayinevi-altin-kitaplar","10":"pa_yazar-nehir-yarar","12":"first","13":"instock","14":"sale","15":"shipping-taxable","16":"purchasable","17":"product-type-simple"},"_links":{"self":[{"href":"https:\/\/roveyayinevi.com.tr\/index.php\/wp-json\/wp\/v2\/product\/755410","targetHints":{"allow":["GET"]}}],"collection":[{"href":"https:\/\/roveyayinevi.com.tr\/index.php\/wp-json\/wp\/v2\/product"}],"about":[{"href":"https:\/\/roveyayinevi.com.tr\/index.php\/wp-json\/wp\/v2\/types\/product"}],"wp:attachment":[{"href":"https:\/\/roveyayinevi.com.tr\/index.php\/wp-json\/wp\/v2\/media?parent=755410"}],"wp:term":[{"taxonomy":"product_brand","embeddable":true,"href":"https:\/\/roveyayinevi.com.tr\/index.php\/wp-json\/wp\/v2\/product_brand?post=755410"},{"taxonomy":"product_cat","embeddable":true,"href":"https:\/\/roveyayinevi.com.tr\/index.php\/wp-json\/wp\/v2\/product_cat?post=755410"},{"taxonomy":"product_tag","embeddable":true,"href":"https:\/\/roveyayinevi.com.tr\/index.php\/wp-json\/wp\/v2\/product_tag?post=755410"}],"curies":[{"name":"wp","href":"https:\/\/api.w.org\/{rel}","templated":true}]}}