{"id":755407,"date":"2025-08-28T06:38:43","date_gmt":"2025-08-28T03:38:43","guid":{"rendered":"https:\/\/roveyayinevi.com.tr\/index.php\/urun\/goremedigimiz-tum-isiklar-ciltli\/"},"modified":"2026-04-06T03:21:57","modified_gmt":"2026-04-06T00:21:57","slug":"goremedigimiz-tum-isiklar-ciltli","status":"publish","type":"product","link":"https:\/\/roveyayinevi.com.tr\/index.php\/urun\/goremedigimiz-tum-isiklar-ciltli\/","title":{"rendered":"G\u00f6remedi\u011fimiz T\u00fcm I\u015f\u0131klar (Ciltli)"},"content":{"rendered":"<p>45 D\u0130LDE, 15 M\u0130LYON OKUYUCUYA ULA\u015eAN PULITZER \u00d6D\u00dcLL\u00dc ROMAN\u201cG\u00f6zlerinizi a\u00e7\u0131n ve sonsuza kadar kapanmadan \u00f6nce ne kadar \u00e7ok \u015fey g\u00f6rebilirseniz g\u00f6ru\u0308n.\u201dMarie-Laure, bir m\u00fczede kilit ustas\u0131 olan babas\u0131yla birlikte Paris\u2019te ya\u015famaktad\u0131r. G\u00f6zleri g\u00fcn ge\u00e7tik\u00e7e daha az g\u00f6rmeye ba\u015flayan Marie-Laure, alt\u0131 ya\u015f\u0131na geldi\u011finde g\u00f6rme yetisini tamamen kaybeder. Babas\u0131 ona ya\u015fad\u0131klar\u0131 mahallenin m\u00fckemmel bir minyat\u00fcr\u00fcn\u00fc yapar, b\u00f6ylece her yeri parmaklar\u0131yla ezberler ve art\u0131k d\u0131\u015far\u0131 \u00e7\u0131kt\u0131\u011f\u0131nda evinin yolunu bulabilecektir. On iki ya\u015f\u0131ndayken, bir sabah sava\u015f\u0131n kara bulutlar\u0131 \u015fehrin \u00fczerine \u00e7\u00f6k\u00fcnce, yanlar\u0131na m\u00fczeye ait i\u00e7i s\u0131rlarla dolu bir ta\u015f\u0131 da alarak Fransa&#8217;da deniz kenar\u0131nda bir evde ya\u015fayan ve yirmi y\u0131ld\u0131r d\u0131\u015far\u0131 ad\u0131m atmam\u0131\u015f olan amcalar\u0131n\u0131n yan\u0131na gitmek zorunda kal\u0131rlar.Almanya\u2019da bir maden kasabas\u0131nda k\u0131z karde\u015fiyle birlikte bir yetimhanede b\u00fcy\u00fcyen Werner\u2019in \u00f6n\u00fcndeki tek se\u00e7enek, on be\u015f ya\u015f\u0131na geldi\u011finde babas\u0131n\u0131n \u00f6ld\u00fc\u011f\u00fc madende \u00e7al\u0131\u015fmakt\u0131r. I\u015f\u0131k kadar beyaz sa\u00e7lar\u0131 ve sonsuz merak i\u00e7inde y\u00fczen zihni ile Werner \u00f6zel bir \u00e7ocuktur. Bir g\u00fcn \u015fans eseri eski bir radyo bulur ve bunu \u00e7al\u0131\u015f\u0131r hale getirir. Kar\u015f\u0131la\u015ft\u0131\u011f\u0131 her elektronik aleti h\u0131zl\u0131ca tamir etmeye ba\u015flay\u0131nca bir subay taraf\u0131ndan ke\u015ffedilir ve \u00f6zel bir okula gitme f\u0131rsat\u0131 elde eder. Orada d\u00e2hi olmas\u0131n\u0131n bedelini \u00f6deyip, hayat\u0131n ac\u0131 taraflar\u0131na tan\u0131kl\u0131k ederken kendisini Marie-Laure ile kaderlerinin kesi\u015fece\u011fi Saint-Malo\u2019da bulur.G\u00f6remedi\u011fimiz T\u00fcm I\u015f\u0131klar yay\u0131nland\u0131\u011f\u0131ndan beri milyonlarca satt\u0131 ve son y\u0131llar\u0131n t\u00fcm d\u00fcnyada en \u00e7ok konu\u015fulan romanlar\u0131ndan biri oldu.Pulitzer &#8211; Y\u0131l\u0131n roman\u0131 \u00f6d\u00fcl\u00fcNew York Times &#8211; Y\u0131l\u0131n en iyi on kitab\u0131ndan biriGoodreads ve Wall Street Journal \u2013 Okuyucu tercihleriyle y\u0131l\u0131n en iyi tarihi roman\u0131Amazon &#8211; Y\u0131l\u0131nen iyi \u00fc\u00e7 kitab\u0131ndan biriApple \u2013 Y\u0131l\u0131n kitab\u0131The Guardian \u2013Y\u0131l\u0131n en iyi kitaplar\u0131ndan biriKirkus \u2013 Y\u0131l\u0131n en iyi roman\u0131Library Reads, Hudson Bookseller, Kobo, Bookpage, Washington Post, audible.com ve Indigo \u2013 Y\u0131l\u0131n en iyi kitab\u0131National Book Award finalisti<\/p>\n","protected":false},"excerpt":{"rendered":"<p>45 D\u0130LDE, 15 M\u0130LYON OKUYUCUYA ULA\u015eAN PULITZER \u00d6D\u00dcLL\u00dc ROMAN\u201cG\u00f6zlerinizi a\u00e7\u0131n ve sonsuza kadar kapanmadan \u00f6nce ne kadar \u00e7ok \u015fey g\u00f6rebilirseniz g\u00f6ru\u0308n.\u201dMarie-Laure, bir m\u00fczede kilit ustas\u0131 olan<span class=\"excerpt-hellip\"> [\u2026]<\/span><\/p>\n","protected":false},"featured_media":0,"template":"","meta":{"_monsterinsights_skip_tracking":false,"_monsterinsights_sitenote_active":false,"_monsterinsights_sitenote_note":"","_monsterinsights_sitenote_category":0},"product_brand":[],"product_cat":[12291,12711],"product_tag":[],"class_list":{"0":"post-755407","1":"product","2":"type-product","3":"status-publish","5":"product_cat-edebiyat","6":"product_cat-roman-oyku","7":"pa_cilt-ciltli","8":"pa_tur-kitap","9":"pa_yayinevi-diyojen-yayincilik","10":"pa_yazar-anthony-doerr","12":"first","13":"instock","14":"sale","15":"shipping-taxable","16":"purchasable","17":"product-type-simple"},"_links":{"self":[{"href":"https:\/\/roveyayinevi.com.tr\/index.php\/wp-json\/wp\/v2\/product\/755407","targetHints":{"allow":["GET"]}}],"collection":[{"href":"https:\/\/roveyayinevi.com.tr\/index.php\/wp-json\/wp\/v2\/product"}],"about":[{"href":"https:\/\/roveyayinevi.com.tr\/index.php\/wp-json\/wp\/v2\/types\/product"}],"wp:attachment":[{"href":"https:\/\/roveyayinevi.com.tr\/index.php\/wp-json\/wp\/v2\/media?parent=755407"}],"wp:term":[{"taxonomy":"product_brand","embeddable":true,"href":"https:\/\/roveyayinevi.com.tr\/index.php\/wp-json\/wp\/v2\/product_brand?post=755407"},{"taxonomy":"product_cat","embeddable":true,"href":"https:\/\/roveyayinevi.com.tr\/index.php\/wp-json\/wp\/v2\/product_cat?post=755407"},{"taxonomy":"product_tag","embeddable":true,"href":"https:\/\/roveyayinevi.com.tr\/index.php\/wp-json\/wp\/v2\/product_tag?post=755407"}],"curies":[{"name":"wp","href":"https:\/\/api.w.org\/{rel}","templated":true}]}}