{"id":755397,"date":"2025-08-28T06:38:29","date_gmt":"2025-08-28T03:38:29","guid":{"rendered":"https:\/\/roveyayinevi.com.tr\/index.php\/urun\/sosyal-politika\/"},"modified":"2026-04-16T03:08:29","modified_gmt":"2026-04-16T00:08:29","slug":"sosyal-politika","status":"publish","type":"product","link":"https:\/\/roveyayinevi.com.tr\/index.php\/urun\/sosyal-politika\/","title":{"rendered":"Sosyal Politika"},"content":{"rendered":"<p>Yeni d\u00fcnya d\u00fczeni, ba\u015fta beslenme ve bar\u0131nma sorunlar\u0131 olmak \u00fczere, yoksulluk, g\u00f6\u00e7, k\u00f6lelik, i\u015fsizlik, g\u00fcvencesizlik, \u00f6rg\u00fcts\u00fczl\u00fck ve toplumsal cinsiyet konular\u0131nda yeni sorunlar\u0131, yeni \u00e7al\u0131\u015fma bi\u00e7imleri ile yeni i\u015fleri, yetersiz sa\u011fl\u0131k ve e\u011fitim uygulamalar\u0131n\u0131 getirmi\u015ftir. Sosyal politikan\u0131n finansalla\u015fmas\u0131 nedeniyle bulunan \u00e7\u00f6z\u00fcmler de beklenen fayday\u0131 sa\u011flamamaktad\u0131r. Gen\u00e7 akademisyenlerin bu t\u00fcr \u00e7ok boyutlu ve kapsaml\u0131 bir \u00e7al\u0131\u015fmay\u0131 yapm\u0131\u015f olmalar\u0131n\u0131 takdirle kar\u015f\u0131lamak gerekir. Bug\u00fcn\u00fcn sosyal politika alan\u0131ndaki yeni yakla\u015f\u0131mlar\u0131n, uygulamalar\u0131n ve bunlar\u0131n i\u015fe yararl\u0131\u011f\u0131n\u0131n tart\u0131\u015f\u0131ld\u0131\u011f\u0131 bu kitab\u0131n, alana \u00f6nemli katk\u0131da bulunan g\u00fcncel bir \u00e7al\u0131\u015fma olmas\u0131n\u0131 diliyorum.Prof. Dr. \u0130lkay Savc\u0131Sosyal politika alan\u0131nda \u00e7al\u0131\u015fan gen\u00e7 akademisyenlerin katk\u0131da bulundu\u011fu bu derleme kitap, son y\u0131llarda \u00e7al\u0131\u015fma ya\u015fam\u0131n\u0131 derinden etkileyen ve \u015fekillendiren g\u00fcncel geli\u015fmeleri emek perspektifi ile ele almakta ve tart\u0131\u015fmaya a\u00e7maktad\u0131r. Bundan birka\u00e7 on y\u0131l \u00f6nce ak\u0131llara bile gelmeyen yeni, h\u0131zl\u0131 ve \u00e7al\u0131\u015fma ya\u015fam\u0131n\u0131 yeniden bi\u00e7imlendiren geli\u015fmeler, ulusal ve uluslararas\u0131 sosyal politikan\u0131n \u00f6nemini bir kez daha \u00f6ne \u00e7\u0131karmaktad\u0131r. Klasik sosyal politika konular\u0131n\u0131n \u00f6tesine ge\u00e7en bu kitap, \u00e7al\u0131\u015fma ya\u015fam\u0131n\u0131 ve g\u00fcndelik ya\u015fam\u0131 etkileyen de\u011fi\u015fim ve d\u00f6n\u00fc\u015f\u00fcm s\u00fcrecini s\u0131n\u0131f perspektifi ile ele\u015ftirel bir yakla\u015f\u0131mla ele almakta, okuyucunun kafas\u0131ndaki baz\u0131 sorulara cevap bulmas\u0131na yard\u0131mc\u0131 olurken ayn\u0131 zamanda yeni sorular sormas\u0131na neden olmaktad\u0131r. Prof. Dr. Banu U\u00e7kan Hekimler\u201cYe\u015fil dijital d\u00f6n\u00fc\u015f\u00fcm\u00fc\u201d ya\u015famlar\u0131m\u0131z\u0131n her alan\u0131nda yo\u011fun bir \u015fekilde deneyimledi\u011fimiz bir d\u00f6nemdeyiz. Hepimiz ne olaca\u011f\u0131n\u0131n belirsizli\u011fiyle ya\u015famaya \u00e7al\u0131\u015fma \u00e7abas\u0131 i\u00e7erisindeyiz. Elinizdeki bu \u00e7al\u0131\u015fma b\u00f6ylesi bir d\u00f6nemde toplumlar\u0131n refah\u0131n\u0131 bir b\u00fct\u00fcn olarak sa\u011flamaya y\u00f6nelik sosyal politikalar\u0131n nas\u0131l bir anlay\u0131\u015fla ele al\u0131nmas\u0131 gerekti\u011fine ili\u015fkin ge\u00e7mi\u015ften al\u0131nan dersler \u0131\u015f\u0131\u011f\u0131nda yak\u0131n gelecekte \u00e7ok daha yo\u011fun bir bi\u00e7imde g\u00fcndemimizde olacak nas\u0131l bir sosyal politika tart\u0131\u015fmalar\u0131 i\u00e7in \u00f6nemli bir \u00e7\u0131k\u0131\u015f noktas\u0131 sunuyor.Prof. Dr. \u015eenay G\u00f6kbayrakElinizdeki kitap, \u00e7al\u0131\u015fma sosyolojisi ve sosyal politika alan\u0131nda tart\u0131\u015f\u0131lan s\u0131cak konular\u0131n bir kesi\u015fimini veriyor. Yazarlar, bu kesi\u015fimi g\u00f6rmek isteyebilecek ele\u015ftirel d\u00fc\u015f\u00fcnmeye e\u011filimli ve merakl\u0131 \u00f6\u011frencilere ve ara\u015ft\u0131rmac\u0131lara hitap ederek \u00e7ok \u00f6nemli bir katk\u0131 sa\u011fl\u0131yor.Prof. Dr. Sad\u0131k K\u0131l\u0131\u00e7Dijitalle\u015fme ve Sosyal Politika: Kuramsal Bir De\u011ferlendirme MEHMET AT\u0130LLA G\u00dcLER \u2022 Toplumsaldan Bireysele: S\u00fcrekli Vas\u0131fland\u0131rma S\u00f6yleminin Ele\u015ftirel Tahlili G\u00dcVEN SAVUL \u2022 Dijitalle\u015fen D\u00fcnyan\u0131n Yeni E\u015fitsizlikleri: Dijital U\u00e7urum \u00d6ZGE KAHRAMAN ERS\u00d6Z \u2022 Emek-Ekoloji K\u0131skac\u0131nda \u0130\u015fg\u00fcc\u00fc Piyasas\u0131: Kahverengi \u0130\u015flerden Ye\u015fil \u0130\u015flere NURAY \u015eAH\u0130N \u2022 Toplumsal Cinsiyet ve Feminist Teoriler Ekseninde Ye\u015fil \u0130\u015flere Bak\u0131\u015f FATMA YE\u015e\u0130LKAYA \u2022 Dijitalle\u015fme, Adil Ge\u00e7i\u015f Ye\u015fil \u0130\u015fler Ekseninde \u0130\u015f Hukukunun Gelece\u011fi GAYE BURCU YILDIZ \u2022 Kuramsal, Tarihsel ve Olgusal Dayanaklar\u0131yla Uzaktan \u00c7al\u0131\u015fma ve Eri\u015filememe Hakk\u0131 ORKUN SA\u0130P DURMAZ \u2022 21. Y\u00fczy\u0131lda Alternatif Ekonomik Yakla\u015f\u0131mlar\u0131n Refah Ara\u00e7lar\u0131 ONUR MET\u0130N \u2022 S\u0131n\u0131fsal G\u00f6r\u00fcn\u00fcm\u00fc Bask\u0131lama Arac\u0131 Olarak Yoksulluk Anlat\u0131s\u0131 \u00d6ZTEK\u0130N D\u00dcZG\u00dcN \u2022 Bir S\u0131n\u0131fsal Tahakk\u00fcm Bi\u00e7imi Olarak Sosyal Politikan\u0131n Finansalla\u015fmas\u0131: D\u00fcnya Bankas\u0131\u2019n\u0131n Evrensel Sa\u011fl\u0131k Korumas\u0131 G\u00fcndemi AYL\u0130N G\u00dcLER \u00dcNL\u00dc \u2022 \u0130klim G\u00f6\u00e7\u00fc ve \u0130\u015f\u00e7i S\u0131n\u0131f\u0131n\u0131n De\u011fi\u015fen Dinamikleri \u0130LAYDA ERTURUN \u2022 Teoride ve Pratikte Kooperatif\u00e7ilik: \u00dcretim \u0130li\u015fkileri Perspektifinden Bir Analiz \u00d6ZAL \u00c7\u0130\u00c7EK-\u00c7A\u011eATAY EDG\u00dcCAN \u015eAH\u0130N \u2022 Hakikatler, Masallar ve \u00c2limler: Kafa Eme\u011fi-Kol Eme\u011fi Ayr\u0131m\u0131 Aras\u0131nda Akademik \u00d6zne EMEK \u00d6NDER \u00dcNL\u00dc \u2022 Ta\u015feron \u0130\u015f\u00e7iden Toplum Yarar\u0131na Program \u201cKat\u0131l\u0131mc\u0131s\u0131na\u201d: Kamuda G\u00fcvencesizli\u011fin D\u00f6n\u00fc\u015f\u00fcm\u00fc C\u00dcNEYT EREN \u2022 \u0130\u015f\u00e7i Sa\u011fl\u0131\u011f\u0131 ve Sendikalar: T\u00fcrkiye\u2019ye Uzanan Hat\u0131rlatmalar, Belirlemeler, Sorgulamalar DEN\u0130ZCAN KUTLU <\/p>\n","protected":false},"excerpt":{"rendered":"<p>Yeni d\u00fcnya d\u00fczeni, ba\u015fta beslenme ve bar\u0131nma sorunlar\u0131 olmak \u00fczere, yoksulluk, g\u00f6\u00e7, k\u00f6lelik, i\u015fsizlik, g\u00fcvencesizlik, \u00f6rg\u00fcts\u00fczl\u00fck ve toplumsal cinsiyet konular\u0131nda yeni sorunlar\u0131, yeni \u00e7al\u0131\u015fma bi\u00e7imleri ile<span class=\"excerpt-hellip\"> [\u2026]<\/span><\/p>\n","protected":false},"featured_media":0,"template":"","meta":{"_monsterinsights_skip_tracking":false,"_monsterinsights_sitenote_active":false,"_monsterinsights_sitenote_note":"","_monsterinsights_sitenote_category":0},"product_brand":[],"product_cat":[13590,12337],"product_tag":[],"class_list":{"0":"post-755397","1":"product","2":"type-product","3":"status-publish","5":"product_cat-arastirma-inceleme-politika-siyaset","6":"product_cat-politika-siyaset","7":"pa_cilt-ciltsiz","8":"pa_tur-kitap","9":"pa_yayinevi-nika-yayinevi","10":"pa_yazar-serter-oran","12":"first","13":"instock","14":"sale","15":"shipping-taxable","16":"purchasable","17":"product-type-simple"},"_links":{"self":[{"href":"https:\/\/roveyayinevi.com.tr\/index.php\/wp-json\/wp\/v2\/product\/755397","targetHints":{"allow":["GET"]}}],"collection":[{"href":"https:\/\/roveyayinevi.com.tr\/index.php\/wp-json\/wp\/v2\/product"}],"about":[{"href":"https:\/\/roveyayinevi.com.tr\/index.php\/wp-json\/wp\/v2\/types\/product"}],"wp:attachment":[{"href":"https:\/\/roveyayinevi.com.tr\/index.php\/wp-json\/wp\/v2\/media?parent=755397"}],"wp:term":[{"taxonomy":"product_brand","embeddable":true,"href":"https:\/\/roveyayinevi.com.tr\/index.php\/wp-json\/wp\/v2\/product_brand?post=755397"},{"taxonomy":"product_cat","embeddable":true,"href":"https:\/\/roveyayinevi.com.tr\/index.php\/wp-json\/wp\/v2\/product_cat?post=755397"},{"taxonomy":"product_tag","embeddable":true,"href":"https:\/\/roveyayinevi.com.tr\/index.php\/wp-json\/wp\/v2\/product_tag?post=755397"}],"curies":[{"name":"wp","href":"https:\/\/api.w.org\/{rel}","templated":true}]}}