{"id":755396,"date":"2025-08-28T06:38:28","date_gmt":"2025-08-28T03:38:28","guid":{"rendered":"https:\/\/roveyayinevi.com.tr\/index.php\/urun\/sosyo-ontolojik-yazilar\/"},"modified":"2026-04-16T03:08:29","modified_gmt":"2026-04-16T00:08:29","slug":"sosyo-ontolojik-yazilar","status":"publish","type":"product","link":"https:\/\/roveyayinevi.com.tr\/index.php\/urun\/sosyo-ontolojik-yazilar\/","title":{"rendered":"Sosyo-Ontolojik Yaz\u0131lar"},"content":{"rendered":"<p>Varl\u0131k ve hayat\u0131n en temel \u00f6zelli\u011fi, s\u00fcrekli ve sonsuz g\u00fczelli\u011fe do\u011fru evrimle\u015fmesidir. Bu evrim ve geli\u015fme s\u00fcrecinin ana karakteri yaz\u0131l\u0131md\u0131r. 14 Milyar y\u0131l \u00f6nce bug\u00fcnk\u00fc k\u00e2inat\u0131 netice verecek tarzda yaz\u0131l\u0131m ve plan vard\u0131. \u00d6nce madde \u00e7orba halinde idi. Sonra Fizik do\u011fdu, sonra Kimya do\u011fdu, sonra fizik ve metafizik ortas\u0131 demek olan Biyoloji do\u011fdu. Tevrat Tekvin, 2. bap, Fizik ve Kimya boyutunu cennetin normal a\u011fa\u00e7lar\u0131 olarak anlat\u0131r. Ve cennetin ortas\u0131n da Allah (fizik ve metafizik ortas\u0131nda) hayat a\u011fac\u0131n\u0131 (Biyolojiyi) yaratt\u0131 diyor. Fakat bu hayat a\u011fac\u0131ndan \u00c2demin: Soyutu bilen insan\u0131n yemesini yasak etti. Onun seks ve beden olarak de\u011fil de ruhani olarak ya\u015famas\u0131n\u0131 istedi. Ama insan hep o a\u011fa\u00e7tan yiyor. Sonra sorumluluk d\u00fcnyas\u0131na at\u0131l\u0131yor, yine ruhani bir varl\u0131k oluyor.   Ey hurafele\u015fmi\u015f, denge ve ahlak ilkelerini b\u0131rakm\u0131\u015f, dolay\u0131s\u0131yla K\u00fcrtler gibi mazlum milletlere zulmeden dindarlara k\u0131zan ve ger\u00e7ek manas\u0131nda tam bir cennet olan varl\u0131k ve hayat alemini abs\u00fcrt ve anlams\u0131z g\u00f6rmeye ba\u015flayan ve sonu\u00e7ta hayat\u0131 kendilerine karanl\u0131k bir cehenneme d\u00f6n\u00fc\u015ft\u00fcren ayd\u0131n hem\u015fehrilerim!&#8230; \u00dc\u00e7 \u015feyle bu hayat ve bilgi cennetini kazanabiliriz. A) Dilbilgisi, B) Fen Bilgisi, C) \u00d6zg\u00fcr D\u00fc\u015f\u00fcnce.   Hayat sade ve basit oldu\u011fu gibi dinler de \u00f6yle binlerce hurafe de\u011filler. Temel be\u015f-on ilkeden olu\u015fuyorlar. Ve dinler ge\u00e7mi\u015ften daha \u00e7ok gelece\u011fe bak\u0131yorlar. Mesela Musa, hukuk ve devlet demektir. Sosyal hayat\u0131n nehir gibi akmas\u0131 manas\u0131na gelir. \u0130sa, ruhaniyet ve \u00fcst hukuk demek olan ahlak demektir. Bu olursa \u015feriata hi\u00e7 gerek kalm\u0131yor. Muhammed, \u0130slam demektir. \u0130slam ba\u015fta iman ve bilim, kad\u0131n ve erkek, zengin ve fakir olmak \u00fczere b\u00fct\u00fcn z\u0131tl\u0131klar\u0131 bar\u0131\u015ft\u0131r\u0131p hayat\u0131 anlamland\u0131rmak demektir. Fakat M. \u0130kbal\u2019in deyimiyle fiili materyalist ve cebriyeci olan Emeviler, kar\u015f\u0131 devrim yapt\u0131lar. Ali\u2019nin \u0130slam\u2019\u0131 tam ya\u015fanmad\u0131. (Ali \u015eeriati) <\/p>\n","protected":false},"excerpt":{"rendered":"<p>Varl\u0131k ve hayat\u0131n en temel \u00f6zelli\u011fi, s\u00fcrekli ve sonsuz g\u00fczelli\u011fe do\u011fru evrimle\u015fmesidir. Bu evrim ve geli\u015fme s\u00fcrecinin ana karakteri yaz\u0131l\u0131md\u0131r. 14 Milyar y\u0131l \u00f6nce bug\u00fcnk\u00fc k\u00e2inat\u0131<span class=\"excerpt-hellip\"> [\u2026]<\/span><\/p>\n","protected":false},"featured_media":0,"template":"","meta":{"_monsterinsights_skip_tracking":false,"_monsterinsights_sitenote_active":false,"_monsterinsights_sitenote_note":"","_monsterinsights_sitenote_category":0},"product_brand":[],"product_cat":[52477],"product_tag":[],"class_list":{"0":"post-755396","1":"product","2":"type-product","3":"status-publish","5":"product_cat-arastirma","6":"pa_cilt-ciltsiz","7":"pa_tur-kitap","8":"pa_yayinevi-gulnar-yayinlari","9":"pa_yazar-bahaeddin-saglam","11":"first","12":"instock","13":"sale","14":"shipping-taxable","15":"purchasable","16":"product-type-simple"},"_links":{"self":[{"href":"https:\/\/roveyayinevi.com.tr\/index.php\/wp-json\/wp\/v2\/product\/755396","targetHints":{"allow":["GET"]}}],"collection":[{"href":"https:\/\/roveyayinevi.com.tr\/index.php\/wp-json\/wp\/v2\/product"}],"about":[{"href":"https:\/\/roveyayinevi.com.tr\/index.php\/wp-json\/wp\/v2\/types\/product"}],"wp:attachment":[{"href":"https:\/\/roveyayinevi.com.tr\/index.php\/wp-json\/wp\/v2\/media?parent=755396"}],"wp:term":[{"taxonomy":"product_brand","embeddable":true,"href":"https:\/\/roveyayinevi.com.tr\/index.php\/wp-json\/wp\/v2\/product_brand?post=755396"},{"taxonomy":"product_cat","embeddable":true,"href":"https:\/\/roveyayinevi.com.tr\/index.php\/wp-json\/wp\/v2\/product_cat?post=755396"},{"taxonomy":"product_tag","embeddable":true,"href":"https:\/\/roveyayinevi.com.tr\/index.php\/wp-json\/wp\/v2\/product_tag?post=755396"}],"curies":[{"name":"wp","href":"https:\/\/api.w.org\/{rel}","templated":true}]}}