{"id":755395,"date":"2025-08-28T06:38:27","date_gmt":"2025-08-28T03:38:27","guid":{"rendered":"https:\/\/roveyayinevi.com.tr\/index.php\/urun\/yagli-boya-tablo-takvimi-2024-duvar-takvimi\/"},"modified":"2026-04-16T03:08:29","modified_gmt":"2026-04-16T00:08:29","slug":"yagli-boya-tablo-takvimi-2024-duvar-takvimi","status":"publish","type":"product","link":"https:\/\/roveyayinevi.com.tr\/index.php\/urun\/yagli-boya-tablo-takvimi-2024-duvar-takvimi\/","title":{"rendered":"Ya\u011fl\u0131 Boya Tablo Takvimi 2024 Duvar Takvimi"},"content":{"rendered":"<p>2024 Ya\u011fl\u0131 Boya Tablo Duvar Takvimi sayesinde yeni seneye e\u015fsiz resimler e\u015fli\u011finde merhaba diyeceksiniz. Yerli ve yabanc\u0131 pek \u00e7ok \u00fcnl\u00fc ressam\u0131n birbirinden g\u00fczel resimlerini i\u00e7eren bu takvim duvarlar\u0131n\u0131z\u0131 s\u00fcsleyecek. <\/p>\n","protected":false},"excerpt":{"rendered":"<p>2024 Ya\u011fl\u0131 Boya Tablo Duvar Takvimi sayesinde yeni seneye e\u015fsiz resimler e\u015fli\u011finde merhaba diyeceksiniz. Yerli ve yabanc\u0131 pek \u00e7ok \u00fcnl\u00fc ressam\u0131n birbirinden g\u00fczel resimlerini i\u00e7eren bu<span class=\"excerpt-hellip\"> [\u2026]<\/span><\/p>\n","protected":false},"featured_media":0,"template":"","meta":{"_monsterinsights_skip_tracking":false,"_monsterinsights_sitenote_active":false,"_monsterinsights_sitenote_note":"","_monsterinsights_sitenote_category":0},"product_brand":[],"product_cat":[28265,15563],"product_tag":[],"class_list":{"0":"post-755395","1":"product","2":"type-product","3":"status-publish","5":"product_cat-diger-hobi","6":"product_cat-hobi","7":"pa_cilt-ciltsiz","8":"pa_tur-kitap20","9":"pa_yayinevi-angora-kitaplari","10":"pa_yazar-kolektif","12":"first","13":"instock","14":"sale","15":"shipping-taxable","16":"purchasable","17":"product-type-simple"},"_links":{"self":[{"href":"https:\/\/roveyayinevi.com.tr\/index.php\/wp-json\/wp\/v2\/product\/755395","targetHints":{"allow":["GET"]}}],"collection":[{"href":"https:\/\/roveyayinevi.com.tr\/index.php\/wp-json\/wp\/v2\/product"}],"about":[{"href":"https:\/\/roveyayinevi.com.tr\/index.php\/wp-json\/wp\/v2\/types\/product"}],"wp:attachment":[{"href":"https:\/\/roveyayinevi.com.tr\/index.php\/wp-json\/wp\/v2\/media?parent=755395"}],"wp:term":[{"taxonomy":"product_brand","embeddable":true,"href":"https:\/\/roveyayinevi.com.tr\/index.php\/wp-json\/wp\/v2\/product_brand?post=755395"},{"taxonomy":"product_cat","embeddable":true,"href":"https:\/\/roveyayinevi.com.tr\/index.php\/wp-json\/wp\/v2\/product_cat?post=755395"},{"taxonomy":"product_tag","embeddable":true,"href":"https:\/\/roveyayinevi.com.tr\/index.php\/wp-json\/wp\/v2\/product_tag?post=755395"}],"curies":[{"name":"wp","href":"https:\/\/api.w.org\/{rel}","templated":true}]}}