{"id":755393,"date":"2025-08-28T06:38:23","date_gmt":"2025-08-28T03:38:23","guid":{"rendered":"https:\/\/roveyayinevi.com.tr\/index.php\/urun\/bilge-balina\/"},"modified":"2026-04-16T03:08:29","modified_gmt":"2026-04-16T00:08:29","slug":"bilge-balina","status":"publish","type":"product","link":"https:\/\/roveyayinevi.com.tr\/index.php\/urun\/bilge-balina\/","title":{"rendered":"Bilge Balina"},"content":{"rendered":"<p>Okyanusun en b\u00fcy\u00fck canl\u0131lar\u0131ndan biri olan Bilge Balina, okyanustaki maceralar\u0131n\u0131 anlat\u0131yor. S\u00fcr\u00fckleyici, heyecanl\u0131 bir \u00f6yk\u00fcyle bizi deniz canl\u0131lar\u0131n\u0131n d\u00fcnyas\u0131na g\u00f6t\u00fcr\u00fcyor. Keyifle okunacak bilgi ve macera dolu bu \u00f6yk\u00fcy\u00fc \u00e7ok seveceksiniz. <\/p>\n","protected":false},"excerpt":{"rendered":"<p>Okyanusun en b\u00fcy\u00fck canl\u0131lar\u0131ndan biri olan Bilge Balina, okyanustaki maceralar\u0131n\u0131 anlat\u0131yor. S\u00fcr\u00fckleyici, heyecanl\u0131 bir \u00f6yk\u00fcyle bizi deniz canl\u0131lar\u0131n\u0131n d\u00fcnyas\u0131na g\u00f6t\u00fcr\u00fcyor. Keyifle okunacak bilgi ve macera dolu<span class=\"excerpt-hellip\"> [\u2026]<\/span><\/p>\n","protected":false},"featured_media":0,"template":"","meta":{"_monsterinsights_skip_tracking":false,"_monsterinsights_sitenote_active":false,"_monsterinsights_sitenote_note":"","_monsterinsights_sitenote_category":0},"product_brand":[],"product_cat":[12274,12284],"product_tag":[],"class_list":{"0":"post-755393","1":"product","2":"type-product","3":"status-publish","5":"product_cat-cocuk-ve-genclik-kitaplari","6":"product_cat-hikayeler","7":"pa_cilt-ciltsiz","8":"pa_tur-kitap","9":"pa_yayinevi-alpaka-yayinlari","10":"pa_yazar-havva-tekin","12":"first","13":"instock","14":"sale","15":"shipping-taxable","16":"purchasable","17":"product-type-simple"},"_links":{"self":[{"href":"https:\/\/roveyayinevi.com.tr\/index.php\/wp-json\/wp\/v2\/product\/755393","targetHints":{"allow":["GET"]}}],"collection":[{"href":"https:\/\/roveyayinevi.com.tr\/index.php\/wp-json\/wp\/v2\/product"}],"about":[{"href":"https:\/\/roveyayinevi.com.tr\/index.php\/wp-json\/wp\/v2\/types\/product"}],"wp:attachment":[{"href":"https:\/\/roveyayinevi.com.tr\/index.php\/wp-json\/wp\/v2\/media?parent=755393"}],"wp:term":[{"taxonomy":"product_brand","embeddable":true,"href":"https:\/\/roveyayinevi.com.tr\/index.php\/wp-json\/wp\/v2\/product_brand?post=755393"},{"taxonomy":"product_cat","embeddable":true,"href":"https:\/\/roveyayinevi.com.tr\/index.php\/wp-json\/wp\/v2\/product_cat?post=755393"},{"taxonomy":"product_tag","embeddable":true,"href":"https:\/\/roveyayinevi.com.tr\/index.php\/wp-json\/wp\/v2\/product_tag?post=755393"}],"curies":[{"name":"wp","href":"https:\/\/api.w.org\/{rel}","templated":true}]}}