{"id":755389,"date":"2025-08-28T06:38:15","date_gmt":"2025-08-28T03:38:15","guid":{"rendered":"https:\/\/roveyayinevi.com.tr\/index.php\/urun\/hukumran-iki-yabanci\/"},"modified":"2026-04-16T03:08:28","modified_gmt":"2026-04-16T00:08:28","slug":"hukumran-iki-yabanci","status":"publish","type":"product","link":"https:\/\/roveyayinevi.com.tr\/index.php\/urun\/hukumran-iki-yabanci\/","title":{"rendered":"H\u00fck\u00fcmran: \u0130ki Yabanc\u0131"},"content":{"rendered":"<p>O sabah t\u00fcm yerel gazetelerde ayn\u0131 haber yaz\u0131yordu: Sava\u015f K\u0131ratl\u0131, d\u00fcn gece saatlerinde hayat\u0131n\u0131 kaybetti.    Katili, on yedi ya\u015f\u0131nda gen\u00e7 bir k\u0131zd\u0131 fakat bu ger\u00e7e\u011fi Sava\u015f\u2019\u0131n karde\u015fi Aybars d\u0131\u015f\u0131nda hi\u00e7 kimse bilmeyecekti. Ailesi dahil herkes, Sava\u015f\u2019\u0131n kendi ya\u015fam\u0131na son verdi\u011fini zannedecekti \u00e7\u00fcnk\u00fc \u00f6l\u00fcm\u00fcn\u00fcn perde arkas\u0131nda karanl\u0131k bir s\u0131r gizliydi.    Sava\u015f\u2019\u0131n \u00f6ld\u00fc\u011f\u00fc gece, \u00f6l\u00fcm\u00fcyle ilgisi olan iki adam s\u0131rra kadem basm\u0131\u015ft\u0131. Geride yaln\u0131zca Sava\u015f\u2019\u0131n katili, kendini doktor olmaya adayan fakat bileklerine tak\u0131lan kelep\u00e7elerle demir parmakl\u0131klar\u0131n ard\u0131na hapsolan Berz\u00e2h Duman ve Sava\u015f\u2019\u0131n Aybars\u2019a yazd\u0131\u011f\u0131 bilmece gibi bir mektup kalm\u0131\u015ft\u0131\u2026   Hayat\u0131 darmada\u011f\u0131n olan Berz\u00e2h, ya\u015fananlar\u0131 geride b\u0131rakma karar\u0131 alm\u0131\u015ft\u0131 ama o mektubun gizemini \u00e7\u00f6zebilecek tek ki\u015fi oldu\u011funun fark\u0131nda de\u011fildi. \u0130\u00e7eriden \u00e7\u0131kaca\u011f\u0131 g\u00fcne dek Aybars\u2019\u0131n onu bekleyece\u011finin de\u2026    Kar\u015f\u0131 kar\u015f\u0131ya geldikleri g\u00fcn tehlikeli bir tuza\u011fa d\u00fc\u015feceklerdi ama as\u0131l tuza\u011f\u0131 kader kuracakt\u0131.    \u00c7\u00fcnk\u00fc onlar asla bir araya gelmemesi gereken iki yabanc\u0131yd\u0131 ama \u00f6yle kalamayacaklard\u0131.   \u201cEllerimin \u00f6demesi gereken bir bedel vard\u0131,\u201d dedi g\u00f6zlerimin i\u00e7ine bakarak. \u201cS\u0131z\u0131s\u0131 h\u00e2l\u00e2 yana\u011f\u0131mda demi\u015ftin, ben de bu saatten sonra derim ki yaras\u0131 h\u00e2l\u00e2 avu\u00e7lar\u0131mda.\u201d   O, ac\u0131y\u0131 hissetmeyen bir adamd\u0131.  Bense ac\u0131n\u0131n ta kendisiydim. Ruhum ona fazlas\u0131yla yabanc\u0131yd\u0131.  Ne kadar ka\u00e7mak istesem de baz\u0131 geceler kalbim ona s\u0131\u011f\u0131n\u0131rd\u0131. Fark\u0131na varmazd\u0131m&#8230; O gecelerin sonumuz olaca\u011f\u0131n\u0131 bilemezdim. Sava\u015fmak istedi\u011fimde ise ge\u00e7 kald\u0131m. Ge\u00e7mi\u015f bir girdap gibi \u00e7ekecekti bizi i\u00e7ine, Ya\u015fananlar\u0131n a\u011f\u0131rl\u0131\u011f\u0131 bir \u00e7\u0131\u011f gibi \u00e7\u00f6kecekti \u00fczerimize&#8230; Ka\u00e7amayacakt\u0131k. Ba\u015flang\u0131\u00e7ta iki yabanc\u0131yd\u0131k Ama \u00f6yle kalamayacakt\u0131k. <\/p>\n","protected":false},"excerpt":{"rendered":"<p>O sabah t\u00fcm yerel gazetelerde ayn\u0131 haber yaz\u0131yordu: Sava\u015f K\u0131ratl\u0131, d\u00fcn gece saatlerinde hayat\u0131n\u0131 kaybetti. Katili, on yedi ya\u015f\u0131nda gen\u00e7 bir k\u0131zd\u0131 fakat bu ger\u00e7e\u011fi Sava\u015f\u2019\u0131n<span class=\"excerpt-hellip\"> [\u2026]<\/span><\/p>\n","protected":false},"featured_media":0,"template":"","meta":{"_monsterinsights_skip_tracking":false,"_monsterinsights_sitenote_active":false,"_monsterinsights_sitenote_note":"","_monsterinsights_sitenote_category":0},"product_brand":[],"product_cat":[12291,12711],"product_tag":[],"class_list":{"0":"post-755389","1":"product","2":"type-product","3":"status-publish","5":"product_cat-edebiyat","6":"product_cat-roman-oyku","7":"pa_cilt-ciltsiz","8":"pa_tur-kitap","9":"pa_yayinevi-indigo-kitap","10":"pa_yazar-sumeyye-koc","12":"first","13":"instock","14":"sale","15":"shipping-taxable","16":"purchasable","17":"product-type-simple"},"_links":{"self":[{"href":"https:\/\/roveyayinevi.com.tr\/index.php\/wp-json\/wp\/v2\/product\/755389","targetHints":{"allow":["GET"]}}],"collection":[{"href":"https:\/\/roveyayinevi.com.tr\/index.php\/wp-json\/wp\/v2\/product"}],"about":[{"href":"https:\/\/roveyayinevi.com.tr\/index.php\/wp-json\/wp\/v2\/types\/product"}],"wp:attachment":[{"href":"https:\/\/roveyayinevi.com.tr\/index.php\/wp-json\/wp\/v2\/media?parent=755389"}],"wp:term":[{"taxonomy":"product_brand","embeddable":true,"href":"https:\/\/roveyayinevi.com.tr\/index.php\/wp-json\/wp\/v2\/product_brand?post=755389"},{"taxonomy":"product_cat","embeddable":true,"href":"https:\/\/roveyayinevi.com.tr\/index.php\/wp-json\/wp\/v2\/product_cat?post=755389"},{"taxonomy":"product_tag","embeddable":true,"href":"https:\/\/roveyayinevi.com.tr\/index.php\/wp-json\/wp\/v2\/product_tag?post=755389"}],"curies":[{"name":"wp","href":"https:\/\/api.w.org\/{rel}","templated":true}]}}