{"id":755387,"date":"2025-08-28T06:38:12","date_gmt":"2025-08-28T03:38:12","guid":{"rendered":"https:\/\/roveyayinevi.com.tr\/index.php\/urun\/akilli-sozler-kurulu-buyuk-baskani\/"},"modified":"2026-04-16T03:08:28","modified_gmt":"2026-04-16T00:08:28","slug":"akilli-sozler-kurulu-buyuk-baskani","status":"publish","type":"product","link":"https:\/\/roveyayinevi.com.tr\/index.php\/urun\/akilli-sozler-kurulu-buyuk-baskani\/","title":{"rendered":"Ak\u0131ll\u0131 S\u00f6zler Kurulu B\u00fcy\u00fck Ba\u015fkan\u0131"},"content":{"rendered":"<p>Meryem b\u00fcy\u00fcklerle konu\u015fmay\u0131 \u00e7ok seviyordu. Onlarla konu\u015fmaya \u00e7al\u0131\u015ft\u0131\u011f\u0131nda bazen Meryem\u2019e garip davranabiliyorlard\u0131. Bu da Meryem\u2019i \u00fczd\u00fc, onun cesaretini k\u0131rd\u0131. B\u00fcy\u00fck bir suskunlu\u011fa b\u00fcr\u00fcnd\u00fc. Neyse ki annesi olanlar\u0131 g\u00f6rm\u00fc\u015ft\u00fc. Meryem\u2019e g\u00fczel bir s\u00fcrpriz ile yard\u0131mc\u0131 olacakt\u0131. S\u00fcrprizin ne oldu\u011funu siz de merak ediyor musunuz? <\/p>\n","protected":false},"excerpt":{"rendered":"<p>Meryem b\u00fcy\u00fcklerle konu\u015fmay\u0131 \u00e7ok seviyordu. Onlarla konu\u015fmaya \u00e7al\u0131\u015ft\u0131\u011f\u0131nda bazen Meryem\u2019e garip davranabiliyorlard\u0131. Bu da Meryem\u2019i \u00fczd\u00fc, onun cesaretini k\u0131rd\u0131. B\u00fcy\u00fck bir suskunlu\u011fa b\u00fcr\u00fcnd\u00fc. Neyse ki annesi<span class=\"excerpt-hellip\"> [\u2026]<\/span><\/p>\n","protected":false},"featured_media":0,"template":"","meta":{"_monsterinsights_skip_tracking":false,"_monsterinsights_sitenote_active":false,"_monsterinsights_sitenote_note":"","_monsterinsights_sitenote_category":0},"product_brand":[],"product_cat":[12274,12284],"product_tag":[],"class_list":{"0":"post-755387","1":"product","2":"type-product","3":"status-publish","5":"product_cat-cocuk-ve-genclik-kitaplari","6":"product_cat-hikayeler","7":"pa_cilt-ciltsiz","8":"pa_tur-kitap","9":"pa_yayinevi-cinaralti-yayinlari","10":"pa_yazar-handan-coskun","12":"first","13":"instock","14":"sale","15":"shipping-taxable","16":"purchasable","17":"product-type-simple"},"_links":{"self":[{"href":"https:\/\/roveyayinevi.com.tr\/index.php\/wp-json\/wp\/v2\/product\/755387","targetHints":{"allow":["GET"]}}],"collection":[{"href":"https:\/\/roveyayinevi.com.tr\/index.php\/wp-json\/wp\/v2\/product"}],"about":[{"href":"https:\/\/roveyayinevi.com.tr\/index.php\/wp-json\/wp\/v2\/types\/product"}],"wp:attachment":[{"href":"https:\/\/roveyayinevi.com.tr\/index.php\/wp-json\/wp\/v2\/media?parent=755387"}],"wp:term":[{"taxonomy":"product_brand","embeddable":true,"href":"https:\/\/roveyayinevi.com.tr\/index.php\/wp-json\/wp\/v2\/product_brand?post=755387"},{"taxonomy":"product_cat","embeddable":true,"href":"https:\/\/roveyayinevi.com.tr\/index.php\/wp-json\/wp\/v2\/product_cat?post=755387"},{"taxonomy":"product_tag","embeddable":true,"href":"https:\/\/roveyayinevi.com.tr\/index.php\/wp-json\/wp\/v2\/product_tag?post=755387"}],"curies":[{"name":"wp","href":"https:\/\/api.w.org\/{rel}","templated":true}]}}