{"id":755386,"date":"2025-08-28T06:38:11","date_gmt":"2025-08-28T03:38:11","guid":{"rendered":"https:\/\/roveyayinevi.com.tr\/index.php\/urun\/huzur\/"},"modified":"2026-04-16T03:08:28","modified_gmt":"2026-04-16T00:08:28","slug":"huzur","status":"publish","type":"product","link":"https:\/\/roveyayinevi.com.tr\/index.php\/urun\/huzur\/","title":{"rendered":"Huzur"},"content":{"rendered":"<p>Huzur, bir g\u00fcn\u00fcn bin y\u0131l gibi ya\u015fand\u0131\u011f\u0131 ihti\u015faml\u0131 bir a\u015fk\u0131n anlat\u0131s\u0131 m\u0131? Art\u0131k \u00e7oktan g\u00f6\u00e7m\u00fc\u015f, ihti\u015faml\u0131 bir medeniyetin ard\u0131nda b\u0131rakt\u0131\u011f\u0131 huzursuzlu\u011fun anlat\u0131s\u0131 m\u0131? 1948 tarihli tefrika duyurusundaki ifadeyle, \u201cHarbin ba\u015flad\u0131\u011f\u0131 g\u00fcn\u00fcn hudutlardan, siyasi muhitlerden, muharebe meydanlar\u0131ndan uzak hikayesi\u201d mi?B\u00fct\u00fcn bu sorular\u0131n birbirlerinin yerine ge\u00e7erek b\u00fct\u00fcnle\u015fti\u011fi, bir oldu\u011fu; ayn\u0131 anda hepsinden uzak, ayn\u0131 anda hepsine yak\u0131n m\u00fcphem bir i\u00e7selli\u011fin, m\u00fcstesna bir varolu\u015f sembolizmiyle \u0130stanbul\u2019un haf\u0131zas\u0131 ve m\u00fczi\u011fin y\u00fckselip al\u00e7alan ritmi i\u00e7inde; a\u015fk\u0131 ve medeniyeti, sanatla hayat\u0131n yan yana akt\u0131\u011f\u0131 zarif bir dille soylula\u015ft\u0131ran Huzur, ger\u00e7ekte bizim i\u00e7 hik\u00e2yemizdirHuzur, T\u00fcrk roman\u0131n\u0131n ihti\u015fam\u0131d\u0131r.<\/p>\n","protected":false},"excerpt":{"rendered":"<p>Huzur, bir g\u00fcn\u00fcn bin y\u0131l gibi ya\u015fand\u0131\u011f\u0131 ihti\u015faml\u0131 bir a\u015fk\u0131n anlat\u0131s\u0131 m\u0131? Art\u0131k \u00e7oktan g\u00f6\u00e7m\u00fc\u015f, ihti\u015faml\u0131 bir medeniyetin ard\u0131nda b\u0131rakt\u0131\u011f\u0131 huzursuzlu\u011fun anlat\u0131s\u0131 m\u0131? 1948 tarihli tefrika<span class=\"excerpt-hellip\"> [\u2026]<\/span><\/p>\n","protected":false},"featured_media":0,"template":"","meta":{"_monsterinsights_skip_tracking":false,"_monsterinsights_sitenote_active":false,"_monsterinsights_sitenote_note":"","_monsterinsights_sitenote_category":0},"product_brand":[],"product_cat":[12291,12711],"product_tag":[],"class_list":{"0":"post-755386","1":"product","2":"type-product","3":"status-publish","5":"product_cat-edebiyat","6":"product_cat-roman-oyku","7":"pa_cilt-ciltsiz","8":"pa_tur-kitap","9":"pa_yayinevi-dergah-yayinlari","10":"pa_yazar-ahmet-hamdi-tanpinar","12":"first","13":"instock","14":"sale","15":"shipping-taxable","16":"purchasable","17":"product-type-simple"},"_links":{"self":[{"href":"https:\/\/roveyayinevi.com.tr\/index.php\/wp-json\/wp\/v2\/product\/755386","targetHints":{"allow":["GET"]}}],"collection":[{"href":"https:\/\/roveyayinevi.com.tr\/index.php\/wp-json\/wp\/v2\/product"}],"about":[{"href":"https:\/\/roveyayinevi.com.tr\/index.php\/wp-json\/wp\/v2\/types\/product"}],"wp:attachment":[{"href":"https:\/\/roveyayinevi.com.tr\/index.php\/wp-json\/wp\/v2\/media?parent=755386"}],"wp:term":[{"taxonomy":"product_brand","embeddable":true,"href":"https:\/\/roveyayinevi.com.tr\/index.php\/wp-json\/wp\/v2\/product_brand?post=755386"},{"taxonomy":"product_cat","embeddable":true,"href":"https:\/\/roveyayinevi.com.tr\/index.php\/wp-json\/wp\/v2\/product_cat?post=755386"},{"taxonomy":"product_tag","embeddable":true,"href":"https:\/\/roveyayinevi.com.tr\/index.php\/wp-json\/wp\/v2\/product_tag?post=755386"}],"curies":[{"name":"wp","href":"https:\/\/api.w.org\/{rel}","templated":true}]}}