{"id":755383,"date":"2025-08-28T06:38:05","date_gmt":"2025-08-28T03:38:05","guid":{"rendered":"https:\/\/roveyayinevi.com.tr\/index.php\/urun\/quantum-manifesting\/"},"modified":"2026-04-16T03:08:28","modified_gmt":"2026-04-16T00:08:28","slug":"quantum-manifesting","status":"publish","type":"product","link":"https:\/\/roveyayinevi.com.tr\/index.php\/urun\/quantum-manifesting\/","title":{"rendered":"Quantum Manifesting"},"content":{"rendered":"<p>Gelece\u011fe gitti\u011finizi ve kendinizi 80 ya\u015f\u0131ndayken g\u00f6rd\u00fc\u011f\u00fcn\u00fcz\u00fc hayal edin. \u0130steklerinizi ger\u00e7ekle\u015ftirmi\u015fsiniz. Ba\u015far\u0131l\u0131 olmu\u015fsunuz. Gelecekten bug\u00fcnk\u00fc size mesaj\u0131n\u0131z ne olurdu?   Hepimiz hayat\u0131m\u0131zda baz\u0131 \u015feyleri istiyor ve arzu ediyoruz ama ka\u00e7\u0131m\u0131z bu istekleri ger\u00e7ekle\u015ftiriyoruz? Gelecekten beklentilerimize dair zihnimizde net bir tablo olu\u015fturamad\u0131\u011f\u0131m\u0131zda baz\u0131 s\u0131k\u0131nt\u0131lar ba\u015fl\u0131yor. B\u00f6yle oldu\u011funda iste\u011fimizi ger\u00e7ekle\u015ftirmek i\u00e7in i\u00e7imizde bir tutku olu\u015fturam\u0131yoruz ve daha yolun ba\u015f\u0131nda tak\u0131l\u0131p ileriye gidemiyoruz.   Burada sizleri geride tutan s\u0131n\u0131rlay\u0131c\u0131 inan\u00e7lar\u0131n\u0131zdan kurtulup hedeflerinize nas\u0131l odaklanaca\u011f\u0131n\u0131z\u0131, hayalini kurdu\u011funuz \u015feyleri detayl\u0131ca vizyonlay\u0131p onlara ula\u015fmak i\u00e7in oto-motivasyonunuzu nas\u0131l koruyaca\u011f\u0131n\u0131z\u0131 \u201cQuantum Manifesting\u201d sistemiyle birlikte \u00f6\u011freneceksiniz. Ben de bu sistemi uygulayarak maddi ve manevi isteklerime sahip oldum. Yani bunu bizzat deneyimledim. \u015eimdi ise s\u0131ra sizde. Haz\u0131rsan\u0131z ba\u015flayabiliriz\u2026 <\/p>\n","protected":false},"excerpt":{"rendered":"<p>Gelece\u011fe gitti\u011finizi ve kendinizi 80 ya\u015f\u0131ndayken g\u00f6rd\u00fc\u011f\u00fcn\u00fcz\u00fc hayal edin. \u0130steklerinizi ger\u00e7ekle\u015ftirmi\u015fsiniz. Ba\u015far\u0131l\u0131 olmu\u015fsunuz. Gelecekten bug\u00fcnk\u00fc size mesaj\u0131n\u0131z ne olurdu? Hepimiz hayat\u0131m\u0131zda baz\u0131 \u015feyleri istiyor ve arzu<span class=\"excerpt-hellip\"> [\u2026]<\/span><\/p>\n","protected":false},"featured_media":0,"template":"","meta":{"_monsterinsights_skip_tracking":false,"_monsterinsights_sitenote_active":false,"_monsterinsights_sitenote_note":"","_monsterinsights_sitenote_category":0},"product_brand":[],"product_cat":[13365,19822],"product_tag":[],"class_list":{"0":"post-755383","1":"product","2":"type-product","3":"status-publish","5":"product_cat-saglik","6":"product_cat-yoga-meditasyon","7":"pa_cilt-ciltsiz","8":"pa_tur-kitap","9":"pa_yayinevi-mona-kitap","10":"pa_yazar-nihat-guneri","12":"first","13":"instock","14":"sale","15":"shipping-taxable","16":"purchasable","17":"product-type-simple"},"_links":{"self":[{"href":"https:\/\/roveyayinevi.com.tr\/index.php\/wp-json\/wp\/v2\/product\/755383","targetHints":{"allow":["GET"]}}],"collection":[{"href":"https:\/\/roveyayinevi.com.tr\/index.php\/wp-json\/wp\/v2\/product"}],"about":[{"href":"https:\/\/roveyayinevi.com.tr\/index.php\/wp-json\/wp\/v2\/types\/product"}],"wp:attachment":[{"href":"https:\/\/roveyayinevi.com.tr\/index.php\/wp-json\/wp\/v2\/media?parent=755383"}],"wp:term":[{"taxonomy":"product_brand","embeddable":true,"href":"https:\/\/roveyayinevi.com.tr\/index.php\/wp-json\/wp\/v2\/product_brand?post=755383"},{"taxonomy":"product_cat","embeddable":true,"href":"https:\/\/roveyayinevi.com.tr\/index.php\/wp-json\/wp\/v2\/product_cat?post=755383"},{"taxonomy":"product_tag","embeddable":true,"href":"https:\/\/roveyayinevi.com.tr\/index.php\/wp-json\/wp\/v2\/product_tag?post=755383"}],"curies":[{"name":"wp","href":"https:\/\/api.w.org\/{rel}","templated":true}]}}