{"id":755381,"date":"2025-08-28T06:38:02","date_gmt":"2025-08-28T03:38:02","guid":{"rendered":"https:\/\/roveyayinevi.com.tr\/index.php\/urun\/kirk-dokuz\/"},"modified":"2026-04-16T03:08:28","modified_gmt":"2026-04-16T00:08:28","slug":"kirk-dokuz","status":"publish","type":"product","link":"https:\/\/roveyayinevi.com.tr\/index.php\/urun\/kirk-dokuz\/","title":{"rendered":"K\u0131rk Dokuz"},"content":{"rendered":"<p>Ge\u00e7mi\u015fin k\u0131r\u0131k aynalar\u0131ndan inanmas\u0131 g\u00fc\u00e7 hik\u00e2yeler yans\u0131yor bug\u00fcne. Zeynep Yavuz, ger\u00e7ek bir hik\u00e2yeden esinlenerek; bir d\u00f6nemin toplumsal haf\u0131zaya kaz\u0131nan olaylar\u0131n\u0131 g\u00f6zler \u00f6n\u00fcne sererken, gerdek gecelerinde ayr\u0131lmak zorunda kalan Mahperi ve Alaz ile bulu\u015fturuyor okurlar\u0131n\u0131. A\u015fk\u0131 y\u0131llarca ilmek ilmek ruhuna i\u015fleyen bir Anadolu kad\u0131n\u0131n\u0131n k\u0131rk dokuz y\u0131l umudunu yitirmeden, inanc\u0131n\u0131 kaybetmeden bekleyi\u015fini bir solukta okuyacaks\u0131n\u0131z. Alaz sessizce arkadan takip etmi\u015f, izliyordu sevdi\u011fini. Kad\u0131n kaskat\u0131 kesilmi\u015f ruhsuzca y\u00fcr\u00fcyordu. \u201cGel ba\u015ftan yazal\u0131m bu a\u015fk\u0131n kaderini\u201d diyemeyecek kadar gecikmi\u015fti. Ya\u015fad\u0131\u011f\u0131 bu ac\u0131, \u00e7ocukluk sevdas\u0131 gibi usul usul kanat\u0131yordu y\u00fcre\u011fini. Bir yumruk vurdu tam da kalbinin \u00fczerine. K\u0131zd\u0131 ve \u201cKendine gel!\u201d diye ba\u011f\u0131rd\u0131 i\u00e7inden defalarca. Sessizce yere oturan sevdi\u011fi kad\u0131n\u0131 izlemeye devam etti. Elleriyle yeri kaz\u0131yordu kad\u0131n. Bir s\u00fcre sonra elinde parlayan bir \u015fey oldu\u011funu g\u00f6rd\u00fc ve kendine zarar verecek endi\u015fesiyle biraz daha yakla\u015ft\u0131 Alaz. Bir ipe dizili alt\u0131n penezleri g\u00f6rd\u00fc. \u0130\u015fte o an d\u00fcnyas\u0131 ba\u015f\u0131na y\u0131k\u0131ld\u0131. Nefesi kesildi, dizleri titredi aniden. Hat\u0131rlad\u0131 o kolyeyi. Hayat\u0131n\u0131n en mutlu ve en k\u00f6t\u00fc o g\u00fcn\u00fcn\u00fc \u00e7ok iyi hat\u0131rl\u0131yordu. Ya\u015fad\u0131klar\u0131 bu hayat\u0131, uzun s\u00fcredir birbirlerinden uzak olmalar\u0131n\u0131n sebebini anlatmal\u0131yd\u0131 ve daha fazlas\u0131n\u0131\u2026 <\/p>\n","protected":false},"excerpt":{"rendered":"<p>Ge\u00e7mi\u015fin k\u0131r\u0131k aynalar\u0131ndan inanmas\u0131 g\u00fc\u00e7 hik\u00e2yeler yans\u0131yor bug\u00fcne. Zeynep Yavuz, ger\u00e7ek bir hik\u00e2yeden esinlenerek; bir d\u00f6nemin toplumsal haf\u0131zaya kaz\u0131nan olaylar\u0131n\u0131 g\u00f6zler \u00f6n\u00fcne sererken, gerdek gecelerinde ayr\u0131lmak<span class=\"excerpt-hellip\"> [\u2026]<\/span><\/p>\n","protected":false},"featured_media":0,"template":"","meta":{"_monsterinsights_skip_tracking":false,"_monsterinsights_sitenote_active":false,"_monsterinsights_sitenote_note":"","_monsterinsights_sitenote_category":0},"product_brand":[],"product_cat":[12291,12711],"product_tag":[],"class_list":{"0":"post-755381","1":"product","2":"type-product","3":"status-publish","5":"product_cat-edebiyat","6":"product_cat-roman-oyku","7":"pa_cilt-ciltsiz","8":"pa_tur-kitap","9":"pa_yayinevi-destek-yayinlari","10":"pa_yazar-zeynep-yavuz","12":"first","13":"instock","14":"sale","15":"shipping-taxable","16":"purchasable","17":"product-type-simple"},"_links":{"self":[{"href":"https:\/\/roveyayinevi.com.tr\/index.php\/wp-json\/wp\/v2\/product\/755381","targetHints":{"allow":["GET"]}}],"collection":[{"href":"https:\/\/roveyayinevi.com.tr\/index.php\/wp-json\/wp\/v2\/product"}],"about":[{"href":"https:\/\/roveyayinevi.com.tr\/index.php\/wp-json\/wp\/v2\/types\/product"}],"wp:attachment":[{"href":"https:\/\/roveyayinevi.com.tr\/index.php\/wp-json\/wp\/v2\/media?parent=755381"}],"wp:term":[{"taxonomy":"product_brand","embeddable":true,"href":"https:\/\/roveyayinevi.com.tr\/index.php\/wp-json\/wp\/v2\/product_brand?post=755381"},{"taxonomy":"product_cat","embeddable":true,"href":"https:\/\/roveyayinevi.com.tr\/index.php\/wp-json\/wp\/v2\/product_cat?post=755381"},{"taxonomy":"product_tag","embeddable":true,"href":"https:\/\/roveyayinevi.com.tr\/index.php\/wp-json\/wp\/v2\/product_tag?post=755381"}],"curies":[{"name":"wp","href":"https:\/\/api.w.org\/{rel}","templated":true}]}}