{"id":755380,"date":"2025-08-28T06:38:01","date_gmt":"2025-08-28T03:38:01","guid":{"rendered":"https:\/\/roveyayinevi.com.tr\/index.php\/urun\/eril-disil-ve-otekiler\/"},"modified":"2026-04-16T03:08:28","modified_gmt":"2026-04-16T00:08:28","slug":"eril-disil-ve-otekiler","status":"publish","type":"product","link":"https:\/\/roveyayinevi.com.tr\/index.php\/urun\/eril-disil-ve-otekiler\/","title":{"rendered":"Eril, Di\u015fil ve \u00d6tekiler"},"content":{"rendered":"<p>\u0130nsan bedeni tarih boyunca kimin hizmetinde olmu\u015ftur? \u0130nsanl\u0131k tarihi boyunca bedenler, g\u00fcnahk\u00e2r ve kutsal olarak farkl\u0131 muameleler g\u00f6rm\u00fc\u015ft\u00fcr. \u00d6yle ki bunun izleri mitolojiden sanata, dinlerden tarihe dek her alana s\u0131zm\u0131\u015ft\u0131r. Cinsellik ad\u0131 alt\u0131nda toplanan bu izler, i\u00e7inde erilin g\u00fcc\u00fcn\u00fc, y\u00fcceltilmesini, di\u015filin d\u0131\u015flanmas\u0131n\u0131, bask\u0131lanmas\u0131n\u0131, metala\u015ft\u0131r\u0131lmas\u0131n\u0131 ve nihayetinde \u015feytanla\u015ft\u0131r\u0131lmas\u0131n\u0131, \u00f6tekilerin yok say\u0131lmas\u0131n\u0131 ve lanetlenmesini ta\u015f\u0131r ve asl\u0131nda bunlar t\u00fcm\u00fcyle iktidar\u0131n tutumunu yans\u0131t\u0131r. Tarihin \u00fcst\u00fc \u00f6rt\u00fclen, konu\u015fulmayan ama bu sessizli\u011fiyle dahi \u00e7\u0131\u011fl\u0131k \u00e7\u0131\u011fl\u0131\u011fa ba\u011f\u0131ran karanl\u0131k kuytusunda neler gizlenmi\u015ftir? Bast\u0131r\u0131lmaya ve yok say\u0131lmaya \u00e7al\u0131\u015f\u0131lan asl\u0131nda nedir? Arkeolog ve Eski\u00e7a\u011f Tarih\u00e7isi Baha Bat\u0131kan ma\u011faralar\u0131n karanl\u0131\u011f\u0131ndan saraylar\u0131n has odalar\u0131na dek \u00f6rt\u00fcl\u00fcp saklanan bedenin, cinselli\u011fin, g\u00fcnah ilan edilenin tarihinde derin ve meydan okuyucu bir kaz\u0131ya g\u00f6t\u00fcr\u00fcyor bizleri. G\u00fcnah, kutsal ve tabu olan\u0131n i\u00e7inde \u00e7\u0131kt\u0131\u011f\u0131 bu \u201ctehlikeli\u201d yolculukta, bug\u00fcn i\u00e7ine hapsoldu\u011fumuz zihniyetin ilmek ilmek nas\u0131l dokundu\u011funu, cinselli\u011fe bak\u0131\u015f\u0131n tarihimizi ve bug\u00fcn\u00fcm\u00fcz\u00fc nas\u0131l \u015fekillendirdi\u011fini, nefes kesici, titiz ve sans\u00fcrs\u00fcz bir anlat\u0131mla g\u00fcn \u0131\u015f\u0131\u011f\u0131na \u00e7\u0131kar\u0131yor. <\/p>\n","protected":false},"excerpt":{"rendered":"<p>\u0130nsan bedeni tarih boyunca kimin hizmetinde olmu\u015ftur? \u0130nsanl\u0131k tarihi boyunca bedenler, g\u00fcnahk\u00e2r ve kutsal olarak farkl\u0131 muameleler g\u00f6rm\u00fc\u015ft\u00fcr. \u00d6yle ki bunun izleri mitolojiden sanata, dinlerden tarihe<span class=\"excerpt-hellip\"> [\u2026]<\/span><\/p>\n","protected":false},"featured_media":0,"template":"","meta":{"_monsterinsights_skip_tracking":false,"_monsterinsights_sitenote_active":false,"_monsterinsights_sitenote_note":"","_monsterinsights_sitenote_category":0},"product_brand":[],"product_cat":[52477,52478],"product_tag":[],"class_list":{"0":"post-755380","1":"product","2":"type-product","3":"status-publish","5":"product_cat-arastirma","6":"product_cat-arkeoloji","7":"pa_cilt-ciltsiz","8":"pa_tur-kitap","9":"pa_yayinevi-beyaz-baykus-yayinlari","10":"pa_yazar-baha-batikan","12":"first","13":"instock","14":"sale","15":"shipping-taxable","16":"purchasable","17":"product-type-simple"},"_links":{"self":[{"href":"https:\/\/roveyayinevi.com.tr\/index.php\/wp-json\/wp\/v2\/product\/755380","targetHints":{"allow":["GET"]}}],"collection":[{"href":"https:\/\/roveyayinevi.com.tr\/index.php\/wp-json\/wp\/v2\/product"}],"about":[{"href":"https:\/\/roveyayinevi.com.tr\/index.php\/wp-json\/wp\/v2\/types\/product"}],"wp:attachment":[{"href":"https:\/\/roveyayinevi.com.tr\/index.php\/wp-json\/wp\/v2\/media?parent=755380"}],"wp:term":[{"taxonomy":"product_brand","embeddable":true,"href":"https:\/\/roveyayinevi.com.tr\/index.php\/wp-json\/wp\/v2\/product_brand?post=755380"},{"taxonomy":"product_cat","embeddable":true,"href":"https:\/\/roveyayinevi.com.tr\/index.php\/wp-json\/wp\/v2\/product_cat?post=755380"},{"taxonomy":"product_tag","embeddable":true,"href":"https:\/\/roveyayinevi.com.tr\/index.php\/wp-json\/wp\/v2\/product_tag?post=755380"}],"curies":[{"name":"wp","href":"https:\/\/api.w.org\/{rel}","templated":true}]}}