{"id":755377,"date":"2025-08-28T06:37:57","date_gmt":"2025-08-28T03:37:57","guid":{"rendered":"https:\/\/roveyayinevi.com.tr\/index.php\/urun\/uzun-iliskilerin-sirri\/"},"modified":"2026-04-16T03:08:28","modified_gmt":"2026-04-16T00:08:28","slug":"uzun-iliskilerin-sirri","status":"publish","type":"product","link":"https:\/\/roveyayinevi.com.tr\/index.php\/urun\/uzun-iliskilerin-sirri\/","title":{"rendered":"Uzun \u0130li\u015fkilerin S\u0131rr\u0131"},"content":{"rendered":"<p>\u201cBeni oldu\u011fum gibi sev, olmam\u0131 istedi\u011fin gibi de\u011fil!\u201d \u0130li\u015fkiler, insan\u0131n kendiyle y\u00fczle\u015fme alanlar\u0131d\u0131r. Hepimiz her insanda bamba\u015fka insanlar olur, ba\u015fka y\u00f6nlerimizi, ba\u015fka y\u00fczlerimizi g\u00f6r\u00fcr\u00fcz. \u0130li\u015fkiler, ya\u015fam yolculu\u011fu boyunca tecr\u00fcbe etti\u011fimiz geli\u015fim s\u00fcrecinin en k\u0131ymetli par\u00e7alar\u0131d\u0131r. \u0130li\u015fkiler, s\u0131nav\u0131m\u0131z de\u011fildir. Bir ba\u015far\u0131 ya da ba\u015far\u0131s\u0131zl\u0131k hik\u00e2yesine de d\u00f6n\u00fc\u015ft\u00fcr\u00fclmemelidir. \u0130li\u015fkiler d\u00f6n\u00fc\u015f\u00fcm alanlar\u0131m\u0131zd\u0131r, kendimizi bir ba\u015fkas\u0131nda g\u00f6rmek, kendimizi bir ba\u015fkas\u0131nda sevebilmek, hatta \u00e7o\u011fu zaman kendimizle ilk kez tan\u0131\u015fmakt\u0131r. Uzun bir ili\u015fkinin s\u0131rr\u0131 sevmek ama k\u0131rmadan, d\u00f6kmeden sevebilmek. Bug\u00fcnlerde insanlar\u0131n sevilmeye ama k\u0131rmadan d\u00f6kmeden sevilmeye ihtiyac\u0131 var. G\u00fcvenebilmeye ihtiyac\u0131 var, \u00e7\u00fcnk\u00fc g\u00fcvenin olmad\u0131\u011f\u0131 yerde sevgi de olamaz. Sabra ihtiyac\u0131 var, hemen ilk kavgada ayr\u0131lmaya de\u011fil, m\u00fccadele etmeye. \u00c7\u00fcnk\u00fc sevmek i\u00e7in y\u00fcrek ama s\u00fcrd\u00fcrmek i\u00e7in emek gerek. \u0130nsanlar\u0131n, kendilerini oldu\u011fu gibi seven ki\u015filere ihtiyac\u0131 var, onlar\u0131 de\u011fi\u015ftirmeye \u00e7al\u0131\u015fanlara de\u011fil. Ve tabii ki ilgiye&#8230; \u00c7\u00fcnk\u00fc ilgi g\u00f6rmeyen her \u015fey \u00f6l\u00fcr, \u00e7i\u00e7ekler bile. Bu kitap uzun ili\u015fkilerin s\u0131rlar\u0131n\u0131 samimiyetle ve a\u00e7\u0131k y\u00fcreklilikle payla\u015fmay\u0131 hedefliyor. Hakan Meng\u00fc\u00e7, eserleri 13 farkl\u0131 dile \u00e7evrilen ve uluslararas\u0131 alanda tan\u0131nm\u0131\u015f bir yazar ve akademisyendir. Ayn\u0131 zamanda, kendi bestelerinden olu\u015fan m\u00fczikleri, d\u00fcnya genelinde geni\u015f bir dinleyici kitlesi taraf\u0131ndan ilgiyle takip edilmektedir. <\/p>\n","protected":false},"excerpt":{"rendered":"<p>\u201cBeni oldu\u011fum gibi sev, olmam\u0131 istedi\u011fin gibi de\u011fil!\u201d \u0130li\u015fkiler, insan\u0131n kendiyle y\u00fczle\u015fme alanlar\u0131d\u0131r. Hepimiz her insanda bamba\u015fka insanlar olur, ba\u015fka y\u00f6nlerimizi, ba\u015fka y\u00fczlerimizi g\u00f6r\u00fcr\u00fcz. \u0130li\u015fkiler, ya\u015fam<span class=\"excerpt-hellip\"> [\u2026]<\/span><\/p>\n","protected":false},"featured_media":0,"template":"","meta":{"_monsterinsights_skip_tracking":false,"_monsterinsights_sitenote_active":false,"_monsterinsights_sitenote_note":"","_monsterinsights_sitenote_category":0},"product_brand":[],"product_cat":[12364,12376],"product_tag":[],"class_list":{"0":"post-755377","1":"product","2":"type-product","3":"status-publish","5":"product_cat-genel-konular","6":"product_cat-kisisel-gelisim","7":"pa_cilt-ciltsiz","8":"pa_tur-kitap","9":"pa_yayinevi-destek-yayinlari","10":"pa_yazar-hakan-menguc","12":"first","13":"instock","14":"sale","15":"shipping-taxable","16":"purchasable","17":"product-type-simple"},"_links":{"self":[{"href":"https:\/\/roveyayinevi.com.tr\/index.php\/wp-json\/wp\/v2\/product\/755377","targetHints":{"allow":["GET"]}}],"collection":[{"href":"https:\/\/roveyayinevi.com.tr\/index.php\/wp-json\/wp\/v2\/product"}],"about":[{"href":"https:\/\/roveyayinevi.com.tr\/index.php\/wp-json\/wp\/v2\/types\/product"}],"wp:attachment":[{"href":"https:\/\/roveyayinevi.com.tr\/index.php\/wp-json\/wp\/v2\/media?parent=755377"}],"wp:term":[{"taxonomy":"product_brand","embeddable":true,"href":"https:\/\/roveyayinevi.com.tr\/index.php\/wp-json\/wp\/v2\/product_brand?post=755377"},{"taxonomy":"product_cat","embeddable":true,"href":"https:\/\/roveyayinevi.com.tr\/index.php\/wp-json\/wp\/v2\/product_cat?post=755377"},{"taxonomy":"product_tag","embeddable":true,"href":"https:\/\/roveyayinevi.com.tr\/index.php\/wp-json\/wp\/v2\/product_tag?post=755377"}],"curies":[{"name":"wp","href":"https:\/\/api.w.org\/{rel}","templated":true}]}}