{"id":755376,"date":"2025-08-28T06:37:56","date_gmt":"2025-08-28T03:37:56","guid":{"rendered":"https:\/\/roveyayinevi.com.tr\/index.php\/urun\/adini-arayan-destan\/"},"modified":"2026-04-16T03:08:28","modified_gmt":"2026-04-16T00:08:28","slug":"adini-arayan-destan","status":"publish","type":"product","link":"https:\/\/roveyayinevi.com.tr\/index.php\/urun\/adini-arayan-destan\/","title":{"rendered":"Ad\u0131n\u0131 Arayan Destan"},"content":{"rendered":"<p>\u201cKitaplar insanlar\u0131 birbirine ba\u011flar. T\u0131pk\u0131 Ulu Hayat A\u011fac\u0131\u2019n\u0131n farkl\u0131 d\u00fcnyalar\u0131 birbirine ba\u011flamas\u0131 gibi\u2026 Ne de olsa kitaplar da a\u011fa\u00e7tan yap\u0131lm\u0131\u015ft\u0131r.\u201d Funda \u00d6zlem \u015eeran bu kitab\u0131yla \u00e7ocuklar\u0131 T\u00fcrk mitolojisinden beslenen, gizem, korku ve heyecanla dolu bir maceraya davet ediyor. Geceleri uyuyan insanlar\u0131n \u00fczerine \u00e7\u00f6ken kara\u00e7oralar\u2026 Kara b\u00fcy\u00fc yaparak kurt k\u0131l\u0131\u011f\u0131na giren erb\u00f6r\u00fcler\u2026 Her can\u0131 ayr\u0131 bir yerde sakl\u0131 yedi ba\u015fl\u0131 yelbegen\u2026 \u00d6len k\u00f6t\u00fc insanlar\u0131n ruhlar\u0131n\u0131 yeralt\u0131na s\u00fcr\u00fckleyen k\u00f6rm\u00f6sler\u2026 \u0130nsanlar\u0131n \u00f6z\u00fcn\u00fc \u00e7alarak onlar\u0131 hasta eden, benliklerini silip unutturan harsalar\u2026 Ve nice di\u011fer yeralt\u0131-yer\u00fcst\u00fc yarat\u0131klar\u0131\u2026 \u015eaman Ayb\u00fcke ve yan\u0131ndaki \u00e7ocuklar, deniz kenar\u0131nda bayg\u0131n halde yatan bir \u00e7ocuk bulurlar. \u00c7ocuk konu\u015fam\u0131yor ve ge\u00e7mi\u015fine dair hi\u00e7bir \u015fey hat\u0131rlam\u0131yordur. Gruptaki d\u00f6rt \u00e7ocu\u011fun Orta Asya mitolojisinde yer alan varl\u0131klarla m\u00fccadele etmesi ve Dede Korkut Hikayeleri\u2019nde oldu\u011fu gibi bir ada kavu\u015fmalar\u0131 gerekmektedir. \u015eaman Ayb\u00fcke, b\u00fct\u00fcn g\u00fc\u00e7lerini harekete ge\u00e7irerek onlar\u0131n yan\u0131nda olacakt\u0131r. Peki, deniz k\u0131y\u0131s\u0131nda bulunan Deniz\u2019in gizemi nedir? Onun belle\u011fine kavu\u015fmas\u0131 i\u00e7in nelerin \u00fcstesinden gelmesi gerekmektedir? Ad\u0131n\u0131 Arayan Destan\u2019\u0131 \u00fcrpererek, insan\u0131n yery\u00fcz\u00fcn\u00fc anlamland\u0131rmaktaki ola\u011fan\u00fcst\u00fc d\u00fc\u015fg\u00fcc\u00fcn\u00fcn yarat\u0131c\u0131l\u0131\u011f\u0131 kar\u015f\u0131s\u0131nda bir kez daha hayretler i\u00e7inde kalarak okuyacaks\u0131n\u0131z.<\/p>\n","protected":false},"excerpt":{"rendered":"<p>\u201cKitaplar insanlar\u0131 birbirine ba\u011flar. T\u0131pk\u0131 Ulu Hayat A\u011fac\u0131\u2019n\u0131n farkl\u0131 d\u00fcnyalar\u0131 birbirine ba\u011flamas\u0131 gibi\u2026 Ne de olsa kitaplar da a\u011fa\u00e7tan yap\u0131lm\u0131\u015ft\u0131r.\u201d Funda \u00d6zlem \u015eeran bu kitab\u0131yla \u00e7ocuklar\u0131<span class=\"excerpt-hellip\"> [\u2026]<\/span><\/p>\n","protected":false},"featured_media":0,"template":"","meta":{"_monsterinsights_skip_tracking":false,"_monsterinsights_sitenote_active":false,"_monsterinsights_sitenote_note":"","_monsterinsights_sitenote_category":0},"product_brand":[],"product_cat":[12274],"product_tag":[],"class_list":{"0":"post-755376","1":"product","2":"type-product","3":"status-publish","5":"product_cat-cocuk-ve-genclik-kitaplari","6":"pa_cilt-ciltsiz","7":"pa_tur-kitap","8":"pa_yayinevi-bilgi-yayinevi","9":"pa_yazar-funda-ozlem-seran","11":"first","12":"instock","13":"sale","14":"shipping-taxable","15":"purchasable","16":"product-type-simple"},"_links":{"self":[{"href":"https:\/\/roveyayinevi.com.tr\/index.php\/wp-json\/wp\/v2\/product\/755376","targetHints":{"allow":["GET"]}}],"collection":[{"href":"https:\/\/roveyayinevi.com.tr\/index.php\/wp-json\/wp\/v2\/product"}],"about":[{"href":"https:\/\/roveyayinevi.com.tr\/index.php\/wp-json\/wp\/v2\/types\/product"}],"wp:attachment":[{"href":"https:\/\/roveyayinevi.com.tr\/index.php\/wp-json\/wp\/v2\/media?parent=755376"}],"wp:term":[{"taxonomy":"product_brand","embeddable":true,"href":"https:\/\/roveyayinevi.com.tr\/index.php\/wp-json\/wp\/v2\/product_brand?post=755376"},{"taxonomy":"product_cat","embeddable":true,"href":"https:\/\/roveyayinevi.com.tr\/index.php\/wp-json\/wp\/v2\/product_cat?post=755376"},{"taxonomy":"product_tag","embeddable":true,"href":"https:\/\/roveyayinevi.com.tr\/index.php\/wp-json\/wp\/v2\/product_tag?post=755376"}],"curies":[{"name":"wp","href":"https:\/\/api.w.org\/{rel}","templated":true}]}}