{"id":755375,"date":"2025-08-28T06:37:55","date_gmt":"2025-08-28T03:37:55","guid":{"rendered":"https:\/\/roveyayinevi.com.tr\/index.php\/urun\/hayalini-hayata-katma-okulu\/"},"modified":"2026-04-08T03:16:03","modified_gmt":"2026-04-08T00:16:03","slug":"hayalini-hayata-katma-okulu","status":"publish","type":"product","link":"https:\/\/roveyayinevi.com.tr\/index.php\/urun\/hayalini-hayata-katma-okulu\/","title":{"rendered":"Hayalini Hayata Katma Okulu"},"content":{"rendered":"<p>En son ne zaman katt\u0131n hayalini hayat\u0131na? Biliyorum, kayboldu\u011funu d\u00fc\u015f\u00fcnd\u00fc\u011f\u00fcn anlar var. T\u0131pk\u0131 Hayat Kerimzade gibi. O, bitti\u011fini sand\u0131\u011f\u0131 noktadan yeni bir yol \u00e7izdi kendine ve hayat ustal\u0131\u011f\u0131 yolculu\u011funa \u00e7\u0131kt\u0131. Kendi hayat\u0131n\u0131n bir y\u00f6netim kurulu oldu\u011funu ve kararlar\u0131 ba\u015fkalar\u0131n\u0131n verdi\u011fini fark etti. Sorunlar\u0131n batakl\u0131klar\u0131n\u0131 ve onlar\u0131 kurutan okalipt\u00fcsleri tan\u0131d\u0131; ki\u015filerin de\u011fil, fikirlerin liderlik etti\u011fi bir d\u00fcnyan\u0131n daha ya\u015fanas\u0131 oldu\u011funu g\u00f6rd\u00fc. T\u00fcm bunlar, koca bir belirsizli\u011fin i\u00e7inde bilgeli\u011fi ta\u015f\u0131d\u0131 ona ve zafere giderken seferden de keyif almay\u0131 \u00f6\u011fretti. Yani sevgili okur, cesaret etmeden bilemezsin yeni yollar\u0131n seni nereye ula\u015ft\u0131raca\u011f\u0131n\u0131. Hele bir \u00e7\u0131k bakal\u0131m yolculu\u011funa, yerinde sayma. Ya\u015fanm\u0131\u015f, g\u00f6zlemlenmi\u015f vakalarda senin de kendinden par\u00e7alar bulaca\u011f\u0131n bu kitapla bulmacay\u0131 birlikte \u00e7\u00f6z\u00fcyoruz. Hadi, vakit kaybetme! Hayallerini hayat\u0131na katmaya davet ediyorum seni&#8230; <\/p>\n","protected":false},"excerpt":{"rendered":"<p>En son ne zaman katt\u0131n hayalini hayat\u0131na? Biliyorum, kayboldu\u011funu d\u00fc\u015f\u00fcnd\u00fc\u011f\u00fcn anlar var. T\u0131pk\u0131 Hayat Kerimzade gibi. O, bitti\u011fini sand\u0131\u011f\u0131 noktadan yeni bir yol \u00e7izdi kendine ve<span class=\"excerpt-hellip\"> [\u2026]<\/span><\/p>\n","protected":false},"featured_media":0,"template":"","meta":{"_monsterinsights_skip_tracking":false,"_monsterinsights_sitenote_active":false,"_monsterinsights_sitenote_note":"","_monsterinsights_sitenote_category":0},"product_brand":[],"product_cat":[12364,12376],"product_tag":[],"class_list":{"0":"post-755375","1":"product","2":"type-product","3":"status-publish","5":"product_cat-genel-konular","6":"product_cat-kisisel-gelisim","7":"pa_cilt-ciltsiz","8":"pa_tur-kitap","9":"pa_yayinevi-destek-yayinlari","10":"pa_yazar-zuhal-gurcimen","12":"first","13":"instock","14":"sale","15":"shipping-taxable","16":"purchasable","17":"product-type-simple"},"_links":{"self":[{"href":"https:\/\/roveyayinevi.com.tr\/index.php\/wp-json\/wp\/v2\/product\/755375","targetHints":{"allow":["GET"]}}],"collection":[{"href":"https:\/\/roveyayinevi.com.tr\/index.php\/wp-json\/wp\/v2\/product"}],"about":[{"href":"https:\/\/roveyayinevi.com.tr\/index.php\/wp-json\/wp\/v2\/types\/product"}],"wp:attachment":[{"href":"https:\/\/roveyayinevi.com.tr\/index.php\/wp-json\/wp\/v2\/media?parent=755375"}],"wp:term":[{"taxonomy":"product_brand","embeddable":true,"href":"https:\/\/roveyayinevi.com.tr\/index.php\/wp-json\/wp\/v2\/product_brand?post=755375"},{"taxonomy":"product_cat","embeddable":true,"href":"https:\/\/roveyayinevi.com.tr\/index.php\/wp-json\/wp\/v2\/product_cat?post=755375"},{"taxonomy":"product_tag","embeddable":true,"href":"https:\/\/roveyayinevi.com.tr\/index.php\/wp-json\/wp\/v2\/product_tag?post=755375"}],"curies":[{"name":"wp","href":"https:\/\/api.w.org\/{rel}","templated":true}]}}