{"id":755370,"date":"2025-08-28T06:37:46","date_gmt":"2025-08-28T03:37:46","guid":{"rendered":"https:\/\/roveyayinevi.com.tr\/index.php\/urun\/genclerle-bas-basa-arkeoloji\/"},"modified":"2026-04-16T03:08:28","modified_gmt":"2026-04-16T00:08:28","slug":"genclerle-bas-basa-arkeoloji","status":"publish","type":"product","link":"https:\/\/roveyayinevi.com.tr\/index.php\/urun\/genclerle-bas-basa-arkeoloji\/","title":{"rendered":"Gen\u00e7lerle Ba\u015f Ba\u015fa : Arkeoloji"},"content":{"rendered":"<p>\u0130nsanlar ne zamandan bu yana ge\u00e7mi\u015fi merak ediyorlar ve neden merak ediyorlar? Arkeoloji kelimesi ilk ne zaman kullan\u0131ld\u0131? \u0130lk kaz\u0131 ne zaman yap\u0131ld\u0131? Arkeologlar nas\u0131l \u00e7al\u0131\u015f\u0131yorlar? Bir arkeolojik eserin nerede ne zaman \u00fcretildi\u011fi nas\u0131l anla\u015f\u0131l\u0131yor? Neden birileri kendi topraklar\u0131nda olmayan eserleri istiyor, ba\u015fka bir deyi\u015fle tarih\u00ee eser ka\u00e7ak\u00e7\u0131l\u0131\u011f\u0131 neden var? Antik kentler bat\u0131k \u015fehirler midir? Tap\u0131naklardan tiyatrolara, arenalardan agoralara, hamamlardan mahkemelere, okullardan mezarl\u0131klara antik\u00e7a\u011fda nas\u0131l bir ya\u015fam vard\u0131? Peki bu soruya yan\u0131tlar bulan arkeoloji, yaln\u0131zca ge\u00e7mi\u015fin bilimi midir?   \u0130smail Gezgin bu kez de bizleri yaz\u0131n gitti\u011fi k\u0131y\u0131 kasabas\u0131n\u0131n yak\u0131n\u0131ndaki kaz\u0131da b\u00fcy\u00fck bir hevesle \u00f6\u011frenci-i\u015f\u00e7i olarak g\u00f6rev alan arkeoloji merakl\u0131s\u0131 Ay\u00e7a\u2019n\u0131n e\u015fli\u011finde bir antik kentte dola\u015ft\u0131r\u0131yor. Bu gezi s\u0131ras\u0131nda hem bir arkeolojik kaz\u0131da kimlerin nas\u0131l \u00e7al\u0131\u015ft\u0131\u011f\u0131na tan\u0131k oluyor hem de antik\u00e7a\u011flar\u0131n i\u00e7inde ya\u015fad\u0131\u011f\u0131m\u0131z k\u00fclt\u00fcr\u00fc \u015fekillendiren d\u00fcnyas\u0131na daha yak\u0131ndan bak\u0131yoruz.   Gen\u00e7lerle Ba\u015f Ba\u015fa: Arkeoloji, bug\u00fcn\u00fcn d\u00fcnde kuruldu\u011funu kavrayarak gelece\u011fe bakmak isteyen her ya\u015ftan okur i\u00e7in de\u011ferli bir kaynak.  <\/p>\n","protected":false},"excerpt":{"rendered":"<p>\u0130nsanlar ne zamandan bu yana ge\u00e7mi\u015fi merak ediyorlar ve neden merak ediyorlar? Arkeoloji kelimesi ilk ne zaman kullan\u0131ld\u0131? \u0130lk kaz\u0131 ne zaman yap\u0131ld\u0131? Arkeologlar nas\u0131l \u00e7al\u0131\u015f\u0131yorlar?<span class=\"excerpt-hellip\"> [\u2026]<\/span><\/p>\n","protected":false},"featured_media":0,"template":"","meta":{"_monsterinsights_skip_tracking":false,"_monsterinsights_sitenote_active":false,"_monsterinsights_sitenote_note":"","_monsterinsights_sitenote_category":0},"product_brand":[],"product_cat":[52477,52478],"product_tag":[],"class_list":{"0":"post-755370","1":"product","2":"type-product","3":"status-publish","5":"product_cat-arastirma","6":"product_cat-arkeoloji","7":"pa_cilt-ciltsiz","8":"pa_tur-kitap","9":"pa_yayinevi-yordam-kitap","10":"pa_yazar-ismail-gezgin","12":"first","13":"instock","14":"sale","15":"shipping-taxable","16":"purchasable","17":"product-type-simple"},"_links":{"self":[{"href":"https:\/\/roveyayinevi.com.tr\/index.php\/wp-json\/wp\/v2\/product\/755370","targetHints":{"allow":["GET"]}}],"collection":[{"href":"https:\/\/roveyayinevi.com.tr\/index.php\/wp-json\/wp\/v2\/product"}],"about":[{"href":"https:\/\/roveyayinevi.com.tr\/index.php\/wp-json\/wp\/v2\/types\/product"}],"wp:attachment":[{"href":"https:\/\/roveyayinevi.com.tr\/index.php\/wp-json\/wp\/v2\/media?parent=755370"}],"wp:term":[{"taxonomy":"product_brand","embeddable":true,"href":"https:\/\/roveyayinevi.com.tr\/index.php\/wp-json\/wp\/v2\/product_brand?post=755370"},{"taxonomy":"product_cat","embeddable":true,"href":"https:\/\/roveyayinevi.com.tr\/index.php\/wp-json\/wp\/v2\/product_cat?post=755370"},{"taxonomy":"product_tag","embeddable":true,"href":"https:\/\/roveyayinevi.com.tr\/index.php\/wp-json\/wp\/v2\/product_tag?post=755370"}],"curies":[{"name":"wp","href":"https:\/\/api.w.org\/{rel}","templated":true}]}}