{"id":755369,"date":"2025-08-28T06:37:46","date_gmt":"2025-08-28T03:37:46","guid":{"rendered":"https:\/\/roveyayinevi.com.tr\/index.php\/urun\/dunya-dinleri-ciltli\/"},"modified":"2026-04-16T03:08:28","modified_gmt":"2026-04-16T00:08:28","slug":"dunya-dinleri-ciltli","status":"publish","type":"product","link":"https:\/\/roveyayinevi.com.tr\/index.php\/urun\/dunya-dinleri-ciltli\/","title":{"rendered":"D\u00fcnya Dinleri (Ciltli)"},"content":{"rendered":"<p>Kutsal metinler, insano\u011flunun in\u015fa etmi\u015f oldu\u011fu eserler, resimler ve mimari arac\u0131l\u0131\u011f\u0131yla b\u00fcy\u00fck dinlerin tarihini ve en \u00f6nemli \u00f6\u011fretilerini ke\u015ffedin. Farkl\u0131 ibadet tarzlar\u0131n\u0131n ve dinsel ilkelerin izini s\u00fcr\u00fcn; g\u00fcn\u00fcm\u00fczde varl\u0131\u011f\u0131n\u0131 s\u00fcrd\u00fcren eski inan\u00e7lar\u0131n benzerliklerini ve farkl\u0131l\u0131klar\u0131n\u0131 inceleyin. B\u00fcy\u00fck bir a\u00e7\u0131kl\u0131k ve duyarl\u0131l\u0131kla yaz\u0131lm\u0131\u015f olan bu resimli ve b\u00fcy\u00fcleyici rehber, Klasik D\u00fcnyan\u0131n kadim mitolojilerinden Zerd\u00fc\u015ft\u00e7\u00fcl\u00fc\u011fe, H\u0131ristiyanl\u0131ktan \u0130slama kadar ba\u015fl\u0131ca inan\u00e7 sistemleri hakk\u0131nda ayr\u0131nt\u0131l\u0131 bilgiler sunuyor. <\/p>\n","protected":false},"excerpt":{"rendered":"<p>Kutsal metinler, insano\u011flunun in\u015fa etmi\u015f oldu\u011fu eserler, resimler ve mimari arac\u0131l\u0131\u011f\u0131yla b\u00fcy\u00fck dinlerin tarihini ve en \u00f6nemli \u00f6\u011fretilerini ke\u015ffedin. Farkl\u0131 ibadet tarzlar\u0131n\u0131n ve dinsel ilkelerin izini<span class=\"excerpt-hellip\"> [\u2026]<\/span><\/p>\n","protected":false},"featured_media":0,"template":"","meta":{"_monsterinsights_skip_tracking":false,"_monsterinsights_sitenote_active":false,"_monsterinsights_sitenote_note":"","_monsterinsights_sitenote_category":0},"product_brand":[],"product_cat":[13005,13006],"product_tag":[],"class_list":{"0":"post-755369","1":"product","2":"type-product","3":"status-publish","5":"product_cat-bilim-muhendislik","6":"product_cat-populer-bilim","7":"pa_cilt-ciltli","8":"pa_tur-kitap","9":"pa_yayinevi-alfa-yayinlari","10":"pa_yazar-john-bowker","12":"first","13":"instock","14":"sale","15":"shipping-taxable","16":"purchasable","17":"product-type-simple"},"_links":{"self":[{"href":"https:\/\/roveyayinevi.com.tr\/index.php\/wp-json\/wp\/v2\/product\/755369","targetHints":{"allow":["GET"]}}],"collection":[{"href":"https:\/\/roveyayinevi.com.tr\/index.php\/wp-json\/wp\/v2\/product"}],"about":[{"href":"https:\/\/roveyayinevi.com.tr\/index.php\/wp-json\/wp\/v2\/types\/product"}],"wp:attachment":[{"href":"https:\/\/roveyayinevi.com.tr\/index.php\/wp-json\/wp\/v2\/media?parent=755369"}],"wp:term":[{"taxonomy":"product_brand","embeddable":true,"href":"https:\/\/roveyayinevi.com.tr\/index.php\/wp-json\/wp\/v2\/product_brand?post=755369"},{"taxonomy":"product_cat","embeddable":true,"href":"https:\/\/roveyayinevi.com.tr\/index.php\/wp-json\/wp\/v2\/product_cat?post=755369"},{"taxonomy":"product_tag","embeddable":true,"href":"https:\/\/roveyayinevi.com.tr\/index.php\/wp-json\/wp\/v2\/product_tag?post=755369"}],"curies":[{"name":"wp","href":"https:\/\/api.w.org\/{rel}","templated":true}]}}