{"id":755368,"date":"2025-08-28T06:37:44","date_gmt":"2025-08-28T03:37:44","guid":{"rendered":"https:\/\/roveyayinevi.com.tr\/index.php\/urun\/iyi-yasanmis-bir-hayat\/"},"modified":"2026-04-11T03:16:53","modified_gmt":"2026-04-11T00:16:53","slug":"iyi-yasanmis-bir-hayat","status":"publish","type":"product","link":"https:\/\/roveyayinevi.com.tr\/index.php\/urun\/iyi-yasanmis-bir-hayat\/","title":{"rendered":"\u0130yi Ya\u015fanm\u0131\u015f Bir Hayat"},"content":{"rendered":"<p>\u201cOnun y\u00fczy\u0131ll\u0131k bilgeli\u011fi bilim, t\u0131p ve ruhla beslenmi\u015ftir.\u201d -Dr. Robert Waldinger, New York Times \u00e7oksatan yazar\u0131 \ufffcDr. Gladys, 102 ya\u015f\u0131nda h\u00e2l\u00e2 mesle\u011fini s\u00fcrd\u00fcren bir hekim. O, bu kitapta, as\u0131rl\u0131k \u00f6mr\u00fcnden \u00e7\u0131kard\u0131\u011f\u0131 dersleri ve insan ya\u015fam\u0131n\u0131n nas\u0131l daha iyi olaca\u011f\u0131na dair kendisine ilham kayna\u011f\u0131 olan binlerce hastas\u0131n\u0131n hik\u00e2yelerini bizlera anlat\u0131yor. Altm\u0131\u015f y\u0131l\u0131 a\u015fk\u0131n hekimlik hayat\u0131n\u0131n ard\u0131ndan Dr. Gladys, bu kitapta uzun, mutlu ve dolu dolu bir ya\u015fam\u0131n tad\u0131n\u0131 \u00e7\u0131karmak i\u00e7in alt\u0131 uygulanabilir s\u0131rr\u0131n\u0131 \u015f\u00f6yle payla\u015f\u0131yor: -Enerjinizi \u00e7\u0131lg\u0131nca harcay\u0131n -T\u00fcm ya\u015fam hareket \u00fczerine kuruludur -Burada olman\u0131z\u0131n bir sebebi var -Asla yaln\u0131z de\u011filsiniz -Her \u015fey sizin \u00f6\u011fretmeninizdir -Sevgi en g\u00fc\u00e7l\u00fc ila\u00e7t\u0131r Dr. Gladys\u2019in, kendi s\u0131ra d\u0131\u015f\u0131 ya\u015fam\u0131ndan payla\u015ft\u0131\u011f\u0131 mucizevi iyile\u015fme \u00f6yk\u00fcleri de olduk\u00e7a b\u00fcy\u00fcleyici. O, sadece sa\u011fl\u0131k ve \u015fifa hakk\u0131nda de\u011fil, ayn\u0131 zamanda ne\u015fe i\u00e7inde ve tatmin duyulan bir ya\u015fam i\u00e7in neler yap\u0131lmas\u0131 gerekti\u011fi konusunda d\u00fc\u015f\u00fcncelerinizi etkileyip bak\u0131\u015f a\u00e7\u0131n\u0131z\u0131 de\u011fi\u015ftirecek. Kitap boyunca, sizlere sevgi dolu ve bilge bir b\u00fcy\u00fckanne gibi e\u015flik edecek.   \u201cEtkileyici oldu\u011fu kadar \u00f6\u011fretici de olan e\u015fsiz bir eser.\u201d -Dr. Edith Eger, New York Times \u00e7oksatan yazar\u0131   Etkileyici oldu\u011fu kadar ayd\u0131nlat\u0131c\u0131 da&#8230; T\u0131bbi bilgi ve ya\u015fanm\u0131\u015f deneyimleri bir araya getirmesi, pek \u00e7ok ki\u015fi i\u00e7in olduk\u00e7a faydal\u0131 bir rehber olacak. -Dr. Sara Gottfried, New York Times \u00e7oksatan yazar\u0131 <\/p>\n","protected":false},"excerpt":{"rendered":"<p>\u201cOnun y\u00fczy\u0131ll\u0131k bilgeli\u011fi bilim, t\u0131p ve ruhla beslenmi\u015ftir.\u201d -Dr. Robert Waldinger, New York Times \u00e7oksatan yazar\u0131 \ufffcDr. Gladys, 102 ya\u015f\u0131nda h\u00e2l\u00e2 mesle\u011fini s\u00fcrd\u00fcren bir hekim. O,<span class=\"excerpt-hellip\"> [\u2026]<\/span><\/p>\n","protected":false},"featured_media":0,"template":"","meta":{"_monsterinsights_skip_tracking":false,"_monsterinsights_sitenote_active":false,"_monsterinsights_sitenote_note":"","_monsterinsights_sitenote_category":0},"product_brand":[],"product_cat":[12364,12376],"product_tag":[],"class_list":{"0":"post-755368","1":"product","2":"type-product","3":"status-publish","5":"product_cat-genel-konular","6":"product_cat-kisisel-gelisim","7":"pa_cilt-ciltsiz","8":"pa_tur-kitap","9":"pa_yayinevi-mona-kitap","10":"pa_yazar-gladys-mcgarey","12":"first","13":"instock","14":"sale","15":"shipping-taxable","16":"purchasable","17":"product-type-simple"},"_links":{"self":[{"href":"https:\/\/roveyayinevi.com.tr\/index.php\/wp-json\/wp\/v2\/product\/755368","targetHints":{"allow":["GET"]}}],"collection":[{"href":"https:\/\/roveyayinevi.com.tr\/index.php\/wp-json\/wp\/v2\/product"}],"about":[{"href":"https:\/\/roveyayinevi.com.tr\/index.php\/wp-json\/wp\/v2\/types\/product"}],"wp:attachment":[{"href":"https:\/\/roveyayinevi.com.tr\/index.php\/wp-json\/wp\/v2\/media?parent=755368"}],"wp:term":[{"taxonomy":"product_brand","embeddable":true,"href":"https:\/\/roveyayinevi.com.tr\/index.php\/wp-json\/wp\/v2\/product_brand?post=755368"},{"taxonomy":"product_cat","embeddable":true,"href":"https:\/\/roveyayinevi.com.tr\/index.php\/wp-json\/wp\/v2\/product_cat?post=755368"},{"taxonomy":"product_tag","embeddable":true,"href":"https:\/\/roveyayinevi.com.tr\/index.php\/wp-json\/wp\/v2\/product_tag?post=755368"}],"curies":[{"name":"wp","href":"https:\/\/api.w.org\/{rel}","templated":true}]}}