{"id":755367,"date":"2025-08-28T06:37:42","date_gmt":"2025-08-28T03:37:42","guid":{"rendered":"https:\/\/roveyayinevi.com.tr\/index.php\/urun\/dikenli-teller-arasinda-parmakliklar-arkasinda\/"},"modified":"2026-04-16T03:08:28","modified_gmt":"2026-04-16T00:08:28","slug":"dikenli-teller-arasinda-parmakliklar-arkasinda","status":"publish","type":"product","link":"https:\/\/roveyayinevi.com.tr\/index.php\/urun\/dikenli-teller-arasinda-parmakliklar-arkasinda\/","title":{"rendered":"Dikenli Teller Aras\u0131nda Parmakl\u0131klar Arkas\u0131nda"},"content":{"rendered":"<p>Bu kitap\u00e7\u0131k, Berlin \u201cK\u0131z\u0131l Bayrak\u201d gazetesinin genel yay\u0131n y\u00f6netmeni ve ayn\u0131 zamanda Almanya Kom\u00fcnist Partisi \u00f6nderlerinden biri olan Werner Hirsch taraf\u0131ndan yaz\u0131ld\u0131 ve 1934 y\u0131l\u0131nda yay\u0131mland\u0131. Hirsc, \u201c\u0130llegal Anti-Fa\u015fist Sava\u015f\u00e7\u0131lara Bir S\u00f6z\u201d diye ba\u015fl\u0131yor s\u00f6zlerine ve sonra devam ediyor: \u201cHitler Almanya\u2019s\u0131n\u0131n fa\u015fist cehennemlerinde 1,5 senelik tutukluluktan ve bu yolun bir istasyonundan di\u011ferine 20 kere nakledildikten sonra baz\u0131 tecr\u00fcbeleri derlemek ve g\u00f6stermek istiyorum. Bunlar Almanya\u2019da benim ve zindana at\u0131lm\u0131\u015f ba\u015fka anti-fa\u015fistlerin tecr\u00fcbelerinin sonu\u00e7lar\u0131d\u0131r. Belki b\u00f6yle bir tasvir, fa\u015fist \u00fclkelerde anti-fa\u015fistlere uygulanan ter\u00f6re kar\u015f\u0131 m\u00fccadeleyi kolayla\u015ft\u0131rmaya katk\u0131da bulunabilir. Belki de bu deneyimler, tutuklanma \u015fans\u0131zl\u0131\u011f\u0131na u\u011fram\u0131\u015f devrimci i\u015f\u00e7ilerin ter\u00f6re kar\u015f\u0131 direncini kolayla\u015ft\u0131rabilir.\u201d Burada anlat\u0131lan, Hitler fa\u015fizminin ve fa\u015fist Alman burjuvazisinin s\u0131n\u0131rs\u0131z vah\u015feti kar\u015f\u0131s\u0131nda binlerce \u00fcye ve y\u00f6netici yolda\u015f\u0131n\u0131 kaybetmi\u015f ama onurluca direnmi\u015f ve d\u00fc\u015fman\u0131n\u0131n yenmi\u015f bir partinin, Almanya Kom\u00fcnist Partisi (KPD)\u2019nin tecr\u00fcbelerinin sadece bir kesitidir. <\/p>\n","protected":false},"excerpt":{"rendered":"<p>Bu kitap\u00e7\u0131k, Berlin \u201cK\u0131z\u0131l Bayrak\u201d gazetesinin genel yay\u0131n y\u00f6netmeni ve ayn\u0131 zamanda Almanya Kom\u00fcnist Partisi \u00f6nderlerinden biri olan Werner Hirsch taraf\u0131ndan yaz\u0131ld\u0131 ve 1934 y\u0131l\u0131nda yay\u0131mland\u0131.<span class=\"excerpt-hellip\"> [\u2026]<\/span><\/p>\n","protected":false},"featured_media":0,"template":"","meta":{"_monsterinsights_skip_tracking":false,"_monsterinsights_sitenote_active":false,"_monsterinsights_sitenote_note":"","_monsterinsights_sitenote_category":0},"product_brand":[],"product_cat":[13701,12291],"product_tag":[],"class_list":{"0":"post-755367","1":"product","2":"type-product","3":"status-publish","5":"product_cat-ani-mektup-gunluk","6":"product_cat-edebiyat","7":"pa_cilt-ciltsiz","8":"pa_tur-kitap","9":"pa_yayinevi-toz-yayinlari","10":"pa_yazar-von-werner-hirsch","12":"first","13":"instock","14":"sale","15":"shipping-taxable","16":"purchasable","17":"product-type-simple"},"_links":{"self":[{"href":"https:\/\/roveyayinevi.com.tr\/index.php\/wp-json\/wp\/v2\/product\/755367","targetHints":{"allow":["GET"]}}],"collection":[{"href":"https:\/\/roveyayinevi.com.tr\/index.php\/wp-json\/wp\/v2\/product"}],"about":[{"href":"https:\/\/roveyayinevi.com.tr\/index.php\/wp-json\/wp\/v2\/types\/product"}],"wp:attachment":[{"href":"https:\/\/roveyayinevi.com.tr\/index.php\/wp-json\/wp\/v2\/media?parent=755367"}],"wp:term":[{"taxonomy":"product_brand","embeddable":true,"href":"https:\/\/roveyayinevi.com.tr\/index.php\/wp-json\/wp\/v2\/product_brand?post=755367"},{"taxonomy":"product_cat","embeddable":true,"href":"https:\/\/roveyayinevi.com.tr\/index.php\/wp-json\/wp\/v2\/product_cat?post=755367"},{"taxonomy":"product_tag","embeddable":true,"href":"https:\/\/roveyayinevi.com.tr\/index.php\/wp-json\/wp\/v2\/product_tag?post=755367"}],"curies":[{"name":"wp","href":"https:\/\/api.w.org\/{rel}","templated":true}]}}