{"id":755365,"date":"2025-08-28T06:37:38","date_gmt":"2025-08-28T03:37:38","guid":{"rendered":"https:\/\/roveyayinevi.com.tr\/index.php\/urun\/cok-gec\/"},"modified":"2026-04-16T03:08:28","modified_gmt":"2026-04-16T00:08:28","slug":"cok-gec","status":"publish","type":"product","link":"https:\/\/roveyayinevi.com.tr\/index.php\/urun\/cok-gec\/","title":{"rendered":"\u00c7ok Ge\u00e7"},"content":{"rendered":"<p>New York Times \u00e7oksatan listesinin bir numaral\u0131 yazar\u0131 Colleen Hoover\u2019dan tak\u0131nt\u0131l\u0131 ve tehlikeli bir a\u015fk hakk\u0131nda nefes kesici bir psikolojik gerilim!   K\u0131r\u0131k insanlar bazen ge\u00e7mi\u015fleri y\u00fcz\u00fcnden \u00f6nlerini g\u00f6remezler.K\u0131r\u0131lm\u0131\u015f olmak onlar i\u00e7in zay\u0131fl\u0131kt\u0131r, dolay\u0131s\u0131yla da \u00f6fkelerines\u0131\u011f\u0131n\u0131rlar. Baz\u0131lar\u0131 da ge\u00e7mi\u015fte onlar\u0131 k\u0131ran \u015feylerden uzakla\u015fmaya\u00e7al\u0131\u015f\u0131rken daha \u00e7ok kendilerini ge\u00e7mi\u015fte bulurlar. Sloan\u2019un hayat\u0131 do\u011fdu\u011fundan beri kolay olmam\u0131\u015ft\u0131. Kendini bildibileli otizimli karde\u015fini uyu\u015fturucu ba\u011f\u0131ml\u0131 annesinden korumaya\u00e7al\u0131\u015f\u0131yordu. Erkek arkada\u015f\u0131 Asa, karde\u015finin bak\u0131m masraflar\u0131n\u0131\u00fcstlenmi\u015fti fakat Sloan, onun kirli paras\u0131n\u0131n nereden geldi\u011fininfark\u0131ndayd\u0131. Ama karde\u015fi i\u00e7in bu adama katlanmaya mecburdu.Asa\u2019n\u0131n da kendince onu sevdi\u011fine inanmak zorundayd\u0131 ve oda Asa\u2019y\u0131 sevmek zorundayd\u0131. \u00c7\u00fcnk\u00fc Asa\u2019n\u0131n tehlikeli \u00e7evresinden onu koruyabilecek tek ki\u015fi yine Asa\u2019yd\u0131. Ta ki Carter gelenekadar&#8230; Hayat\u0131 boyunca s\u00fcrekli m\u00fccadele etmi\u015f, rol yapmaya al\u0131\u015fm\u0131\u015f Sloan,Carter\u2019\u0131n a\u015fk\u0131na g\u00fcvenebilir miydi? G\u00fcvense bile bu a\u015fk\u0131 ya\u015fatabilir miydi? Asa gitgide kontrol edilemez bir h\u00e2l al\u0131rken acaba bucehennemden kurtulabilir miydi?<\/p>\n","protected":false},"excerpt":{"rendered":"<p>New York Times \u00e7oksatan listesinin bir numaral\u0131 yazar\u0131 Colleen Hoover\u2019dan tak\u0131nt\u0131l\u0131 ve tehlikeli bir a\u015fk hakk\u0131nda nefes kesici bir psikolojik gerilim! K\u0131r\u0131k insanlar bazen ge\u00e7mi\u015fleri y\u00fcz\u00fcnden<span class=\"excerpt-hellip\"> [\u2026]<\/span><\/p>\n","protected":false},"featured_media":0,"template":"","meta":{"_monsterinsights_skip_tracking":false,"_monsterinsights_sitenote_active":false,"_monsterinsights_sitenote_note":"","_monsterinsights_sitenote_category":0},"product_brand":[],"product_cat":[12291,17033],"product_tag":[],"class_list":{"0":"post-755365","1":"product","2":"type-product","3":"status-publish","5":"product_cat-edebiyat","6":"product_cat-korku-gerilim","7":"pa_cilt-ciltsiz","8":"pa_tur-kitap","9":"pa_yayinevi-epsilon-yayinlari","10":"pa_yazar-colleen-hoover","12":"first","13":"instock","14":"sale","15":"shipping-taxable","16":"purchasable","17":"product-type-simple"},"_links":{"self":[{"href":"https:\/\/roveyayinevi.com.tr\/index.php\/wp-json\/wp\/v2\/product\/755365","targetHints":{"allow":["GET"]}}],"collection":[{"href":"https:\/\/roveyayinevi.com.tr\/index.php\/wp-json\/wp\/v2\/product"}],"about":[{"href":"https:\/\/roveyayinevi.com.tr\/index.php\/wp-json\/wp\/v2\/types\/product"}],"wp:attachment":[{"href":"https:\/\/roveyayinevi.com.tr\/index.php\/wp-json\/wp\/v2\/media?parent=755365"}],"wp:term":[{"taxonomy":"product_brand","embeddable":true,"href":"https:\/\/roveyayinevi.com.tr\/index.php\/wp-json\/wp\/v2\/product_brand?post=755365"},{"taxonomy":"product_cat","embeddable":true,"href":"https:\/\/roveyayinevi.com.tr\/index.php\/wp-json\/wp\/v2\/product_cat?post=755365"},{"taxonomy":"product_tag","embeddable":true,"href":"https:\/\/roveyayinevi.com.tr\/index.php\/wp-json\/wp\/v2\/product_tag?post=755365"}],"curies":[{"name":"wp","href":"https:\/\/api.w.org\/{rel}","templated":true}]}}