{"id":755363,"date":"2025-08-28T06:37:34","date_gmt":"2025-08-28T03:37:34","guid":{"rendered":"https:\/\/roveyayinevi.com.tr\/index.php\/urun\/yalanci-varis\/"},"modified":"2026-04-16T03:08:28","modified_gmt":"2026-04-16T00:08:28","slug":"yalanci-varis","status":"publish","type":"product","link":"https:\/\/roveyayinevi.com.tr\/index.php\/urun\/yalanci-varis\/","title":{"rendered":"Yalanc\u0131 Varis"},"content":{"rendered":"<p>Ka\u00e7ak bir krali\u00e7e. G\u00f6n\u00fcls\u00fcz bir prens. Y\u0131k\u0131c\u0131 bir aray\u0131\u015f.   Y\u0131lan Sava\u015f\u0131\u2019n\u0131n \u00fczerinden sekiz y\u0131l ge\u00e7ti. Ancak kuzeyde, Di\u015fler Saray\u0131\u2019ndan Leydi Nore, Buz \u0130\u011fnesi Kalesi\u2019ni geri ald\u0131. Orada, emirlerini yerine getirecek ve intikam\u0131n\u0131 alacak canavarlar yarat\u0131yor. Di\u015fler Saray\u0131\u2019n\u0131n k\u00fc\u00e7\u00fck krali\u00e7esi ve annesi \u00fczerinde g\u00fcc\u00fc olan tek ki\u015fi Suren, ac\u0131mas\u0131z i\u015fkencelerden b\u0131k\u0131p insanlar\u0131n d\u00fcnyas\u0131na ka\u00e7t\u0131. Ormanda vah\u015fi bir \u015fekilde, tek ba\u015f\u0131na ya\u015f\u0131yor ve unutuldu\u011funa inan\u0131yordu. Ta ki F\u0131rt\u0131na cad\u0131s\u0131 Bogdana Suren\u2019i bir gece sokakta kovalayana kadar. \u015eimdi Suren\u2019i, bir zamanlar evlenme s\u00f6z\u00fc verdi\u011fi Elfhame\u2019in v\u00e2risi Prens Oak\u2019tan ba\u015fkas\u0131 kurtaramaz. On yedi ya\u015f\u0131na gelen Oak b\u00fcy\u00fcleyici bir g\u00fczelli\u011fe eri\u015fti. Onu kuzeye g\u00f6t\u00fcrecek bir g\u00f6revde ve Suren\u2019den yard\u0131m istiyor. Ama Suren bu teklifi kabul ederse, bu, bir zamanlar tan\u0131d\u0131\u011f\u0131 \u00e7ocu\u011fa ve g\u00fcvenemeyece\u011fi bir prense kar\u015f\u0131 kalbini korumak ve arkas\u0131nda b\u0131rakt\u0131\u011f\u0131n\u0131 d\u00fc\u015f\u00fcnd\u00fc\u011f\u00fc t\u00fcm deh\u015fetlerle y\u00fczle\u015fmek anlam\u0131na gelecek. Fantastik edebiyat\u0131n en sevilen ve en \u00e7ok okunan yazarlar\u0131ndan Holly Black\u2019in iki kitaptan olu\u015fan yeni serisinin ilkiyle entrika, ihanet ve tehlikeli arzularla dolu Elfhame\u2019in b\u00fcy\u00fcleyici d\u00fcnyas\u0131na geri d\u00f6n\u00fcn. <\/p>\n","protected":false},"excerpt":{"rendered":"<p>Ka\u00e7ak bir krali\u00e7e. G\u00f6n\u00fcls\u00fcz bir prens. Y\u0131k\u0131c\u0131 bir aray\u0131\u015f. Y\u0131lan Sava\u015f\u0131\u2019n\u0131n \u00fczerinden sekiz y\u0131l ge\u00e7ti. Ancak kuzeyde, Di\u015fler Saray\u0131\u2019ndan Leydi Nore, Buz \u0130\u011fnesi Kalesi\u2019ni geri ald\u0131.<span class=\"excerpt-hellip\"> [\u2026]<\/span><\/p>\n","protected":false},"featured_media":0,"template":"","meta":{"_monsterinsights_skip_tracking":false,"_monsterinsights_sitenote_active":false,"_monsterinsights_sitenote_note":"","_monsterinsights_sitenote_category":0},"product_brand":[],"product_cat":[12291,14777],"product_tag":[],"class_list":{"0":"post-755363","1":"product","2":"type-product","3":"status-publish","5":"product_cat-edebiyat","6":"product_cat-fantastik","7":"pa_cilt-ciltsiz","8":"pa_tur-kitap","9":"pa_yayinevi-dex-yayinevi","10":"pa_yazar-holly-black","12":"first","13":"instock","14":"sale","15":"shipping-taxable","16":"purchasable","17":"product-type-simple"},"_links":{"self":[{"href":"https:\/\/roveyayinevi.com.tr\/index.php\/wp-json\/wp\/v2\/product\/755363","targetHints":{"allow":["GET"]}}],"collection":[{"href":"https:\/\/roveyayinevi.com.tr\/index.php\/wp-json\/wp\/v2\/product"}],"about":[{"href":"https:\/\/roveyayinevi.com.tr\/index.php\/wp-json\/wp\/v2\/types\/product"}],"wp:attachment":[{"href":"https:\/\/roveyayinevi.com.tr\/index.php\/wp-json\/wp\/v2\/media?parent=755363"}],"wp:term":[{"taxonomy":"product_brand","embeddable":true,"href":"https:\/\/roveyayinevi.com.tr\/index.php\/wp-json\/wp\/v2\/product_brand?post=755363"},{"taxonomy":"product_cat","embeddable":true,"href":"https:\/\/roveyayinevi.com.tr\/index.php\/wp-json\/wp\/v2\/product_cat?post=755363"},{"taxonomy":"product_tag","embeddable":true,"href":"https:\/\/roveyayinevi.com.tr\/index.php\/wp-json\/wp\/v2\/product_tag?post=755363"}],"curies":[{"name":"wp","href":"https:\/\/api.w.org\/{rel}","templated":true}]}}