{"id":755361,"date":"2025-08-28T06:37:32","date_gmt":"2025-08-28T03:37:32","guid":{"rendered":"https:\/\/roveyayinevi.com.tr\/index.php\/urun\/orgutlu-vahsetin-yukselisi\/"},"modified":"2026-04-16T03:08:28","modified_gmt":"2026-04-16T00:08:28","slug":"orgutlu-vahsetin-yukselisi","status":"publish","type":"product","link":"https:\/\/roveyayinevi.com.tr\/index.php\/urun\/orgutlu-vahsetin-yukselisi\/","title":{"rendered":"\u00d6rg\u00fctl\u00fc Vah\u015fetin Y\u00fckseli\u015fi"},"content":{"rendered":"<p>Do\u011fumun fiziksel ve zihinsel sars\u0131nt\u0131s\u0131yla d\u00fcnyaya geliyor, bedenimize ve zihnimize i\u015fleyen \u00f6l\u00fcm deneyiminin \u015fiddetiyle d\u00fcnyay\u0131 terk ediyoruz. Arada kalan \u201c\u00f6m\u00fcr\u201d dedi\u011fimiz k\u0131sa s\u00fcre zarf\u0131ndaysa \u015fiddetin bin bir y\u00fcz\u00fcyle kar\u015f\u0131la\u015f\u0131yoruz: Bazen ona maruz kal\u0131yor, bazen bizzat uyguluyor, bazen de sadece haberdar oluyoruz. Yine de bir\u00e7ok uzman bize insanl\u0131k tarihinin muhtemelen en bar\u0131\u015f\u00e7\u0131l ve iyimser d\u00f6neminde ya\u015fad\u0131\u011f\u0131m\u0131z\u0131, h\u00e2l ve gidi\u015fat\u0131m\u0131z\u0131n pekiyi oldu\u011funu telkin ediyor. Uygarla\u015fma s\u00fcrecinin \u015fiddeti azaltt\u0131\u011f\u0131, Ayd\u0131nlanma ilkeleri \u00fczerine bina edilen karma\u015f\u0131k modern kurum ve \u00f6rg\u00fctlerin \u00e7at\u0131\u015fmalar\u0131 y\u00f6netmeyi kolayla\u015ft\u0131rd\u0131\u011f\u0131, insan\u0131n esenli\u011fini art\u0131rd\u0131\u011f\u0131 s\u00f6yleniyor. 20. y\u00fczy\u0131l\u0131n ba\u015f\u0131ndan itibaren ya\u015fanan \u0130ki d\u00fcnya sava\u015f\u0131, etnik \u00e7at\u0131\u015fmalar, soyk\u0131r\u0131mlar, katliamlara ra\u011fmen istatistikler ve say\u0131lar da onlar\u0131 do\u011fruluyor. Eski \u00e7a\u011flar\u0131n vah\u015fi cinayetleri, \u00fcrk\u00fct\u00fcc\u00fc tarihsel anlat\u0131lar\u0131 ve mitle\u015ftirilen i\u015fkence usulleri kar\u015f\u0131s\u0131nda \u015fiddet azal\u0131yor g\u00f6r\u00fcn\u00fcyor. Peki, g\u00f6r\u00fcnenle ger\u00e7ek \u00f6rt\u00fc\u015f\u00fcyor mu? Bu kitapta, \u015fiddetin azald\u0131\u011f\u0131 iddias\u0131na meydan okuyan Male\u0161evi\u0107, \u015fiddetin modern \u00e7a\u011fda azalmak \u015f\u00f6yle dursun, asl\u0131nda y\u00fckseli\u015fte oldu\u011funu g\u00f6steren derinlemesine bir sosyolojik \u00e7\u00f6z\u00fcmleme sunuyor. Eldeki tarihsel, arkeolojik, antropolojik ve sosyolojik kan\u0131tlardan ve vakalardan hareketle sava\u015flar, devrimler, soyk\u0131r\u0131mlar ve ter\u00f6rizm gibi \u00f6rg\u00fctl\u00fc \u015fiddet eylemlerinin do\u011fas\u0131 ve \u015fiddetin tan\u0131m\u0131 ve kapsam\u0131 hakk\u0131nda bir tart\u0131\u015fma a\u00e7\u0131yor. Weber, Elias, Foucault, Mann, Bourdieu, Collins, Pinker, Gat,  Skocpol, Shaw gibi alan\u0131n \u00f6nde gelen isimleriyle hesapla\u015farak modern toplumsal \u00f6rg\u00fctlerin kitlesel \u015fiddet eylemlerine halk deste\u011fini seferber etmek amac\u0131yla ideolojiyi ve dayan\u0131\u015fma a\u011flar\u0131n\u0131 nas\u0131l kulland\u0131\u011f\u0131n\u0131 g\u00f6steriyor. Uzun vadede \u015fiddeti, insan\u0131n mizac\u0131n\u0131 ve toplumu \u015fekillendiren s\u00fcre\u00e7lerin ve yap\u0131lar\u0131n net ve b\u00fct\u00fcnl\u00fckl\u00fc bir manzaras\u0131n\u0131 sunuyor.<\/p>\n","protected":false},"excerpt":{"rendered":"<p>Do\u011fumun fiziksel ve zihinsel sars\u0131nt\u0131s\u0131yla d\u00fcnyaya geliyor, bedenimize ve zihnimize i\u015fleyen \u00f6l\u00fcm deneyiminin \u015fiddetiyle d\u00fcnyay\u0131 terk ediyoruz. Arada kalan \u201c\u00f6m\u00fcr\u201d dedi\u011fimiz k\u0131sa s\u00fcre zarf\u0131ndaysa \u015fiddetin bin<span class=\"excerpt-hellip\"> [\u2026]<\/span><\/p>\n","protected":false},"featured_media":0,"template":"","meta":{"_monsterinsights_skip_tracking":false,"_monsterinsights_sitenote_active":false,"_monsterinsights_sitenote_note":"","_monsterinsights_sitenote_category":0},"product_brand":[],"product_cat":[12324],"product_tag":[],"class_list":{"0":"post-755361","1":"product","2":"type-product","3":"status-publish","5":"product_cat-sosyoloji","6":"pa_cilt-ciltsiz","7":"pa_tur-kitap","8":"pa_yayinevi-fol-kitap","9":"pa_yazar-sinisa-malesevic","11":"first","12":"instock","13":"sale","14":"shipping-taxable","15":"purchasable","16":"product-type-simple"},"_links":{"self":[{"href":"https:\/\/roveyayinevi.com.tr\/index.php\/wp-json\/wp\/v2\/product\/755361","targetHints":{"allow":["GET"]}}],"collection":[{"href":"https:\/\/roveyayinevi.com.tr\/index.php\/wp-json\/wp\/v2\/product"}],"about":[{"href":"https:\/\/roveyayinevi.com.tr\/index.php\/wp-json\/wp\/v2\/types\/product"}],"wp:attachment":[{"href":"https:\/\/roveyayinevi.com.tr\/index.php\/wp-json\/wp\/v2\/media?parent=755361"}],"wp:term":[{"taxonomy":"product_brand","embeddable":true,"href":"https:\/\/roveyayinevi.com.tr\/index.php\/wp-json\/wp\/v2\/product_brand?post=755361"},{"taxonomy":"product_cat","embeddable":true,"href":"https:\/\/roveyayinevi.com.tr\/index.php\/wp-json\/wp\/v2\/product_cat?post=755361"},{"taxonomy":"product_tag","embeddable":true,"href":"https:\/\/roveyayinevi.com.tr\/index.php\/wp-json\/wp\/v2\/product_tag?post=755361"}],"curies":[{"name":"wp","href":"https:\/\/api.w.org\/{rel}","templated":true}]}}