{"id":755358,"date":"2025-08-28T06:37:28","date_gmt":"2025-08-28T03:37:28","guid":{"rendered":"https:\/\/roveyayinevi.com.tr\/index.php\/urun\/istanbulu-kaybetmek\/"},"modified":"2026-04-16T03:08:28","modified_gmt":"2026-04-16T00:08:28","slug":"istanbulu-kaybetmek","status":"publish","type":"product","link":"https:\/\/roveyayinevi.com.tr\/index.php\/urun\/istanbulu-kaybetmek\/","title":{"rendered":"\u0130stanbul\u2019u Kaybetmek"},"content":{"rendered":"<p>Mostafa Minawi, \u00f6d\u00fcll\u00fc bu \u00e7al\u0131\u015fmas\u0131nda bir zamanlar \u00e7okk\u00fclt\u00fcrl\u00fc bir yap\u0131ya sahip olan Osmanl\u0131 \u0130mparatorlu\u011fu\u2019nun sona ermesiyle imparatorluk ba\u015fkentindeki evlerinden hatta kimliklerinden vazge\u00e7mek zorunda kalanlar\u0131n tarihini anlat\u0131yor. Osmanl\u0131 \u0130mparatorlu\u011fu&#8217;nun son y\u0131llar\u0131n\u0131n alternatif bir tarihini sunan \u0130stanbul&#8217;u Kaybetmek, imparatorluk d\u00fczeninin y\u0131k\u0131l\u0131\u015f tarihinin bireylerin tarihiyle nas\u0131l kesi\u015fti\u011fini \u00e7arp\u0131c\u0131 bir bi\u00e7imde g\u00f6zler \u00f6n\u00fcne seriyor.   Mostafa Minawi, Arap-Osmanl\u0131 imparatorluk deneyiminin kay\u0131p gelecekleri ve g\u00f6zden ka\u00e7an miraslar\u0131 hakk\u0131nda ustaca ve b\u00fcy\u00fcleyici bir anlat\u0131m sunuyor. \u0130stanbul&#8217;u Kaybetmek bize ge\u00e7 d\u00f6nem Osmanl\u0131 tarihini T\u00fcrk milliyet\u00e7i anlat\u0131lar\u0131ndan nas\u0131l kurtaraca\u011f\u0131m\u0131z\u0131 ve emperyalizmin y\u00fcksek \u00e7a\u011f\u0131n\u0131n k\u00fcresel entelekt\u00fcel ve siyasi tarihine dair \u00e7ok daha zengin bir anlay\u0131\u015f kazanmay\u0131 \u00f6\u011fretiyor. Cemil Ayd\u0131n, Kuzey Carolina \u00dcniversitesi   Ortado\u011fu ve Afrika&#8217;n\u0131n ger\u00e7ekten rahats\u0131z edici bir d\u00f6neminin k\u0131smen biyografisi, k\u0131smen siyasi co\u011frafyas\u0131 ve k\u0131smen tarihi olan \u0130stanbul&#8217;u Kaybetmek, Osmanl\u0131 \u0130mparatorlu\u011fu&#8217;ndan yeni T\u00fcrkiye Cumhuriyeti&#8217;ne kadar hayatta kalamayan hayatlar\u0131 ve yak\u0131n ili\u015fkileri ortaya koyuyor. Mostafa Minawi harika bir kitap yazm\u0131\u015f \u2014\u00f6zenli, zengin ve benzersiz. Eve Troutt-Powell, Pensilvanya \u00dcniversitesi<\/p>\n","protected":false},"excerpt":{"rendered":"<p>Mostafa Minawi, \u00f6d\u00fcll\u00fc bu \u00e7al\u0131\u015fmas\u0131nda bir zamanlar \u00e7okk\u00fclt\u00fcrl\u00fc bir yap\u0131ya sahip olan Osmanl\u0131 \u0130mparatorlu\u011fu\u2019nun sona ermesiyle imparatorluk ba\u015fkentindeki evlerinden hatta kimliklerinden vazge\u00e7mek zorunda kalanlar\u0131n tarihini anlat\u0131yor.<span class=\"excerpt-hellip\"> [\u2026]<\/span><\/p>\n","protected":false},"featured_media":0,"template":"","meta":{"_monsterinsights_skip_tracking":false,"_monsterinsights_sitenote_active":false,"_monsterinsights_sitenote_note":"","_monsterinsights_sitenote_category":0},"product_brand":[],"product_cat":[13517,12304],"product_tag":[],"class_list":{"0":"post-755358","1":"product","2":"type-product","3":"status-publish","5":"product_cat-osmanli-tarihi","6":"product_cat-tarih","7":"pa_cilt-ciltsiz","8":"pa_tur-kitap","9":"pa_yayinevi-fol-kitap","10":"pa_yazar-mostafa-minawi","12":"first","13":"instock","14":"sale","15":"shipping-taxable","16":"purchasable","17":"product-type-simple"},"_links":{"self":[{"href":"https:\/\/roveyayinevi.com.tr\/index.php\/wp-json\/wp\/v2\/product\/755358","targetHints":{"allow":["GET"]}}],"collection":[{"href":"https:\/\/roveyayinevi.com.tr\/index.php\/wp-json\/wp\/v2\/product"}],"about":[{"href":"https:\/\/roveyayinevi.com.tr\/index.php\/wp-json\/wp\/v2\/types\/product"}],"wp:attachment":[{"href":"https:\/\/roveyayinevi.com.tr\/index.php\/wp-json\/wp\/v2\/media?parent=755358"}],"wp:term":[{"taxonomy":"product_brand","embeddable":true,"href":"https:\/\/roveyayinevi.com.tr\/index.php\/wp-json\/wp\/v2\/product_brand?post=755358"},{"taxonomy":"product_cat","embeddable":true,"href":"https:\/\/roveyayinevi.com.tr\/index.php\/wp-json\/wp\/v2\/product_cat?post=755358"},{"taxonomy":"product_tag","embeddable":true,"href":"https:\/\/roveyayinevi.com.tr\/index.php\/wp-json\/wp\/v2\/product_tag?post=755358"}],"curies":[{"name":"wp","href":"https:\/\/api.w.org\/{rel}","templated":true}]}}