{"id":755355,"date":"2025-08-28T06:37:24","date_gmt":"2025-08-28T03:37:24","guid":{"rendered":"https:\/\/roveyayinevi.com.tr\/index.php\/urun\/demokrasi-oldugunde-kalici-lozan-barisi\/"},"modified":"2026-04-16T03:08:27","modified_gmt":"2026-04-16T00:08:27","slug":"demokrasi-oldugunde-kalici-lozan-barisi","status":"publish","type":"product","link":"https:\/\/roveyayinevi.com.tr\/index.php\/urun\/demokrasi-oldugunde-kalici-lozan-barisi\/","title":{"rendered":"Demokrasi \u00d6ld\u00fc\u011f\u00fcnde: Kal\u0131c\u0131 Lozan Bar\u0131\u015f\u0131"},"content":{"rendered":"<p>Temmuz 1923&#8217;te \u0130svi\u00e7re&#8217;de imzalanan Lozan Antla\u015fmas\u0131, T\u00fcrkiye\u2019nin modern ulus devlet olmas\u0131n\u0131 resm\u00eele\u015ftirdi ve d\u00fcvel-i muazzama bunu kabul ettirdi. Bu kurucu anla\u015fma T\u00fcrkiye a\u00e7\u0131s\u0131ndan ku\u015fkusuz \u00e7ok ba\u015far\u0131l\u0131yd\u0131 ve avantajlar\u0131 b\u00fcy\u00fckt\u00fc ancak o \u00f6l\u00e7\u00fcde ba\u015fka gruplar i\u00e7in bedelleri olan da bir anla\u015fmayd\u0131. Antla\u015fma, modern T\u00fcrkiye Cumhuriyeti&#8217;nin s\u0131n\u0131rlar\u0131n\u0131 belirmenin yan\u0131 s\u0131ra Osmanl\u0131 sonras\u0131 olu\u015fan ulus devletlerin s\u0131n\u0131rlar\u0131n\u0131, siyasi sistemlerini ve vatanda\u015fl\u0131k anlay\u0131\u015flar\u0131n\u0131 da tan\u0131mlam\u0131\u015ft\u0131. Kieser, bu Antla\u015fma\u2019yla \u201ckendi kaderini tayin hakk\u0131\u201dn\u0131n nas\u0131l yaln\u0131zca muzafferler i\u00e7in, onlar ihtiya\u00e7 duydu\u011fu m\u00fcddet\u00e7e ge\u00e7erli olaca\u011f\u0131n\u0131 bizlere derinlikli bir bi\u00e7imde anlat\u0131yor. Ayn\u0131 zamanda Lozan ile birlikte demokrasiye, \u00e7okk\u00fclt\u00fcrl\u00fcl\u00fc\u011fe ve \u00e7o\u011fulculu\u011fa do\u011fru giden yollar\u0131n nas\u0131l tamamen kapan\u0131p m\u00fch\u00fcrlendi\u011finin de tarihsel bir panoramas\u0131n\u0131 ortaya koyuyor. Bu \u00e7al\u0131\u015fma, Lozan Antla\u015fmas\u0131\u2019n\u0131n \u00f6zg\u00fcn bir yorumunu sunuyor. B\u00fcy\u00fck Sava\u015f sonras\u0131 d\u00f6nemde iki yeni rejiminin ortaya \u00e7\u0131k\u0131\u015f\u0131n\u0131 anlamam\u0131z\u0131 sa\u011fl\u0131yor: Bol\u015fevik Sovyetler Birli\u011fi ile birlikte kendilerini gelecek antidemokratik \u00e7a\u011f\u0131n temel direkleri olarak g\u00f6ren \u0130talya&#8217;da fa\u015fizm ve T\u00fcrkiye&#8217;de Kemalizm. Hamit Bozarslan &#8211; EHESS, Sosyal Bilimler \u0130leri Ara\u015ft\u0131rmalar Okulu<\/p>\n","protected":false},"excerpt":{"rendered":"<p>Temmuz 1923&#8217;te \u0130svi\u00e7re&#8217;de imzalanan Lozan Antla\u015fmas\u0131, T\u00fcrkiye\u2019nin modern ulus devlet olmas\u0131n\u0131 resm\u00eele\u015ftirdi ve d\u00fcvel-i muazzama bunu kabul ettirdi. Bu kurucu anla\u015fma T\u00fcrkiye a\u00e7\u0131s\u0131ndan ku\u015fkusuz \u00e7ok ba\u015far\u0131l\u0131yd\u0131<span class=\"excerpt-hellip\"> [\u2026]<\/span><\/p>\n","protected":false},"featured_media":0,"template":"","meta":{"_monsterinsights_skip_tracking":false,"_monsterinsights_sitenote_active":false,"_monsterinsights_sitenote_note":"","_monsterinsights_sitenote_category":0},"product_brand":[],"product_cat":[12304],"product_tag":[],"class_list":{"0":"post-755355","1":"product","2":"type-product","3":"status-publish","5":"product_cat-tarih","6":"pa_cilt-ciltsiz","7":"pa_tur-kitap","8":"pa_yayinevi-fol-kitap","9":"pa_yazar-hans-lukas-kieser","11":"first","12":"instock","13":"sale","14":"shipping-taxable","15":"purchasable","16":"product-type-simple"},"_links":{"self":[{"href":"https:\/\/roveyayinevi.com.tr\/index.php\/wp-json\/wp\/v2\/product\/755355","targetHints":{"allow":["GET"]}}],"collection":[{"href":"https:\/\/roveyayinevi.com.tr\/index.php\/wp-json\/wp\/v2\/product"}],"about":[{"href":"https:\/\/roveyayinevi.com.tr\/index.php\/wp-json\/wp\/v2\/types\/product"}],"wp:attachment":[{"href":"https:\/\/roveyayinevi.com.tr\/index.php\/wp-json\/wp\/v2\/media?parent=755355"}],"wp:term":[{"taxonomy":"product_brand","embeddable":true,"href":"https:\/\/roveyayinevi.com.tr\/index.php\/wp-json\/wp\/v2\/product_brand?post=755355"},{"taxonomy":"product_cat","embeddable":true,"href":"https:\/\/roveyayinevi.com.tr\/index.php\/wp-json\/wp\/v2\/product_cat?post=755355"},{"taxonomy":"product_tag","embeddable":true,"href":"https:\/\/roveyayinevi.com.tr\/index.php\/wp-json\/wp\/v2\/product_tag?post=755355"}],"curies":[{"name":"wp","href":"https:\/\/api.w.org\/{rel}","templated":true}]}}