{"id":755351,"date":"2025-08-28T06:37:18","date_gmt":"2025-08-28T03:37:18","guid":{"rendered":"https:\/\/roveyayinevi.com.tr\/index.php\/urun\/hafiz\/"},"modified":"2026-04-16T03:08:27","modified_gmt":"2026-04-16T00:08:27","slug":"hafiz","status":"publish","type":"product","link":"https:\/\/roveyayinevi.com.tr\/index.php\/urun\/hafiz\/","title":{"rendered":"Haf\u0131z"},"content":{"rendered":"<p>Hassas bir adam&#8230; \u00c7i\u00e7ek\u00e7i&#8230; Ba\u011flanam\u0131yor kimseye. Kendi kalabal\u0131\u011f\u0131ndan bile korkuyor. D\u00fc\u015f\u00fcnceleri daldan dala u\u00e7uyor, \u015fark\u0131lar e\u015fli\u011finde&#8230;  Ad\u0131 Talip&#8230;   D\u00fcnyas\u0131 sadece kendisinin hissetti\u011fi bir depremle alt\u00fcst oluyor&#8230; Sars\u0131nt\u0131n\u0131n murad\u0131 belli: \u0130\u00e7inden d\u0131\u015f\u0131na \u00e7\u0131kmaya zorluyor onu&#8230; Bunu da dedesinin vasiyeti arac\u0131l\u0131\u011f\u0131yla yap\u0131yor:Haf\u0131z ol!   Bir de Damla var tabii&#8230; Her g\u00f6rd\u00fc\u011f\u00fcnde ona bin soru, bin bir duygu b\u0131rakan liseli k\u0131z. A\u015fk kokusu yay\u0131l\u0131yor havaya. Ne yana d\u00f6nse o koku kaybolmuyor.    Talip\u2019in \u00f6n\u00fcnde yollar \u00e7atallan\u0131yor; hangisine girecek belirsiz&#8230;  <\/p>\n","protected":false},"excerpt":{"rendered":"<p>Hassas bir adam&#8230; \u00c7i\u00e7ek\u00e7i&#8230; Ba\u011flanam\u0131yor kimseye. Kendi kalabal\u0131\u011f\u0131ndan bile korkuyor. D\u00fc\u015f\u00fcnceleri daldan dala u\u00e7uyor, \u015fark\u0131lar e\u015fli\u011finde&#8230; Ad\u0131 Talip&#8230; D\u00fcnyas\u0131 sadece kendisinin hissetti\u011fi bir depremle alt\u00fcst oluyor&#8230;<span class=\"excerpt-hellip\"> [\u2026]<\/span><\/p>\n","protected":false},"featured_media":0,"template":"","meta":{"_monsterinsights_skip_tracking":false,"_monsterinsights_sitenote_active":false,"_monsterinsights_sitenote_note":"","_monsterinsights_sitenote_category":0},"product_brand":[],"product_cat":[12291,12711],"product_tag":[],"class_list":{"0":"post-755351","1":"product","2":"type-product","3":"status-publish","5":"product_cat-edebiyat","6":"product_cat-roman-oyku","7":"pa_cilt-ciltsiz","8":"pa_tur-kitap","9":"pa_yayinevi-dogan-kitap","10":"pa_yazar-nuriye-akman","12":"first","13":"instock","14":"sale","15":"shipping-taxable","16":"purchasable","17":"product-type-simple"},"_links":{"self":[{"href":"https:\/\/roveyayinevi.com.tr\/index.php\/wp-json\/wp\/v2\/product\/755351","targetHints":{"allow":["GET"]}}],"collection":[{"href":"https:\/\/roveyayinevi.com.tr\/index.php\/wp-json\/wp\/v2\/product"}],"about":[{"href":"https:\/\/roveyayinevi.com.tr\/index.php\/wp-json\/wp\/v2\/types\/product"}],"wp:attachment":[{"href":"https:\/\/roveyayinevi.com.tr\/index.php\/wp-json\/wp\/v2\/media?parent=755351"}],"wp:term":[{"taxonomy":"product_brand","embeddable":true,"href":"https:\/\/roveyayinevi.com.tr\/index.php\/wp-json\/wp\/v2\/product_brand?post=755351"},{"taxonomy":"product_cat","embeddable":true,"href":"https:\/\/roveyayinevi.com.tr\/index.php\/wp-json\/wp\/v2\/product_cat?post=755351"},{"taxonomy":"product_tag","embeddable":true,"href":"https:\/\/roveyayinevi.com.tr\/index.php\/wp-json\/wp\/v2\/product_tag?post=755351"}],"curies":[{"name":"wp","href":"https:\/\/api.w.org\/{rel}","templated":true}]}}