{"id":755350,"date":"2025-08-28T06:37:16","date_gmt":"2025-08-28T03:37:16","guid":{"rendered":"https:\/\/roveyayinevi.com.tr\/index.php\/urun\/turk-edebiyatinda-ekonomik-kaynakli-goc-konulu-eserler-uzerine-incelemeler\/"},"modified":"2026-04-16T03:08:27","modified_gmt":"2026-04-16T00:08:27","slug":"turk-edebiyatinda-ekonomik-kaynakli-goc-konulu-eserler-uzerine-incelemeler","status":"publish","type":"product","link":"https:\/\/roveyayinevi.com.tr\/index.php\/urun\/turk-edebiyatinda-ekonomik-kaynakli-goc-konulu-eserler-uzerine-incelemeler\/","title":{"rendered":"T\u00fcrk Edebiyat\u0131nda Ekonomik Kaynakl\u0131 G\u00f6\u00e7 Konulu Eserler \u00dczerine \u0130ncelemeler"},"content":{"rendered":"<p>G\u00f6\u00e7, t\u00fcm insanl\u0131\u011f\u0131 ilgilendiren evrensel bir olgudur. \u00c7e\u015fitli sebeplere dayal\u0131 olan g\u00f6\u00e7 konusu farkl\u0131 bilim dallar\u0131nda oldu\u011fu kadar edebi eserlerde de ele al\u0131nm\u0131\u015ft\u0131r. Destanlarda, t\u00fcrk\u00fclerde, halk hik\u00e2yelerinde oldu\u011fu gibi g\u00f6\u00e7 konusu Bat\u0131\u2019dan edebiyat\u0131m\u0131za girmi\u015f olan modern t\u00fcrlerde de sanat\u00e7\u0131lar\u0131n ilgisini \u00e7ekmi\u015ftir. Farkl\u0131 sebeplerle ya\u015fanan g\u00f6\u00e7 olgusunun temel sebeplerinden biri de ku\u015fkusuz ekonomik kaynakl\u0131 g\u00f6\u00e7lerdir. \u00dclkemizde \u00f6zellikle 1950\u2019li y\u0131llardan itibaren k\u00f6yden kente ya da yabanc\u0131 \u00fclkelere g\u00f6\u00e7\u00fcn en g\u00fc\u00e7l\u00fc motivasyonu elbette ki ekonomik sebeplerdir. Artan n\u00fcfusa paralel olarak ortaya \u00e7\u0131kan i\u015fsizlik, \u00fclke i\u00e7inde \u00e7arp\u0131k kentle\u015fmeye sebep olurken yurt d\u0131\u015f\u0131na g\u00f6\u00e7\u00fcn de farkl\u0131 sonu\u00e7lar\u0131 olmu\u015ftur. Bu kolektif \u00e7al\u0131\u015fmada ekonomik kaynakl\u0131 g\u00f6\u00e7lere de\u011finen edebi eserler \u00fczerine yaz\u0131lm\u0131\u015f on sekiz ayr\u0131 makale bulunmaktad\u0131r. Se\u00e7ilen eserler, sanat\u00e7\u0131lar\u0131n g\u00f6\u00e7 meselesine bak\u0131\u015f\u0131n\u0131 ortaya koydu\u011fu gibi T\u00fcrk edebiyat\u0131na da zengin bir kaynak olu\u015fturmaktad\u0131r. A\u011f\u0131rl\u0131kl\u0131 olarak Almanya\u2019ya g\u00f6\u00e7e temas eden eserler ile k\u00f6yden kente g\u00f6\u00e7e dikkat \u00e7eken eserler \u00fczerinde yo\u011funla\u015f\u0131lm\u0131\u015ft\u0131r. Bu tarz \u00e7al\u0131\u015fmalar\u0131n sava\u015f, s\u00fcrg\u00fcn vb. \u00e7e\u015fitli sebeplerle \u00f6zellikle Anadolu\u2019ya ger\u00e7ekle\u015fen g\u00f6\u00e7lerle ilgili de yap\u0131labilece\u011fi d\u00fc\u015f\u00fcncesindeyiz. <\/p>\n","protected":false},"excerpt":{"rendered":"<p>G\u00f6\u00e7, t\u00fcm insanl\u0131\u011f\u0131 ilgilendiren evrensel bir olgudur. \u00c7e\u015fitli sebeplere dayal\u0131 olan g\u00f6\u00e7 konusu farkl\u0131 bilim dallar\u0131nda oldu\u011fu kadar edebi eserlerde de ele al\u0131nm\u0131\u015ft\u0131r. Destanlarda, t\u00fcrk\u00fclerde, halk<span class=\"excerpt-hellip\"> [\u2026]<\/span><\/p>\n","protected":false},"featured_media":0,"template":"","meta":{"_monsterinsights_skip_tracking":false,"_monsterinsights_sitenote_active":false,"_monsterinsights_sitenote_note":"","_monsterinsights_sitenote_category":0},"product_brand":[],"product_cat":[13072,12291],"product_tag":[],"class_list":{"0":"post-755350","1":"product","2":"type-product","3":"status-publish","5":"product_cat-arastirma-inceleme-referans","6":"product_cat-edebiyat","7":"pa_cilt-ciltsiz","8":"pa_tur-kitap","9":"pa_yayinevi-soncag-akademik-kitaplar","10":"pa_yazar-kolektif","12":"first","13":"instock","14":"sale","15":"shipping-taxable","16":"purchasable","17":"product-type-simple"},"_links":{"self":[{"href":"https:\/\/roveyayinevi.com.tr\/index.php\/wp-json\/wp\/v2\/product\/755350","targetHints":{"allow":["GET"]}}],"collection":[{"href":"https:\/\/roveyayinevi.com.tr\/index.php\/wp-json\/wp\/v2\/product"}],"about":[{"href":"https:\/\/roveyayinevi.com.tr\/index.php\/wp-json\/wp\/v2\/types\/product"}],"wp:attachment":[{"href":"https:\/\/roveyayinevi.com.tr\/index.php\/wp-json\/wp\/v2\/media?parent=755350"}],"wp:term":[{"taxonomy":"product_brand","embeddable":true,"href":"https:\/\/roveyayinevi.com.tr\/index.php\/wp-json\/wp\/v2\/product_brand?post=755350"},{"taxonomy":"product_cat","embeddable":true,"href":"https:\/\/roveyayinevi.com.tr\/index.php\/wp-json\/wp\/v2\/product_cat?post=755350"},{"taxonomy":"product_tag","embeddable":true,"href":"https:\/\/roveyayinevi.com.tr\/index.php\/wp-json\/wp\/v2\/product_tag?post=755350"}],"curies":[{"name":"wp","href":"https:\/\/api.w.org\/{rel}","templated":true}]}}