{"id":755349,"date":"2025-08-28T06:37:14","date_gmt":"2025-08-28T03:37:14","guid":{"rendered":"https:\/\/roveyayinevi.com.tr\/index.php\/urun\/ben-yapragim\/"},"modified":"2026-04-16T03:08:27","modified_gmt":"2026-04-16T00:08:27","slug":"ben-yapragim","status":"publish","type":"product","link":"https:\/\/roveyayinevi.com.tr\/index.php\/urun\/ben-yapragim\/","title":{"rendered":"Ben Yapra\u011f\u0131m"},"content":{"rendered":"<p>Her g\u00fcn, farkl\u0131 ruh h\u00e2lleri, farkl\u0131 duygular ya\u015far\u0131z. Baz\u0131 g\u00fcnler her \u015fey yolunda gider ama baz\u0131 g\u00fcnler hi\u00e7 de \u00f6yle de\u011fildir.   Hepimiz d\u00f6nen ve savrulan, d\u00fc\u015fen ve u\u00e7an yapraklar gibiyiz ama hepimizin bir dala, kucakland\u0131\u011f\u0131m\u0131z ve sevildi\u011fimiz bir yere ihtiyac\u0131 var.   2021 y\u0131l\u0131nda \u0130talya\u2019n\u0131n en \u00f6nemli \u00e7ocuk ve gen\u00e7lik edebiyat\u0131 dergisi Andersen taraf\u0131ndan verilen Andersen \u00d6d\u00fcl\u00fc\u2019n\u00fc 0-6 ya\u015f grubu en iyi kitap dal\u0131nda kazanan bu kitap okurunu s\u0131ms\u0131k\u0131 kucakl\u0131yor. \u00c7ocuklar\u0131 edebiyat, resim, foto\u011fraf, tasar\u0131m gibi sanat dallar\u0131n\u0131n d\u00fcnyas\u0131nda muhte\u015fem bir yolculu\u011fa \u00e7\u0131kar\u0131yor. <\/p>\n","protected":false},"excerpt":{"rendered":"<p>Her g\u00fcn, farkl\u0131 ruh h\u00e2lleri, farkl\u0131 duygular ya\u015far\u0131z. Baz\u0131 g\u00fcnler her \u015fey yolunda gider ama baz\u0131 g\u00fcnler hi\u00e7 de \u00f6yle de\u011fildir. Hepimiz d\u00f6nen ve savrulan, d\u00fc\u015fen<span class=\"excerpt-hellip\"> [\u2026]<\/span><\/p>\n","protected":false},"featured_media":0,"template":"","meta":{"_monsterinsights_skip_tracking":false,"_monsterinsights_sitenote_active":false,"_monsterinsights_sitenote_note":"","_monsterinsights_sitenote_category":0},"product_brand":[],"product_cat":[12274,12284],"product_tag":[],"class_list":{"0":"post-755349","1":"product","2":"type-product","3":"status-publish","5":"product_cat-cocuk-ve-genclik-kitaplari","6":"product_cat-hikayeler","7":"pa_cilt-ciltsiz","8":"pa_tur-kitap","9":"pa_yayinevi-dogan-cocuk","10":"pa_yazar-angelo-mozzillo","12":"first","13":"instock","14":"sale","15":"shipping-taxable","16":"purchasable","17":"product-type-simple"},"_links":{"self":[{"href":"https:\/\/roveyayinevi.com.tr\/index.php\/wp-json\/wp\/v2\/product\/755349","targetHints":{"allow":["GET"]}}],"collection":[{"href":"https:\/\/roveyayinevi.com.tr\/index.php\/wp-json\/wp\/v2\/product"}],"about":[{"href":"https:\/\/roveyayinevi.com.tr\/index.php\/wp-json\/wp\/v2\/types\/product"}],"wp:attachment":[{"href":"https:\/\/roveyayinevi.com.tr\/index.php\/wp-json\/wp\/v2\/media?parent=755349"}],"wp:term":[{"taxonomy":"product_brand","embeddable":true,"href":"https:\/\/roveyayinevi.com.tr\/index.php\/wp-json\/wp\/v2\/product_brand?post=755349"},{"taxonomy":"product_cat","embeddable":true,"href":"https:\/\/roveyayinevi.com.tr\/index.php\/wp-json\/wp\/v2\/product_cat?post=755349"},{"taxonomy":"product_tag","embeddable":true,"href":"https:\/\/roveyayinevi.com.tr\/index.php\/wp-json\/wp\/v2\/product_tag?post=755349"}],"curies":[{"name":"wp","href":"https:\/\/api.w.org\/{rel}","templated":true}]}}