{"id":755346,"date":"2025-08-28T06:37:09","date_gmt":"2025-08-28T03:37:09","guid":{"rendered":"https:\/\/roveyayinevi.com.tr\/index.php\/urun\/felsefi-oykuler-pencere-filozofu\/"},"modified":"2026-04-16T03:08:27","modified_gmt":"2026-04-16T00:08:27","slug":"felsefi-oykuler-pencere-filozofu","status":"publish","type":"product","link":"https:\/\/roveyayinevi.com.tr\/index.php\/urun\/felsefi-oykuler-pencere-filozofu\/","title":{"rendered":"Felsefi \u00d6yk\u00fcler: Pencere Filozofu"},"content":{"rendered":"<p>Pencereden ayr\u0131l\u0131p kendi kendine konu\u015farak mutfa\u011f\u0131n kap\u0131s\u0131na gelmi\u015fti. Kap\u0131ya tuhaf tuhaf bakt\u0131. Bu bak\u0131\u015f\u0131ndan kendisi de korktu, yoksa deliriyor muydu? Konu\u015fmaya ba\u015flad\u0131: \u201cKap\u0131 ne demekti? Kap\u0131; e\u015fikti, s\u0131n\u0131rd\u0131, ba\u015fka bir yere veya bir \u015feye ge\u00e7i\u015fti. Ne oluyor bana? Niye b\u00f6yle konu\u015fuyorum? Evet buldum!\u201d G\u00fclmeye ba\u015flad\u0131 ama surat\u0131n\u0131 g\u00f6ren birisi olsayd\u0131 e\u011fer, a\u011flad\u0131\u011f\u0131n\u0131 s\u00f6ylerdi. \u201cYaln\u0131zl\u0131k delili\u011fin kap\u0131s\u0131d\u0131r\u2026\u201d   Pencere Filozofu, dokuz \u00f6yk\u00fc ile varl\u0131k felsefesinden sanat felsefesine, ahlak felsefesinden bilgi felsefesine kadar bir\u00e7ok konuyu \u00f6yk\u00fclerin i\u00e7ine s\u0131\u011fd\u0131rarak, sorgulama kavram\u0131n\u0131 somutla\u015ft\u0131r\u0131yor.<\/p>\n","protected":false},"excerpt":{"rendered":"<p>Pencereden ayr\u0131l\u0131p kendi kendine konu\u015farak mutfa\u011f\u0131n kap\u0131s\u0131na gelmi\u015fti. Kap\u0131ya tuhaf tuhaf bakt\u0131. Bu bak\u0131\u015f\u0131ndan kendisi de korktu, yoksa deliriyor muydu? Konu\u015fmaya ba\u015flad\u0131: \u201cKap\u0131 ne demekti? Kap\u0131;<span class=\"excerpt-hellip\"> [\u2026]<\/span><\/p>\n","protected":false},"featured_media":0,"template":"","meta":{"_monsterinsights_skip_tracking":false,"_monsterinsights_sitenote_active":false,"_monsterinsights_sitenote_note":"","_monsterinsights_sitenote_category":0},"product_brand":[],"product_cat":[12291,12711],"product_tag":[],"class_list":{"0":"post-755346","1":"product","2":"type-product","3":"status-publish","5":"product_cat-edebiyat","6":"product_cat-roman-oyku","7":"pa_cilt-ciltsiz","8":"pa_tur-kitap","9":"pa_yayinevi-luna-yayinlari","10":"pa_yazar-muharrem-akbas","12":"first","13":"instock","14":"sale","15":"shipping-taxable","16":"purchasable","17":"product-type-simple"},"_links":{"self":[{"href":"https:\/\/roveyayinevi.com.tr\/index.php\/wp-json\/wp\/v2\/product\/755346","targetHints":{"allow":["GET"]}}],"collection":[{"href":"https:\/\/roveyayinevi.com.tr\/index.php\/wp-json\/wp\/v2\/product"}],"about":[{"href":"https:\/\/roveyayinevi.com.tr\/index.php\/wp-json\/wp\/v2\/types\/product"}],"wp:attachment":[{"href":"https:\/\/roveyayinevi.com.tr\/index.php\/wp-json\/wp\/v2\/media?parent=755346"}],"wp:term":[{"taxonomy":"product_brand","embeddable":true,"href":"https:\/\/roveyayinevi.com.tr\/index.php\/wp-json\/wp\/v2\/product_brand?post=755346"},{"taxonomy":"product_cat","embeddable":true,"href":"https:\/\/roveyayinevi.com.tr\/index.php\/wp-json\/wp\/v2\/product_cat?post=755346"},{"taxonomy":"product_tag","embeddable":true,"href":"https:\/\/roveyayinevi.com.tr\/index.php\/wp-json\/wp\/v2\/product_tag?post=755346"}],"curies":[{"name":"wp","href":"https:\/\/api.w.org\/{rel}","templated":true}]}}